{"id":773091,"date":"2025-08-28T16:03:28","date_gmt":"2025-08-28T13:03:28","guid":{"rendered":"https:\/\/roveyayinevi.com.tr\/index.php\/urun\/gece-yarisi-fisiltilari\/"},"modified":"2026-04-15T03:39:21","modified_gmt":"2026-04-15T00:39:21","slug":"gece-yarisi-fisiltilari","status":"publish","type":"product","link":"https:\/\/roveyayinevi.com.tr\/index.php\/urun\/gece-yarisi-fisiltilari\/","title":{"rendered":"Gece Yar\u0131s\u0131 F\u0131s\u0131lt\u0131lar\u0131"},"content":{"rendered":"<p>\u201c\u0130nci sesli, incecik g\u00fcl\u00fc\u015fl\u00fc, imrenilecek kad\u0131n. Ruhuma dokunan ses tonunun hafifli\u011fi, tebess\u00fcm\u00fcme dokunan mimiklerin aras\u0131nda gelip giden akl\u0131mda kendime seni tamamlad\u0131m. Asla ger\u00e7ekle\u015fmeyecek bir konu\u015fmay\u0131 g\u00fcnlerce i\u00e7imde tekrarlad\u0131m. \u015eimdiler de sana bir kitaptan fazlas\u0131n\u0131 arma\u011fan ediyorum. Biraz nefeslenelim art\u0131k hep seninleyim.\u201d             Gecenin sessizli\u011finde yank\u0131lanan f\u0131s\u0131lt\u0131larla \u00f6r\u00fclm\u00fc\u015f bir i\u00e7 yolculuk&#8230; Haydar Sivri, duygular\u0131n zarif k\u0131y\u0131s\u0131nda duran c\u00fcmleleriyle okuyucuyu kalbinin en derin k\u00f6\u015felerine \u00e7a\u011f\u0131r\u0131yor.           &#8220;Gece Yar\u0131s\u0131 F\u0131s\u0131lt\u0131lar\u0131&#8221;, bir adam\u0131n i\u00e7inde saklad\u0131\u011f\u0131 ama kelimelere d\u00f6kemedi\u011fi duygular\u0131n zarif bir yans\u0131mas\u0131. Bu kitap, dokunulamayan\u0131 hissettirmek i\u00e7in yaz\u0131ld\u0131.   Kalbinin k\u0131y\u0131s\u0131na ili\u015f, bir f\u0131s\u0131lt\u0131ya kulak ver. <\/p>\n","protected":false},"excerpt":{"rendered":"<p>\u201c\u0130nci sesli, incecik g\u00fcl\u00fc\u015fl\u00fc, imrenilecek kad\u0131n. Ruhuma dokunan ses tonunun hafifli\u011fi, tebess\u00fcm\u00fcme dokunan mimiklerin aras\u0131nda gelip giden akl\u0131mda kendime seni tamamlad\u0131m. Asla ger\u00e7ekle\u015fmeyecek bir konu\u015fmay\u0131 g\u00fcnlerce<span class=\"excerpt-hellip\"> [\u2026]<\/span><\/p>\n","protected":false},"featured_media":0,"template":"","meta":{"_monsterinsights_skip_tracking":false,"_monsterinsights_sitenote_active":false,"_monsterinsights_sitenote_note":"","_monsterinsights_sitenote_category":0},"product_brand":[],"product_cat":[12291,12711],"product_tag":[],"class_list":{"0":"post-773091","1":"product","2":"type-product","3":"status-publish","5":"product_cat-edebiyat","6":"product_cat-roman-oyku","7":"pa_cilt-ciltsiz","8":"pa_tur-kitap","9":"pa_yayinevi-perseus","10":"pa_yazar-haydar-sivri","12":"first","13":"instock","14":"sale","15":"shipping-taxable","16":"purchasable","17":"product-type-simple"},"_links":{"self":[{"href":"https:\/\/roveyayinevi.com.tr\/index.php\/wp-json\/wp\/v2\/product\/773091","targetHints":{"allow":["GET"]}}],"collection":[{"href":"https:\/\/roveyayinevi.com.tr\/index.php\/wp-json\/wp\/v2\/product"}],"about":[{"href":"https:\/\/roveyayinevi.com.tr\/index.php\/wp-json\/wp\/v2\/types\/product"}],"wp:attachment":[{"href":"https:\/\/roveyayinevi.com.tr\/index.php\/wp-json\/wp\/v2\/media?parent=773091"}],"wp:term":[{"taxonomy":"product_brand","embeddable":true,"href":"https:\/\/roveyayinevi.com.tr\/index.php\/wp-json\/wp\/v2\/product_brand?post=773091"},{"taxonomy":"product_cat","embeddable":true,"href":"https:\/\/roveyayinevi.com.tr\/index.php\/wp-json\/wp\/v2\/product_cat?post=773091"},{"taxonomy":"product_tag","embeddable":true,"href":"https:\/\/roveyayinevi.com.tr\/index.php\/wp-json\/wp\/v2\/product_tag?post=773091"}],"curies":[{"name":"wp","href":"https:\/\/api.w.org\/{rel}","templated":true}]}}