{"id":773090,"date":"2025-08-28T16:03:26","date_gmt":"2025-08-28T13:03:26","guid":{"rendered":"https:\/\/roveyayinevi.com.tr\/index.php\/urun\/ebedi-kurekci-destani\/"},"modified":"2026-04-13T03:35:26","modified_gmt":"2026-04-13T00:35:26","slug":"ebedi-kurekci-destani","status":"publish","type":"product","link":"https:\/\/roveyayinevi.com.tr\/index.php\/urun\/ebedi-kurekci-destani\/","title":{"rendered":"Ebedi K\u00fcrek\u00e7i Destan\u0131"},"content":{"rendered":"<p>Bir g\u00fcn \u00e7ocuk, bir nehre sar\u0131lmak ister. Ve bazen, c\u0131l\u0131z a\u011fac\u0131n en ince dal\u0131 en derin k\u0131r\u0131lmay\u0131 ya\u015far. Kalbin sustu\u011fu yerde, Nehir kurur\u2026 Siyah a\u011fac\u0131n g\u00f6lgesine \u00f6l\u00fcme terk edilen, dilsiz bir \u00e7ocuk\u2026 Evrenin kurtulu\u015funu ve felaketini getirecek bir kaderle do\u011fan siyah a\u011fac\u0131n \u00e7ocu\u011fu\u2026 Da\u011fa bakan g\u00f6zleri ve da\u011f\u0131n, g\u00f6\u011fs\u00fcne b\u0131rakt\u0131\u011f\u0131 onun ad\u0131n\u0131 \u00e7a\u011f\u0131ran ses\u2026 Kan Karanfili ile filizlenen yeni ya\u015fam\u2026 Bu sadece bir \u00e7ocu\u011fun de\u011fil; Ak Kudu\u2019nun hakikatinin, Kara Tilki\u2019nin adaletinin, Ya\u015fl\u0131 Bilge\u2019nin suskun bilgeli\u011finin, Sonsuz Nehir\u2019in e\u015fsizli\u011finin ve Ebedi K\u00fcrek\u00e7i\u2019nin hik\u00e2yesidir. \u201cEbedi K\u00fcrek\u00e7i Destan\u0131\u201d g\u00f6r\u00fcnmeyen yasalar\u0131n, eski f\u0131s\u0131lt\u0131lar\u0131n ve dokunulmamas\u0131 gerekenin \u00f6yk\u00fcs\u00fcd\u00fcr. Ve sen sayfalar\u0131 \u00e7evirdik\u00e7e \u015funu fark edeceksin: Baz\u0131 \u00e7ocuklar, kaderi yenmez. Sadece i\u00e7ine y\u00fcr\u00fcr. Baz\u0131 \u015feyler, sen ne yaparsan yap, olmas\u0131 gerekti\u011fi gibi olur\u2026 <\/p>\n","protected":false},"excerpt":{"rendered":"<p>Bir g\u00fcn \u00e7ocuk, bir nehre sar\u0131lmak ister. Ve bazen, c\u0131l\u0131z a\u011fac\u0131n en ince dal\u0131 en derin k\u0131r\u0131lmay\u0131 ya\u015far. Kalbin sustu\u011fu yerde, Nehir kurur\u2026 Siyah a\u011fac\u0131n g\u00f6lgesine<span class=\"excerpt-hellip\"> [\u2026]<\/span><\/p>\n","protected":false},"featured_media":0,"template":"","meta":{"_monsterinsights_skip_tracking":false,"_monsterinsights_sitenote_active":false,"_monsterinsights_sitenote_note":"","_monsterinsights_sitenote_category":0},"product_brand":[],"product_cat":[12291,12711],"product_tag":[],"class_list":{"0":"post-773090","1":"product","2":"type-product","3":"status-publish","5":"product_cat-edebiyat","6":"product_cat-roman-oyku","7":"pa_cilt-ciltsiz","8":"pa_tur-kitap","9":"pa_yayinevi-elpis-yayinlari","10":"pa_yazar-ozan-turk","12":"first","13":"instock","14":"sale","15":"shipping-taxable","16":"purchasable","17":"product-type-simple"},"_links":{"self":[{"href":"https:\/\/roveyayinevi.com.tr\/index.php\/wp-json\/wp\/v2\/product\/773090","targetHints":{"allow":["GET"]}}],"collection":[{"href":"https:\/\/roveyayinevi.com.tr\/index.php\/wp-json\/wp\/v2\/product"}],"about":[{"href":"https:\/\/roveyayinevi.com.tr\/index.php\/wp-json\/wp\/v2\/types\/product"}],"wp:attachment":[{"href":"https:\/\/roveyayinevi.com.tr\/index.php\/wp-json\/wp\/v2\/media?parent=773090"}],"wp:term":[{"taxonomy":"product_brand","embeddable":true,"href":"https:\/\/roveyayinevi.com.tr\/index.php\/wp-json\/wp\/v2\/product_brand?post=773090"},{"taxonomy":"product_cat","embeddable":true,"href":"https:\/\/roveyayinevi.com.tr\/index.php\/wp-json\/wp\/v2\/product_cat?post=773090"},{"taxonomy":"product_tag","embeddable":true,"href":"https:\/\/roveyayinevi.com.tr\/index.php\/wp-json\/wp\/v2\/product_tag?post=773090"}],"curies":[{"name":"wp","href":"https:\/\/api.w.org\/{rel}","templated":true}]}}