{"id":773089,"date":"2025-08-28T16:03:23","date_gmt":"2025-08-28T13:03:23","guid":{"rendered":"https:\/\/roveyayinevi.com.tr\/index.php\/urun\/ayi-seklindeki-bosluk\/"},"modified":"2026-02-24T03:38:13","modified_gmt":"2026-02-24T00:38:13","slug":"ayi-seklindeki-bosluk","status":"publish","type":"product","link":"https:\/\/roveyayinevi.com.tr\/index.php\/urun\/ayi-seklindeki-bosluk\/","title":{"rendered":"Ay\u0131 \u015eeklindeki Bo\u015fluk"},"content":{"rendered":"<p>Orlo, hasta oldu\u011funu ve \u00f6lece\u011fini s\u00f6yleyince  arkada\u015f\u0131 Gerda\u2019n\u0131n kalbi k\u0131r\u0131l\u0131r. Orlo olmadan nas\u0131l ya\u015fayabilir ki?   Ama kocaman bir ay\u0131 sar\u0131lmas\u0131 ve birlikte yaratt\u0131klar\u0131 yeni an\u0131lar sayesinde Gerda ihtiyac\u0131 olan g\u00fcc\u00fc bulur. Arkada\u015f\u0131n\u0131n gidi\u015fiyle hayat\u0131nda a\u00e7\u0131lacak bo\u015flu\u011fu onun sevgisi ve hat\u0131ras\u0131yla dolduracakt\u0131r.   Tav\u015fan \u015eeklindeki Bo\u015fluk\u2019un \u00f6d\u00fcll\u00fc yarat\u0131c\u0131lar\u0131ndan, ka\u00e7\u0131n\u0131lmaz kay\u0131plara haz\u0131rlanmak \u00fczerine dokunakl\u0131, duygusal ve etkileyici bir resimli kitap. <\/p>\n","protected":false},"excerpt":{"rendered":"<p>Orlo, hasta oldu\u011funu ve \u00f6lece\u011fini s\u00f6yleyince arkada\u015f\u0131 Gerda\u2019n\u0131n kalbi k\u0131r\u0131l\u0131r. Orlo olmadan nas\u0131l ya\u015fayabilir ki? Ama kocaman bir ay\u0131 sar\u0131lmas\u0131 ve birlikte yaratt\u0131klar\u0131 yeni an\u0131lar sayesinde<span class=\"excerpt-hellip\"> [\u2026]<\/span><\/p>\n","protected":false},"featured_media":0,"template":"","meta":{"_monsterinsights_skip_tracking":false,"_monsterinsights_sitenote_active":false,"_monsterinsights_sitenote_note":"","_monsterinsights_sitenote_category":0},"product_brand":[],"product_cat":[12274,12284],"product_tag":[],"class_list":{"0":"post-773089","1":"product","2":"type-product","3":"status-publish","5":"product_cat-cocuk-ve-genclik-kitaplari","6":"product_cat-hikayeler","7":"pa_cilt-ciltsiz","8":"pa_tur-kitap","9":"pa_yayinevi-buyulu-fener-yayinlari","10":"pa_yazar-john-dougherty-thomas-docherty","12":"first","13":"instock","14":"sale","15":"shipping-taxable","16":"purchasable","17":"product-type-simple"},"_links":{"self":[{"href":"https:\/\/roveyayinevi.com.tr\/index.php\/wp-json\/wp\/v2\/product\/773089","targetHints":{"allow":["GET"]}}],"collection":[{"href":"https:\/\/roveyayinevi.com.tr\/index.php\/wp-json\/wp\/v2\/product"}],"about":[{"href":"https:\/\/roveyayinevi.com.tr\/index.php\/wp-json\/wp\/v2\/types\/product"}],"wp:attachment":[{"href":"https:\/\/roveyayinevi.com.tr\/index.php\/wp-json\/wp\/v2\/media?parent=773089"}],"wp:term":[{"taxonomy":"product_brand","embeddable":true,"href":"https:\/\/roveyayinevi.com.tr\/index.php\/wp-json\/wp\/v2\/product_brand?post=773089"},{"taxonomy":"product_cat","embeddable":true,"href":"https:\/\/roveyayinevi.com.tr\/index.php\/wp-json\/wp\/v2\/product_cat?post=773089"},{"taxonomy":"product_tag","embeddable":true,"href":"https:\/\/roveyayinevi.com.tr\/index.php\/wp-json\/wp\/v2\/product_tag?post=773089"}],"curies":[{"name":"wp","href":"https:\/\/api.w.org\/{rel}","templated":true}]}}