{"id":773087,"date":"2025-08-28T16:03:19","date_gmt":"2025-08-28T13:03:19","guid":{"rendered":"https:\/\/roveyayinevi.com.tr\/index.php\/urun\/aydinligin-karanlikta-hissettigi-gercekler\/"},"modified":"2026-04-15T03:39:21","modified_gmt":"2026-04-15T00:39:21","slug":"aydinligin-karanlikta-hissettigi-gercekler","status":"publish","type":"product","link":"https:\/\/roveyayinevi.com.tr\/index.php\/urun\/aydinligin-karanlikta-hissettigi-gercekler\/","title":{"rendered":"Ayd\u0131nl\u0131\u011f\u0131n Karanl\u0131kta Hissetti\u011fi Ger\u00e7ekler"},"content":{"rendered":"<p>Ne karanl\u0131ktan bu kadar korkmal\u0131 insan, ne de kendini ayd\u0131nl\u0131\u011f\u0131n \u0131\u015f\u0131\u011f\u0131na bu kadar kapt\u0131rmal\u0131\u2026 G\u00f6rd\u00fc\u011f\u00fcm\u00fcz her \u015feyi ger\u00e7ek san\u0131r\u0131z bu hayatta. \u0130nand\u0131klar\u0131m\u0131zla, kendi ger\u00e7ekliklerimizi olu\u015ftururuz. Bir kitap d\u00fc\u015f\u00fcn\u00fcn akl\u0131n\u0131zdakileri okuyabilen. Ya\u015fad\u0131klar\u0131n\u0131z\u0131 teraziden ge\u00e7irip, g\u00f6zlemlemenize yard\u0131mc\u0131 olan. \u00d6yle sat\u0131rlarla kar\u015f\u0131la\u015facaks\u0131n\u0131z ki kendinizdeki eksik par\u00e7alar\u0131n nedenlerini sorgulayabildi\u011finiz. Bir \u0131\u015f\u0131k misali akl\u0131n\u0131z\u0131 ayd\u0131nlatan sat\u0131rlarda kendinizden, hissettiklerinizden bir par\u00e7a bulabildi\u011finiz. Okudu\u011funuz her b\u00f6l\u00fcmde o eksik d\u00fc\u015f\u00fcnd\u00fc\u011f\u00fcn\u00fcz yanlar\u0131n\u0131z\u0131n asl\u0131nda sizleri tamamlayan s\u00fcre\u00e7lerden oldu\u011funu ke\u015ffetti\u011finiz. \u00c7evrenizde olup bitenlerin sizleri ne denli etkilediklerini. Ufac\u0131k gibi g\u00f6z\u00fcken anlar\u0131n. Hayat\u0131n\u0131zda hi\u00e7 \u00f6nemli olmayacak insanlar\u0131n. O anda. O k\u0131sac\u0131k anda sizleri nas\u0131l etkilediklerine tan\u0131k olacaks\u0131n\u0131z. Okudu\u011funuz her sat\u0131rda ayd\u0131nlanacak. Her sat\u0131rdaki derinlerde saklanan o karanl\u0131\u011fa \u015fahit olacaks\u0131n\u0131z. Kendinize d\u00fcr\u00fcst olman\u0131n her \u015feyden \u00f6nce gelmesi gerekti\u011fini. Yaln\u0131z kalman\u0131n sizi kendinizi kendinize bulman\u0131za yard\u0131mc\u0131 olaca\u011f\u0131n\u0131. Duygular\u0131n\u0131z\u0131n sizleri kukla misali oradan oraya oynatabilece\u011fini. Ger\u00e7ek sand\u0131klar\u0131n\u0131z\u0131n as\u0131l ama\u00e7lar\u0131 ile kar\u015f\u0131la\u015facak. Yak\u0131n sand\u0131klar\u0131n\u0131z\u0131n hi\u00e7 tahmin edemeyece\u011finiz y\u00fczleriyle kar\u015f\u0131 kar\u015f\u0131ya kalacaks\u0131n\u0131z. Y\u00fczle\u015fmeye \u00e7al\u0131\u015ft\u0131\u011f\u0131n her y\u00fck ne kadar ka\u00e7mak istesen de burnunun dibinde bitecek. Korktu\u011fun her an sana kendini her saniyende hissettirecektir. <\/p>\n","protected":false},"excerpt":{"rendered":"<p>Ne karanl\u0131ktan bu kadar korkmal\u0131 insan, ne de kendini ayd\u0131nl\u0131\u011f\u0131n \u0131\u015f\u0131\u011f\u0131na bu kadar kapt\u0131rmal\u0131\u2026 G\u00f6rd\u00fc\u011f\u00fcm\u00fcz her \u015feyi ger\u00e7ek san\u0131r\u0131z bu hayatta. \u0130nand\u0131klar\u0131m\u0131zla, kendi ger\u00e7ekliklerimizi olu\u015ftururuz. Bir<span class=\"excerpt-hellip\"> [\u2026]<\/span><\/p>\n","protected":false},"featured_media":0,"template":"","meta":{"_monsterinsights_skip_tracking":false,"_monsterinsights_sitenote_active":false,"_monsterinsights_sitenote_note":"","_monsterinsights_sitenote_category":0},"product_brand":[],"product_cat":[12364,12376],"product_tag":[],"class_list":{"0":"post-773087","1":"product","2":"type-product","3":"status-publish","5":"product_cat-genel-konular","6":"product_cat-kisisel-gelisim","7":"pa_cilt-ciltsiz","8":"pa_tur-kitap","9":"pa_yayinevi-elpis-yayinlari","10":"pa_yazar-anastasia-akbulut","12":"first","13":"instock","14":"sale","15":"shipping-taxable","16":"purchasable","17":"product-type-simple"},"_links":{"self":[{"href":"https:\/\/roveyayinevi.com.tr\/index.php\/wp-json\/wp\/v2\/product\/773087","targetHints":{"allow":["GET"]}}],"collection":[{"href":"https:\/\/roveyayinevi.com.tr\/index.php\/wp-json\/wp\/v2\/product"}],"about":[{"href":"https:\/\/roveyayinevi.com.tr\/index.php\/wp-json\/wp\/v2\/types\/product"}],"wp:attachment":[{"href":"https:\/\/roveyayinevi.com.tr\/index.php\/wp-json\/wp\/v2\/media?parent=773087"}],"wp:term":[{"taxonomy":"product_brand","embeddable":true,"href":"https:\/\/roveyayinevi.com.tr\/index.php\/wp-json\/wp\/v2\/product_brand?post=773087"},{"taxonomy":"product_cat","embeddable":true,"href":"https:\/\/roveyayinevi.com.tr\/index.php\/wp-json\/wp\/v2\/product_cat?post=773087"},{"taxonomy":"product_tag","embeddable":true,"href":"https:\/\/roveyayinevi.com.tr\/index.php\/wp-json\/wp\/v2\/product_tag?post=773087"}],"curies":[{"name":"wp","href":"https:\/\/api.w.org\/{rel}","templated":true}]}}