{"id":773086,"date":"2025-08-28T16:03:17","date_gmt":"2025-08-28T13:03:17","guid":{"rendered":"https:\/\/roveyayinevi.com.tr\/index.php\/urun\/zaman-polisi-4-zamani-geldi\/"},"modified":"2026-04-15T03:39:21","modified_gmt":"2026-04-15T00:39:21","slug":"zaman-polisi-4-zamani-geldi","status":"publish","type":"product","link":"https:\/\/roveyayinevi.com.tr\/index.php\/urun\/zaman-polisi-4-zamani-geldi\/","title":{"rendered":"Zaman Polisi 4: Zaman\u0131 Geldi"},"content":{"rendered":"<p>Milyonlarca kopya satan ST. MARY&#8217;S G\u00dcNL\u00dcKLER\u0130 serisinin yazar\u0131 Jodi Taylor&#8217;dan.   &#8220;Jodi Taylor, basit\u00e7e s\u00f6ylemek gerekirse, Zaman\u0131n Krali\u00e7esi.&#8221; \u2014 C. K. MCDONNELL   Sab\u0131r, Zaman Polisi\u2019nin erdemlerinden biri de\u011fildir. Ve Komutan Hay hayat\u0131n\u0131n en uzun g\u00fcn\u00fcyle kar\u015f\u0131 kar\u015f\u0131ya&#8230; Akropolis\u2019i koruma ve Paris Zaman Durdurma olay\u0131n\u0131 engelleme konusundaki kahramanca \u00e7abalar\u0131n\u0131n ard\u0131ndan, Zaman Polisi g\u00f6zden d\u00fc\u015fm\u00fc\u015f bir ekipten kahramana d\u00f6n\u00fc\u015ft\u00fc. Ancak, sahte tarihi eserler satan k\u00fc\u00e7\u00fck bir su\u00e7luyu yakalamaya y\u00f6nelik s\u0131radan bir g\u00f6rev, herkesin ba\u015f\u0131na b\u00fcy\u00fck bela a\u00e7t\u0131. Bir memur, Zaman Polisi Karargah\u0131\u2019nda sald\u0131r\u0131ya u\u011frar. Bir mahk\u00fbm \u00f6ld\u00fcr\u00fcl\u00fcr. Ve soru\u015fturmalar, hi\u00e7bir memurun yasal olarak ilerleyemeyece\u011fi bir yere do\u011fru ilerlemektedir. Ama en k\u00f6t\u00fcs\u00fc, Luke, Jane ve Matthew i\u00e7in i\u015fler sarpa sarmaktad\u0131r. \u015eok edici bir ger\u00e7ek, Tuhaf Ekip\u2019i sonsuza dek par\u00e7alama tehdidiyle kar\u015f\u0131 kar\u015f\u0131ya b\u0131rak\u0131r. DOCTOR WHO, THE THURSDAY MURDER CLUB ve JASPER FFORDE hayranlar\u0131 i\u00e7in. <\/p>\n","protected":false},"excerpt":{"rendered":"<p>Milyonlarca kopya satan ST. MARY&#8217;S G\u00dcNL\u00dcKLER\u0130 serisinin yazar\u0131 Jodi Taylor&#8217;dan. &#8220;Jodi Taylor, basit\u00e7e s\u00f6ylemek gerekirse, Zaman\u0131n Krali\u00e7esi.&#8221; \u2014 C. K. MCDONNELL Sab\u0131r, Zaman Polisi\u2019nin erdemlerinden biri<span class=\"excerpt-hellip\"> [\u2026]<\/span><\/p>\n","protected":false},"featured_media":0,"template":"","meta":{"_monsterinsights_skip_tracking":false,"_monsterinsights_sitenote_active":false,"_monsterinsights_sitenote_note":"","_monsterinsights_sitenote_category":0},"product_brand":[],"product_cat":[12540,12291],"product_tag":[],"class_list":{"0":"post-773086","1":"product","2":"type-product","3":"status-publish","5":"product_cat-bilim-kurgu","6":"product_cat-edebiyat","7":"pa_cilt-ciltsiz","8":"pa_tur-kitap","9":"pa_yayinevi-theseus-yayinevi","10":"pa_yazar-jodi-taylor","12":"first","13":"instock","14":"sale","15":"shipping-taxable","16":"purchasable","17":"product-type-simple"},"_links":{"self":[{"href":"https:\/\/roveyayinevi.com.tr\/index.php\/wp-json\/wp\/v2\/product\/773086","targetHints":{"allow":["GET"]}}],"collection":[{"href":"https:\/\/roveyayinevi.com.tr\/index.php\/wp-json\/wp\/v2\/product"}],"about":[{"href":"https:\/\/roveyayinevi.com.tr\/index.php\/wp-json\/wp\/v2\/types\/product"}],"wp:attachment":[{"href":"https:\/\/roveyayinevi.com.tr\/index.php\/wp-json\/wp\/v2\/media?parent=773086"}],"wp:term":[{"taxonomy":"product_brand","embeddable":true,"href":"https:\/\/roveyayinevi.com.tr\/index.php\/wp-json\/wp\/v2\/product_brand?post=773086"},{"taxonomy":"product_cat","embeddable":true,"href":"https:\/\/roveyayinevi.com.tr\/index.php\/wp-json\/wp\/v2\/product_cat?post=773086"},{"taxonomy":"product_tag","embeddable":true,"href":"https:\/\/roveyayinevi.com.tr\/index.php\/wp-json\/wp\/v2\/product_tag?post=773086"}],"curies":[{"name":"wp","href":"https:\/\/api.w.org\/{rel}","templated":true}]}}