{"id":773084,"date":"2025-08-28T16:03:12","date_gmt":"2025-08-28T13:03:12","guid":{"rendered":"https:\/\/roveyayinevi.com.tr\/index.php\/urun\/yeni-dunya-18\/"},"modified":"2026-04-15T03:39:21","modified_gmt":"2026-04-15T00:39:21","slug":"yeni-dunya-18","status":"publish","type":"product","link":"https:\/\/roveyayinevi.com.tr\/index.php\/urun\/yeni-dunya-18\/","title":{"rendered":"Yeni D\u00fcnya"},"content":{"rendered":"<p>D\u00fcnya ya\u015fanmaz h\u00e2le geldi\u011finde, insanl\u0131k \u00e7areyi g\u00f6ky\u00fcz\u00fcne ka\u00e7makta buldu. Ba\u015fkent\u2019in y\u00f6netti\u011fi uzay kolonilerinde ya\u015fam d\u00fczenliydi; ama \u00f6zg\u00fcrl\u00fck, sadece bir yan\u0131lsamayd\u0131. Her \u015fey izleniyor, herkes sisteme sorgusuz sualsiz boyun e\u011fmek zorundayd\u0131.   Fakat hi\u00e7bir sistem sonsuza dek s\u00fcrmezdi.   Bir g\u00fcn, Ba\u015fkent her b\u00f6l\u00fckten iki ki\u015fiyi D\u00fcnya\u2019ya g\u00f6nderece\u011fini duyurdu. Herkes biliyordu: Oraya gidenler, bir daha geri d\u00f6nemezdi.   G\u00fcne\u015f, ge\u00e7mi\u015finin izlerini takip ederek kendi kaderini yazmak zorundayd\u0131.   Sim\u00fclasyonu ge\u00e7erse, D\u00fcnya\u2019ya inip hayatta kalmak i\u00e7in sava\u015facakt\u0131.   Ama onu bekleyen yaln\u0131zca \u00f6l\u00fcm m\u00fcyd\u00fc?   Yoksa \u00e7oktan unuttu\u011fu bir ger\u00e7e\u011fi mi hat\u0131rlayacakt\u0131?   Ger\u00e7ek kimli\u011fimizi, kayboldu\u011fumuzda ke\u015ffederiz.   Yeni bir d\u00fcnya ba\u015fl\u0131yor.<\/p>\n","protected":false},"excerpt":{"rendered":"<p>D\u00fcnya ya\u015fanmaz h\u00e2le geldi\u011finde, insanl\u0131k \u00e7areyi g\u00f6ky\u00fcz\u00fcne ka\u00e7makta buldu. Ba\u015fkent\u2019in y\u00f6netti\u011fi uzay kolonilerinde ya\u015fam d\u00fczenliydi; ama \u00f6zg\u00fcrl\u00fck, sadece bir yan\u0131lsamayd\u0131. Her \u015fey izleniyor, herkes sisteme sorgusuz<span class=\"excerpt-hellip\"> [\u2026]<\/span><\/p>\n","protected":false},"featured_media":0,"template":"","meta":{"_monsterinsights_skip_tracking":false,"_monsterinsights_sitenote_active":false,"_monsterinsights_sitenote_note":"","_monsterinsights_sitenote_category":0},"product_brand":[],"product_cat":[12540,12291],"product_tag":[],"class_list":{"0":"post-773084","1":"product","2":"type-product","3":"status-publish","5":"product_cat-bilim-kurgu","6":"product_cat-edebiyat","7":"pa_cilt-ciltsiz","8":"pa_tur-kitap","9":"pa_yayinevi-elpis-yayinlari","10":"pa_yazar-buse-icke","12":"first","13":"instock","14":"sale","15":"shipping-taxable","16":"purchasable","17":"product-type-simple"},"_links":{"self":[{"href":"https:\/\/roveyayinevi.com.tr\/index.php\/wp-json\/wp\/v2\/product\/773084","targetHints":{"allow":["GET"]}}],"collection":[{"href":"https:\/\/roveyayinevi.com.tr\/index.php\/wp-json\/wp\/v2\/product"}],"about":[{"href":"https:\/\/roveyayinevi.com.tr\/index.php\/wp-json\/wp\/v2\/types\/product"}],"wp:attachment":[{"href":"https:\/\/roveyayinevi.com.tr\/index.php\/wp-json\/wp\/v2\/media?parent=773084"}],"wp:term":[{"taxonomy":"product_brand","embeddable":true,"href":"https:\/\/roveyayinevi.com.tr\/index.php\/wp-json\/wp\/v2\/product_brand?post=773084"},{"taxonomy":"product_cat","embeddable":true,"href":"https:\/\/roveyayinevi.com.tr\/index.php\/wp-json\/wp\/v2\/product_cat?post=773084"},{"taxonomy":"product_tag","embeddable":true,"href":"https:\/\/roveyayinevi.com.tr\/index.php\/wp-json\/wp\/v2\/product_tag?post=773084"}],"curies":[{"name":"wp","href":"https:\/\/api.w.org\/{rel}","templated":true}]}}