{"id":773082,"date":"2025-08-28T16:03:08","date_gmt":"2025-08-28T13:03:08","guid":{"rendered":"https:\/\/roveyayinevi.com.tr\/index.php\/urun\/nasil-yatirim-yapilir\/"},"modified":"2026-04-15T03:39:21","modified_gmt":"2026-04-15T00:39:21","slug":"nasil-yatirim-yapilir","status":"publish","type":"product","link":"https:\/\/roveyayinevi.com.tr\/index.php\/urun\/nasil-yatirim-yapilir\/","title":{"rendered":"Nas\u0131l Yat\u0131r\u0131m Yap\u0131l\u0131r?"},"content":{"rendered":"<p>\u201cArt\u0131k hepimiz yat\u0131r\u0131mc\u0131y\u0131z.\u201d   21. y\u00fczy\u0131l\u0131n ilk \u00e7eyre\u011finde, teknoloji, para politikalar\u0131 ve b\u00fcy\u00fck \u015firketlerin y\u00f6netiminde d\u00fcnya \u00e7ap\u0131nda ki\u015fisel tasarruf ve yat\u0131r\u0131mlar\u0131 d\u00f6n\u00fc\u015ft\u00fcren geli\u015fmeler ya\u015fand\u0131.   Bu geli\u015fmeler, sadece paran\u0131n do\u011fas\u0131n\u0131 de\u011fil, ayn\u0131 zamanda ister emekli maa\u015flar\u0131m\u0131z\u0131 korumak ister ki\u015fisel yat\u0131r\u0131m platformlar\u0131n\u0131 denemek ya da sadece piyasalar\u0131n ger\u00e7ekten nas\u0131l \u00e7al\u0131\u015ft\u0131\u011f\u0131n\u0131 anlamak isteyelim, yat\u0131r\u0131m yapman\u0131n ne anlama geldi\u011fine dair anlay\u0131\u015f\u0131m\u0131z\u0131 da de\u011fi\u015ftirdi.   \u0130\u015fte bu noktada, Nas\u0131l Yat\u0131r\u0131m Yap\u0131l\u0131r?, yat\u0131r\u0131mc\u0131lar\u0131n bu yeni d\u00fcnyada yollar\u0131n\u0131 bulmalar\u0131na yard\u0131mc\u0131 olmay\u0131 ama\u00e7l\u0131yor. Nas\u0131l yat\u0131r\u0131m kararlar\u0131 alabileceklerine ve paralar\u0131ndan en iyi \u015fekilde yararlanmalar\u0131n\u0131 sa\u011flayacak hangi ad\u0131mlar\u0131 atabileceklerine \u0131\u015f\u0131k tutarken ilkelere dayal\u0131, basit yakla\u015f\u0131mlar sunuyor. <\/p>\n","protected":false},"excerpt":{"rendered":"<p>\u201cArt\u0131k hepimiz yat\u0131r\u0131mc\u0131y\u0131z.\u201d 21. y\u00fczy\u0131l\u0131n ilk \u00e7eyre\u011finde, teknoloji, para politikalar\u0131 ve b\u00fcy\u00fck \u015firketlerin y\u00f6netiminde d\u00fcnya \u00e7ap\u0131nda ki\u015fisel tasarruf ve yat\u0131r\u0131mlar\u0131 d\u00f6n\u00fc\u015ft\u00fcren geli\u015fmeler ya\u015fand\u0131. Bu geli\u015fmeler, sadece<span class=\"excerpt-hellip\"> [\u2026]<\/span><\/p>\n","protected":false},"featured_media":0,"template":"","meta":{"_monsterinsights_skip_tracking":false,"_monsterinsights_sitenote_active":false,"_monsterinsights_sitenote_note":"","_monsterinsights_sitenote_category":0},"product_brand":[],"product_cat":[13043],"product_tag":[],"class_list":{"0":"post-773082","1":"product","2":"type-product","3":"status-publish","5":"product_cat-ekonomi","6":"pa_cilt-ciltsiz","7":"pa_tur-kitap","8":"pa_yayinevi-barometre","9":"pa_yazar-peter-stanyer-stephen-satchell-masood-javaid","11":"first","12":"instock","13":"sale","14":"shipping-taxable","15":"purchasable","16":"product-type-simple"},"_links":{"self":[{"href":"https:\/\/roveyayinevi.com.tr\/index.php\/wp-json\/wp\/v2\/product\/773082","targetHints":{"allow":["GET"]}}],"collection":[{"href":"https:\/\/roveyayinevi.com.tr\/index.php\/wp-json\/wp\/v2\/product"}],"about":[{"href":"https:\/\/roveyayinevi.com.tr\/index.php\/wp-json\/wp\/v2\/types\/product"}],"wp:attachment":[{"href":"https:\/\/roveyayinevi.com.tr\/index.php\/wp-json\/wp\/v2\/media?parent=773082"}],"wp:term":[{"taxonomy":"product_brand","embeddable":true,"href":"https:\/\/roveyayinevi.com.tr\/index.php\/wp-json\/wp\/v2\/product_brand?post=773082"},{"taxonomy":"product_cat","embeddable":true,"href":"https:\/\/roveyayinevi.com.tr\/index.php\/wp-json\/wp\/v2\/product_cat?post=773082"},{"taxonomy":"product_tag","embeddable":true,"href":"https:\/\/roveyayinevi.com.tr\/index.php\/wp-json\/wp\/v2\/product_tag?post=773082"}],"curies":[{"name":"wp","href":"https:\/\/api.w.org\/{rel}","templated":true}]}}