{"id":773081,"date":"2025-08-28T16:03:07","date_gmt":"2025-08-28T13:03:07","guid":{"rendered":"https:\/\/roveyayinevi.com.tr\/index.php\/urun\/aliya-izzzetbegovicin-dusunce-dunyasi\/"},"modified":"2026-04-15T03:39:21","modified_gmt":"2026-04-15T00:39:21","slug":"aliya-izzzetbegovicin-dusunce-dunyasi","status":"publish","type":"product","link":"https:\/\/roveyayinevi.com.tr\/index.php\/urun\/aliya-izzzetbegovicin-dusunce-dunyasi\/","title":{"rendered":"Aliya \u0130zzzetbegovi\u00e7\u2019in D\u00fc\u015f\u00fcnce D\u00fcnyas\u0131"},"content":{"rendered":"<p>2025 y\u0131l\u0131 d\u00fc\u015f\u00fcn\u00fcr-devlet adam\u0131 Aliya \u0130zzetbegovi\u00e7\u2019in do\u011fumunun y\u00fcz\u00fcnc\u00fc y\u0131l\u0131d\u0131r. Bu kitap \u0130zzetbegovi\u00e7\u2019in d\u00fc\u015f\u00fcnce d\u00fcnyas\u0131n\u0131n derinli\u011fini ve boyutlar\u0131n\u0131 ba\u015farabildi\u011fi \u00f6l\u00e7\u00fcde g\u00f6sterebilmek ad\u0131na haz\u0131rlanm\u0131\u015ft\u0131r. 18-19 ya\u015flar\u0131nda Avrupa felsefesinin b\u00fct\u00fcn temel metinlerini okuyan \u0130zzetbegovi\u00e7, entelekt\u00fcel-d\u00fc\u015f\u00fcn\u00fcr kimli\u011fi ile \u00f6nemli eserler kaleme alm\u0131\u015ft\u0131r. Kitapta ba\u015fta adalet, e\u011fitim, insan haklar\u0131, insan onuru, demokrasi, k\u00fclt\u00fcr, \u00f6zg\u00fcrl\u00fck ve uygarl\u0131k gibi g\u00fcn\u00fcm\u00fczde de g\u00fcncelli\u011fini koruyan konular ve kavramlar tart\u0131\u015f\u0131lmaktad\u0131r. <\/p>\n","protected":false},"excerpt":{"rendered":"<p>2025 y\u0131l\u0131 d\u00fc\u015f\u00fcn\u00fcr-devlet adam\u0131 Aliya \u0130zzetbegovi\u00e7\u2019in do\u011fumunun y\u00fcz\u00fcnc\u00fc y\u0131l\u0131d\u0131r. Bu kitap \u0130zzetbegovi\u00e7\u2019in d\u00fc\u015f\u00fcnce d\u00fcnyas\u0131n\u0131n derinli\u011fini ve boyutlar\u0131n\u0131 ba\u015farabildi\u011fi \u00f6l\u00e7\u00fcde g\u00f6sterebilmek ad\u0131na haz\u0131rlanm\u0131\u015ft\u0131r. 18-19 ya\u015flar\u0131nda Avrupa felsefesinin<span class=\"excerpt-hellip\"> [\u2026]<\/span><\/p>\n","protected":false},"featured_media":0,"template":"","meta":{"_monsterinsights_skip_tracking":false,"_monsterinsights_sitenote_active":false,"_monsterinsights_sitenote_note":"","_monsterinsights_sitenote_category":0},"product_brand":[],"product_cat":[13590,12337],"product_tag":[],"class_list":{"0":"post-773081","1":"product","2":"type-product","3":"status-publish","5":"product_cat-arastirma-inceleme-politika-siyaset","6":"product_cat-politika-siyaset","7":"pa_cilt-ciltsiz","8":"pa_tur-kitap","9":"pa_yayinevi-ankara-universitesi-yayinevi","10":"pa_yazar-h-haluk-erdem","12":"first","13":"instock","14":"sale","15":"shipping-taxable","16":"purchasable","17":"product-type-simple"},"_links":{"self":[{"href":"https:\/\/roveyayinevi.com.tr\/index.php\/wp-json\/wp\/v2\/product\/773081","targetHints":{"allow":["GET"]}}],"collection":[{"href":"https:\/\/roveyayinevi.com.tr\/index.php\/wp-json\/wp\/v2\/product"}],"about":[{"href":"https:\/\/roveyayinevi.com.tr\/index.php\/wp-json\/wp\/v2\/types\/product"}],"wp:attachment":[{"href":"https:\/\/roveyayinevi.com.tr\/index.php\/wp-json\/wp\/v2\/media?parent=773081"}],"wp:term":[{"taxonomy":"product_brand","embeddable":true,"href":"https:\/\/roveyayinevi.com.tr\/index.php\/wp-json\/wp\/v2\/product_brand?post=773081"},{"taxonomy":"product_cat","embeddable":true,"href":"https:\/\/roveyayinevi.com.tr\/index.php\/wp-json\/wp\/v2\/product_cat?post=773081"},{"taxonomy":"product_tag","embeddable":true,"href":"https:\/\/roveyayinevi.com.tr\/index.php\/wp-json\/wp\/v2\/product_tag?post=773081"}],"curies":[{"name":"wp","href":"https:\/\/api.w.org\/{rel}","templated":true}]}}