{"id":773078,"date":"2025-08-28T16:03:02","date_gmt":"2025-08-28T13:03:02","guid":{"rendered":"https:\/\/roveyayinevi.com.tr\/index.php\/urun\/altaylar-on-turk-tarihi-ve-sanatini-taniyalim\/"},"modified":"2026-04-15T03:39:21","modified_gmt":"2026-04-15T00:39:21","slug":"altaylar-on-turk-tarihi-ve-sanatini-taniyalim","status":"publish","type":"product","link":"https:\/\/roveyayinevi.com.tr\/index.php\/urun\/altaylar-on-turk-tarihi-ve-sanatini-taniyalim\/","title":{"rendered":"Altaylar: \u00d6n T\u00fcrk Tarihi ve Sanat\u0131n\u0131 Tan\u0131yal\u0131m"},"content":{"rendered":"<p>Bu kitap, Ara\u015ft\u0131rmac\u0131 Yazar Metin Cans\u0131z taraf\u0131ndan haz\u0131rlanan \u201cD\u00dcNYA K\u00dcLT\u00dcR OLU\u015eUMUNA ETK\u0130LER\u0130YLE \u00d6N T\u00dcRK TAR\u0130H\u0130 \u0130LE SANATINI TANIYALIM\u201d adl\u0131 9 ciltlik kitap dizisinin 2. kitab\u0131d\u0131r. Altay B\u00f6lgesi\u2019nde, Baykal G\u00f6l\u00fc\u2019n\u00fcn Angara Nehri k\u0131y\u0131s\u0131ndaki, Mal\u2019ta yerle\u015fimindeki insan kal\u0131nt\u0131lar\u0131n\u0131n, modern insan\u0131n Sibirya\u2019daki en eski kal\u0131nt\u0131lar\u0131 oldu\u011fu belirlenmi\u015ftir. 24.000 y\u0131l \u00f6nceye tarihlenen bu kal\u0131nt\u0131lar, 3-4 ya\u015f\u0131nda bir \u00e7ocuk ve 1 ya\u015f\u0131nda bir bebe\u011fe aittir. Bu \u00e7ocuk ve bebek s\u00fcs e\u015fyalar\u0131yla g\u00f6m\u00fclm\u00fc\u015ft\u00fcr. Buluntulara bilimsel ve genetik testler ayr\u0131nt\u0131l\u0131 olarak yap\u0131lm\u0131\u015ft\u0131r. Bu testlere g\u00f6re; Bat\u0131 Sibirya\u2019da bug\u00fcn ya\u015fayan insanlar\u0131n baba soyunun %57 oran\u0131nda bu \u00e7ocu\u011fun genleriyle \u00f6rt\u00fc\u015ft\u00fc\u011f\u00fc anla\u015f\u0131lm\u0131\u015ft\u0131r.  Bunlar\u0131n d\u0131\u015f\u0131nda, 19.000 y\u0131l \u00f6nceye tarihlenen bir kad\u0131na ait kafatas\u0131, 18.000 y\u0131l \u00f6nceye tarihlenen kemik par\u00e7alar\u0131 bulunmu\u015ftur. Arkeogenetik y\u00f6n\u00fcyle \u00e7ok zengin olan bu b\u00f6lgede yap\u0131lan mezar kaz\u0131lar\u0131nda pek \u00e7ok yeni bulgulara ula\u015f\u0131lacakt\u0131r. Bu kitapta Altaylar\u2019da \u015fimdiye kadar yap\u0131lan bilimsel \u00e7al\u0131\u015fmalar\u0131n sonu\u00e7lar\u0131 de\u011ferlendirilmi\u015ftir. <\/p>\n","protected":false},"excerpt":{"rendered":"<p>Bu kitap, Ara\u015ft\u0131rmac\u0131 Yazar Metin Cans\u0131z taraf\u0131ndan haz\u0131rlanan \u201cD\u00dcNYA K\u00dcLT\u00dcR OLU\u015eUMUNA ETK\u0130LER\u0130YLE \u00d6N T\u00dcRK TAR\u0130H\u0130 \u0130LE SANATINI TANIYALIM\u201d adl\u0131 9 ciltlik kitap dizisinin 2. kitab\u0131d\u0131r. Altay<span class=\"excerpt-hellip\"> [\u2026]<\/span><\/p>\n","protected":false},"featured_media":0,"template":"","meta":{"_monsterinsights_skip_tracking":false,"_monsterinsights_sitenote_active":false,"_monsterinsights_sitenote_note":"","_monsterinsights_sitenote_category":0},"product_brand":[],"product_cat":[52477,52478],"product_tag":[],"class_list":{"0":"post-773078","1":"product","2":"type-product","3":"status-publish","5":"product_cat-arastirma","6":"product_cat-arkeoloji","7":"pa_cilt-ciltsiz","8":"pa_tur-kitap","9":"pa_yayinevi-myrina-yayinlari","10":"pa_yazar-metin-cansiz","12":"first","13":"instock","14":"sale","15":"shipping-taxable","16":"purchasable","17":"product-type-simple"},"_links":{"self":[{"href":"https:\/\/roveyayinevi.com.tr\/index.php\/wp-json\/wp\/v2\/product\/773078","targetHints":{"allow":["GET"]}}],"collection":[{"href":"https:\/\/roveyayinevi.com.tr\/index.php\/wp-json\/wp\/v2\/product"}],"about":[{"href":"https:\/\/roveyayinevi.com.tr\/index.php\/wp-json\/wp\/v2\/types\/product"}],"wp:attachment":[{"href":"https:\/\/roveyayinevi.com.tr\/index.php\/wp-json\/wp\/v2\/media?parent=773078"}],"wp:term":[{"taxonomy":"product_brand","embeddable":true,"href":"https:\/\/roveyayinevi.com.tr\/index.php\/wp-json\/wp\/v2\/product_brand?post=773078"},{"taxonomy":"product_cat","embeddable":true,"href":"https:\/\/roveyayinevi.com.tr\/index.php\/wp-json\/wp\/v2\/product_cat?post=773078"},{"taxonomy":"product_tag","embeddable":true,"href":"https:\/\/roveyayinevi.com.tr\/index.php\/wp-json\/wp\/v2\/product_tag?post=773078"}],"curies":[{"name":"wp","href":"https:\/\/api.w.org\/{rel}","templated":true}]}}