{"id":773077,"date":"2025-08-28T16:03:00","date_gmt":"2025-08-28T13:03:00","guid":{"rendered":"https:\/\/roveyayinevi.com.tr\/index.php\/urun\/yesilcam-kahramanlari\/"},"modified":"2026-04-15T03:39:21","modified_gmt":"2026-04-15T00:39:21","slug":"yesilcam-kahramanlari","status":"publish","type":"product","link":"https:\/\/roveyayinevi.com.tr\/index.php\/urun\/yesilcam-kahramanlari\/","title":{"rendered":"Ye\u015fil\u00e7am Kahramanlar\u0131"},"content":{"rendered":"<p>Perdeden ekrana;   Kah g\u00fcld\u00fcrd\u00fcler, kah a\u011flatt\u0131lar, kah d\u00fc\u015f\u00fcnd\u00fcrd\u00fcler ama&#8230;   ONLAR YE\u015e\u0130L\u00c7AM\u2019IN KAHRAMANLARIYDILAR ve TEKER TEKER BU D\u00dcNYADAN G\u00d6\u00c7T\u00dcLER&#8230;   Onlar\u0131 anlatmak i\u00e7in uzun uzun beylik s\u00f6zlerin anlam\u0131 yok.   Osmanl\u0131&#8217;dan bu yana \u00f6nce beyaz perdede, ard\u0131ndan da tiyatro sahnesi ve sonras\u0131nda ise televizyon ekran\u0131ndaki dizi sekt\u00f6r\u00fcnde kimi tek, kimi de \u00fc\u00e7 y\u00fczden fazla filmde rol ald\u0131.   Tek ortak noktalar\u0131 ise hepsinin yollar\u0131 bir \u015fekilde T\u00fcrk Sinemas\u0131&#8217;ndan, sahneden ya da TV d\u00fcnyas\u0131ndan ge\u00e7ti.   Baz\u0131lar\u0131n\u0131n ismini ilk kez \u00f6\u011freneceksiniz ama ara\u015ft\u0131r\u0131p foto\u011fraflar\u0131n\u0131 g\u00f6rd\u00fc\u011f\u00fcn\u00fczde neredeyse bir\u00e7ok yap\u0131tta onlarla kar\u015f\u0131la\u015f\u0131p k\u00e2h g\u00fcld\u00fc\u011f\u00fcn\u00fcz\u00fc, k\u00e2h a\u011flad\u0131\u011f\u0131n\u0131z\u0131 fark edeceksiniz. <\/p>\n","protected":false},"excerpt":{"rendered":"<p>Perdeden ekrana; Kah g\u00fcld\u00fcrd\u00fcler, kah a\u011flatt\u0131lar, kah d\u00fc\u015f\u00fcnd\u00fcrd\u00fcler ama&#8230; ONLAR YE\u015e\u0130L\u00c7AM\u2019IN KAHRAMANLARIYDILAR ve TEKER TEKER BU D\u00dcNYADAN G\u00d6\u00c7T\u00dcLER&#8230; Onlar\u0131 anlatmak i\u00e7in uzun uzun beylik s\u00f6zlerin anlam\u0131<span class=\"excerpt-hellip\"> [\u2026]<\/span><\/p>\n","protected":false},"featured_media":0,"template":"","meta":{"_monsterinsights_skip_tracking":false,"_monsterinsights_sitenote_active":false,"_monsterinsights_sitenote_note":"","_monsterinsights_sitenote_category":0},"product_brand":[],"product_cat":[13835],"product_tag":[],"class_list":{"0":"post-773077","1":"product","2":"type-product","3":"status-publish","5":"product_cat-cok-satanlar","6":"pa_cilt-ciltsiz","7":"pa_tur-kitap","8":"pa_yayinevi-zerre-kitap","9":"pa_yazar-macit-soydan","11":"first","12":"instock","13":"sale","14":"shipping-taxable","15":"purchasable","16":"product-type-simple"},"_links":{"self":[{"href":"https:\/\/roveyayinevi.com.tr\/index.php\/wp-json\/wp\/v2\/product\/773077","targetHints":{"allow":["GET"]}}],"collection":[{"href":"https:\/\/roveyayinevi.com.tr\/index.php\/wp-json\/wp\/v2\/product"}],"about":[{"href":"https:\/\/roveyayinevi.com.tr\/index.php\/wp-json\/wp\/v2\/types\/product"}],"wp:attachment":[{"href":"https:\/\/roveyayinevi.com.tr\/index.php\/wp-json\/wp\/v2\/media?parent=773077"}],"wp:term":[{"taxonomy":"product_brand","embeddable":true,"href":"https:\/\/roveyayinevi.com.tr\/index.php\/wp-json\/wp\/v2\/product_brand?post=773077"},{"taxonomy":"product_cat","embeddable":true,"href":"https:\/\/roveyayinevi.com.tr\/index.php\/wp-json\/wp\/v2\/product_cat?post=773077"},{"taxonomy":"product_tag","embeddable":true,"href":"https:\/\/roveyayinevi.com.tr\/index.php\/wp-json\/wp\/v2\/product_tag?post=773077"}],"curies":[{"name":"wp","href":"https:\/\/api.w.org\/{rel}","templated":true}]}}