{"id":773075,"date":"2025-08-28T16:02:56","date_gmt":"2025-08-28T13:02:56","guid":{"rendered":"https:\/\/roveyayinevi.com.tr\/index.php\/urun\/rota-bilinmez\/"},"modified":"2026-04-15T03:39:21","modified_gmt":"2026-04-15T00:39:21","slug":"rota-bilinmez","status":"publish","type":"product","link":"https:\/\/roveyayinevi.com.tr\/index.php\/urun\/rota-bilinmez\/","title":{"rendered":"Rota Bilinmez"},"content":{"rendered":"<p>Duygudan duyguya savruldu\u011fumuz, ya\u015fam tela\u015f\u0131m\u0131z\u0131n r\u00fczg\u00e2rla yar\u0131\u015ft\u0131\u011f\u0131 anlarda; bir havaliman\u0131 koltu\u011fu, bazen t\u00fcm hayat\u0131m\u0131z\u0131n aynas\u0131 olur. Benim hik\u00e2yem de burada ba\u015flad\u0131. \u00c7ok uzun saatler havada ve havalimanlar\u0131nda ge\u00e7en bir s\u00fcrecin sonunda kar\u015f\u0131la\u015fmalar, vedalar, geciken u\u00e7u\u015flar ve hik\u00e2yeler heybeme doldurdu\u011fum en k\u0131ymetli hazine oldu. Bu kitap bir seyahat rehberi de\u011fil.Ama i\u00e7inde kendinizi bulaca\u011f\u0131n\u0131z duraklar var.Bazen ruh en zor meselelerini halletmek zorunda kal\u0131r burada; bazen de k\u0131r\u0131lman\u0131n e\u015fi\u011finde bekler.Bazen ise iyile\u015fmenin, yeniden do\u011fu\u015fun ilk ad\u0131m\u0131 at\u0131l\u0131r limanda. Bekleyi\u015f yaln\u0131zca u\u00e7a\u011f\u0131n kalk\u0131\u015f\u0131 i\u00e7in de\u011fil, i\u00e7imizdeki f\u0131rt\u0131nalarla dalgalanan suyun yata\u011f\u0131n\u0131 bulmas\u0131 i\u00e7indir. Baz\u0131 yolculuklar u\u00e7a\u011fa binmeden de ba\u015flar. <\/p>\n","protected":false},"excerpt":{"rendered":"<p>Duygudan duyguya savruldu\u011fumuz, ya\u015fam tela\u015f\u0131m\u0131z\u0131n r\u00fczg\u00e2rla yar\u0131\u015ft\u0131\u011f\u0131 anlarda; bir havaliman\u0131 koltu\u011fu, bazen t\u00fcm hayat\u0131m\u0131z\u0131n aynas\u0131 olur. Benim hik\u00e2yem de burada ba\u015flad\u0131. \u00c7ok uzun saatler havada ve<span class=\"excerpt-hellip\"> [\u2026]<\/span><\/p>\n","protected":false},"featured_media":0,"template":"","meta":{"_monsterinsights_skip_tracking":false,"_monsterinsights_sitenote_active":false,"_monsterinsights_sitenote_note":"","_monsterinsights_sitenote_category":0},"product_brand":[],"product_cat":[12777,12291],"product_tag":[],"class_list":{"0":"post-773075","1":"product","2":"type-product","3":"status-publish","5":"product_cat-deneme","6":"product_cat-edebiyat","7":"pa_cilt-ciltsiz","8":"pa_tur-kitap","9":"pa_yayinevi-tk-yayinlari","10":"pa_yazar-funda-karayel","12":"first","13":"instock","14":"sale","15":"shipping-taxable","16":"purchasable","17":"product-type-simple"},"_links":{"self":[{"href":"https:\/\/roveyayinevi.com.tr\/index.php\/wp-json\/wp\/v2\/product\/773075","targetHints":{"allow":["GET"]}}],"collection":[{"href":"https:\/\/roveyayinevi.com.tr\/index.php\/wp-json\/wp\/v2\/product"}],"about":[{"href":"https:\/\/roveyayinevi.com.tr\/index.php\/wp-json\/wp\/v2\/types\/product"}],"wp:attachment":[{"href":"https:\/\/roveyayinevi.com.tr\/index.php\/wp-json\/wp\/v2\/media?parent=773075"}],"wp:term":[{"taxonomy":"product_brand","embeddable":true,"href":"https:\/\/roveyayinevi.com.tr\/index.php\/wp-json\/wp\/v2\/product_brand?post=773075"},{"taxonomy":"product_cat","embeddable":true,"href":"https:\/\/roveyayinevi.com.tr\/index.php\/wp-json\/wp\/v2\/product_cat?post=773075"},{"taxonomy":"product_tag","embeddable":true,"href":"https:\/\/roveyayinevi.com.tr\/index.php\/wp-json\/wp\/v2\/product_tag?post=773075"}],"curies":[{"name":"wp","href":"https:\/\/api.w.org\/{rel}","templated":true}]}}