{"id":773073,"date":"2025-08-28T16:02:52","date_gmt":"2025-08-28T13:02:52","guid":{"rendered":"https:\/\/roveyayinevi.com.tr\/index.php\/urun\/mutarekeden-zafere\/"},"modified":"2026-04-15T03:39:21","modified_gmt":"2026-04-15T00:39:21","slug":"mutarekeden-zafere","status":"publish","type":"product","link":"https:\/\/roveyayinevi.com.tr\/index.php\/urun\/mutarekeden-zafere\/","title":{"rendered":"M\u00fctarekeden Zafere"},"content":{"rendered":"<p>Bu Anadolu zaferi tarih sayfalar\u0131nda, bir millet taraf\u0131ndan tamamen benimsenen bir fikrin ne kadar g\u00fc\u00e7l\u00fc ve ne kadar canland\u0131r\u0131c\u0131 bir kuvvet oldu\u011funun en g\u00fczel bir \u00f6rne\u011fi olarak kalacakt\u0131r. \u00d6n\u00fcm\u00fcze dikilen t\u00fcm engelleri birer birer y\u0131k\u0131p a\u015ft\u0131ktan sonra bug\u00fcn art\u0131k Misak-\u0131 Milli\u2019nin \u00e7izdi\u011fi s\u0131n\u0131rlar i\u00e7inde, mutlu, m\u00fcreffeh ve \u00f6zg\u00fcr ya\u015famak i\u00e7in, her ne gerekiyorsa, bunlar\u0131n hepsini elde edece\u011fiz. D\u00fc\u015fman elleriyle harap olmu\u015f ve milletimiz taraf\u0131ndan her k\u00f6\u015fesini kurtarmak i\u00e7in seve seve can verilmi\u015f ve \u00e7ocuklar\u0131m\u0131z\u0131n kan\u0131yla sulanm\u0131\u015f olan yurdumuzun ufkunda art\u0131k bar\u0131\u015f\u0131n tatl\u0131 g\u00fcne\u015fi gecikmeyecektir.Milletimiz, tek bir adam gibi, g\u00f6sterdi\u011fi sars\u0131lmaz birlik ve gayret sayesinde bu ba\u015far\u0131y\u0131 elde etmi\u015ftir. Milletimizin bar\u0131\u015f i\u015flerinde de bar\u0131\u015ftan sonraki i\u015flerde de ayn\u0131 \u00e7aba ve gayret ve birlik g\u00f6stererek bu zaferi tamamlayaca\u011f\u0131na \u015f\u00fcphe yoktur. Bu zafer bize bir imk\u00e2n bah\u015fediyor. Biz, bu imk\u00e2n\u0131 memleketimizin, milletimizin ayd\u0131n, mutlu ve m\u00fcreffeh gelece\u011fi i\u00e7in kullanaca\u011f\u0131z.M\u00fctarekeden Zafere, Mustafa Kemal Atat\u00fcrk\u2019\u00fcn 1919-1922 aras\u0131nda yapt\u0131\u011f\u0131 meclis konu\u015fmalar\u0131ndan bir se\u00e7ki; anlatt\u0131\u011f\u0131 olaylar a\u00e7\u0131s\u0131ndan Mondros M\u00fctarekesi\u2019nden B\u00fcy\u00fck Taarruz\u2019a kadar olan d\u00f6nemi ele al\u0131yor. Bu konu\u015fmalar\u0131n iki odak noktas\u0131 var: Kurtulu\u015f Sava\u015f\u0131\u2019n\u0131n nas\u0131l ger\u00e7ekle\u015ftirildi\u011fi ve meclis h\u00fck\u00fcmetinin nas\u0131l i\u015flerlik kazand\u0131\u011f\u0131. \u0130kisinde de Mustafa Kemal, asker\u00ee ve siyasi anlamda yetkin bir stratejist olarak kar\u015f\u0131m\u0131za \u00e7\u0131k\u0131yor.Kurtulu\u015f Sava\u015f\u0131\u2019ndan y\u0131llar sonra yaz\u0131lm\u0131\u015f Nutuk\u2019un aksine, sava\u015f\u0131 g\u00fcn\u00fc g\u00fcn\u00fcne anlatan M\u00fctarekeden Zafere, T\u00fcrkiye\u2019nin kurtulu\u015f-kurulu\u015f tarihindeki en \u00f6nemli a\u015famalar\u0131 ve bunlar\u0131n ki\u015fisel, siyasal ve d\u00fc\u015f\u00fcnsel arka plan\u0131n\u0131 okura b\u00fcy\u00fck bir a\u00e7\u0131kl\u0131kla ve ilgin\u00e7 ayr\u0131nt\u0131larla, birinci a\u011f\u0131zdan sunan bir derleme.<\/p>\n","protected":false},"excerpt":{"rendered":"<p>Bu Anadolu zaferi tarih sayfalar\u0131nda, bir millet taraf\u0131ndan tamamen benimsenen bir fikrin ne kadar g\u00fc\u00e7l\u00fc ve ne kadar canland\u0131r\u0131c\u0131 bir kuvvet oldu\u011funun en g\u00fczel bir \u00f6rne\u011fi<span class=\"excerpt-hellip\"> [\u2026]<\/span><\/p>\n","protected":false},"featured_media":0,"template":"","meta":{"_monsterinsights_skip_tracking":false,"_monsterinsights_sitenote_active":false,"_monsterinsights_sitenote_note":"","_monsterinsights_sitenote_category":0},"product_brand":[],"product_cat":[12304],"product_tag":[],"class_list":{"0":"post-773073","1":"product","2":"type-product","3":"status-publish","5":"product_cat-tarih","6":"pa_cilt-ciltsiz","7":"pa_tur-kitap","8":"pa_yayinevi-can-yayinlari","9":"pa_yazar-mustafa-kemal-ataturk","11":"first","12":"instock","13":"sale","14":"shipping-taxable","15":"purchasable","16":"product-type-simple"},"_links":{"self":[{"href":"https:\/\/roveyayinevi.com.tr\/index.php\/wp-json\/wp\/v2\/product\/773073","targetHints":{"allow":["GET"]}}],"collection":[{"href":"https:\/\/roveyayinevi.com.tr\/index.php\/wp-json\/wp\/v2\/product"}],"about":[{"href":"https:\/\/roveyayinevi.com.tr\/index.php\/wp-json\/wp\/v2\/types\/product"}],"wp:attachment":[{"href":"https:\/\/roveyayinevi.com.tr\/index.php\/wp-json\/wp\/v2\/media?parent=773073"}],"wp:term":[{"taxonomy":"product_brand","embeddable":true,"href":"https:\/\/roveyayinevi.com.tr\/index.php\/wp-json\/wp\/v2\/product_brand?post=773073"},{"taxonomy":"product_cat","embeddable":true,"href":"https:\/\/roveyayinevi.com.tr\/index.php\/wp-json\/wp\/v2\/product_cat?post=773073"},{"taxonomy":"product_tag","embeddable":true,"href":"https:\/\/roveyayinevi.com.tr\/index.php\/wp-json\/wp\/v2\/product_tag?post=773073"}],"curies":[{"name":"wp","href":"https:\/\/api.w.org\/{rel}","templated":true}]}}