{"id":773072,"date":"2025-08-28T16:02:50","date_gmt":"2025-08-28T13:02:50","guid":{"rendered":"https:\/\/roveyayinevi.com.tr\/index.php\/urun\/yorulsaniz-bile\/"},"modified":"2026-04-15T03:39:21","modified_gmt":"2026-04-15T00:39:21","slug":"yorulsaniz-bile","status":"publish","type":"product","link":"https:\/\/roveyayinevi.com.tr\/index.php\/urun\/yorulsaniz-bile\/","title":{"rendered":"Yorulsan\u0131z Bile"},"content":{"rendered":"<p>Yorulmadan beni takip edece\u011finizi s\u00f6yl\u00fcyorsunuz. Fakat arkada\u015flar, yorulmadan ne demek? Yorulmamak olur mu? Elbette yorulacaks\u0131n\u0131z. Benim sizden istedi\u011fim \u015fey yorulmamak de\u011fil, yoruldu\u011funuz zaman durmadan y\u00fcr\u00fcmek, yoruldu\u011funuz dakikada da dinlenmeden beni takip etmektir. Yorgunluk her insan, her canl\u0131 i\u00e7in do\u011fal bir durumdur. Fakat insanda yorgunlu\u011fu yenebilecek manevi bir kuvvet vard\u0131r ki i\u015fte bu kuvvet yorulanlar\u0131 dinlendirmeden y\u00fcr\u00fct\u00fcr.Sizler, yani yeni T\u00fcrkiye\u2019nin gen\u00e7 evlatlar\u0131, yorulsan\u0131z bile beni takip edeceksiniz. Ben bu ak\u015fam buraya yaln\u0131z bunu size anlatmak i\u00e7in gelmi\u015f bulunuyorum. Dinlenmemek \u00fczere y\u00fcr\u00fcmeye karar verenler asla ve asla yorulmazlar. T\u00fcrk gen\u00e7li\u011fi gayeye, bizim y\u00fcksek idealimize durmadan, yorulmadan y\u00fcr\u00fcyecektir. Biz de bunu g\u00f6rmekle bahtiyar olaca\u011f\u0131z.Mustafa Kemal Atat\u00fcrk\u2019\u00fcn Yorulsan\u0131z Bile adl\u0131 bu ciltte bir araya getirilen konu\u015fmalar\u0131 1905-1937 aras\u0131nda yap\u0131lm\u0131\u015fsa da kitap a\u011f\u0131rl\u0131kl\u0131 olarak 1921-1925 y\u0131llar\u0131 aras\u0131nda, Ankara\u2019daki meclis h\u00fck\u00fcmetinin i\u015flerlik kazanmas\u0131yla cumhuriyet rejiminin ray\u0131na girmesi aras\u0131ndaki d\u00f6nemde yapt\u0131\u011f\u0131 konu\u015fmalara odaklan\u0131yor. Bu gezilerdeki konu\u015fmalar b\u00fcy\u00fck mitingler \u015feklinde de\u011fil, k\u00fc\u00e7\u00fck kalabal\u0131klarla sohbetler \u015feklinde d\u00fczenlenmi\u015f.Yorulsan\u0131z Bile, Mustafa Kemal Atat\u00fcrk\u2019\u00fcn T\u00fcrk toplumuna dair son derece ayr\u0131nt\u0131l\u0131, geli\u015fkin, tarihsel ve kuramsal bilgiyle desteklenmi\u015f vizyonunu ad\u0131m ad\u0131m nas\u0131l \u015fekillendirdi\u011fini ve \u015fehir \u015fehir dola\u015f\u0131p halka anlat\u0131p benimsettirdi\u011fini, bunu yaparken de yeni rejimin sahibi olarak gen\u00e7lere ne kadar g\u00fcvendi\u011fini g\u00f6steriyor.<\/p>\n","protected":false},"excerpt":{"rendered":"<p>Yorulmadan beni takip edece\u011finizi s\u00f6yl\u00fcyorsunuz. Fakat arkada\u015flar, yorulmadan ne demek? Yorulmamak olur mu? Elbette yorulacaks\u0131n\u0131z. Benim sizden istedi\u011fim \u015fey yorulmamak de\u011fil, yoruldu\u011funuz zaman durmadan y\u00fcr\u00fcmek, yoruldu\u011funuz<span class=\"excerpt-hellip\"> [\u2026]<\/span><\/p>\n","protected":false},"featured_media":0,"template":"","meta":{"_monsterinsights_skip_tracking":false,"_monsterinsights_sitenote_active":false,"_monsterinsights_sitenote_note":"","_monsterinsights_sitenote_category":0},"product_brand":[],"product_cat":[12530,12304],"product_tag":[],"class_list":{"0":"post-773072","1":"product","2":"type-product","3":"status-publish","5":"product_cat-mustafa-kemal-ataturk","6":"product_cat-tarih","7":"pa_cilt-ciltsiz","8":"pa_tur-kitap","9":"pa_yayinevi-can-yayinlari","10":"pa_yazar-mustafa-kemal-ataturk","12":"first","13":"instock","14":"sale","15":"shipping-taxable","16":"purchasable","17":"product-type-simple"},"_links":{"self":[{"href":"https:\/\/roveyayinevi.com.tr\/index.php\/wp-json\/wp\/v2\/product\/773072","targetHints":{"allow":["GET"]}}],"collection":[{"href":"https:\/\/roveyayinevi.com.tr\/index.php\/wp-json\/wp\/v2\/product"}],"about":[{"href":"https:\/\/roveyayinevi.com.tr\/index.php\/wp-json\/wp\/v2\/types\/product"}],"wp:attachment":[{"href":"https:\/\/roveyayinevi.com.tr\/index.php\/wp-json\/wp\/v2\/media?parent=773072"}],"wp:term":[{"taxonomy":"product_brand","embeddable":true,"href":"https:\/\/roveyayinevi.com.tr\/index.php\/wp-json\/wp\/v2\/product_brand?post=773072"},{"taxonomy":"product_cat","embeddable":true,"href":"https:\/\/roveyayinevi.com.tr\/index.php\/wp-json\/wp\/v2\/product_cat?post=773072"},{"taxonomy":"product_tag","embeddable":true,"href":"https:\/\/roveyayinevi.com.tr\/index.php\/wp-json\/wp\/v2\/product_tag?post=773072"}],"curies":[{"name":"wp","href":"https:\/\/api.w.org\/{rel}","templated":true}]}}