{"id":773069,"date":"2025-08-28T16:02:45","date_gmt":"2025-08-28T13:02:45","guid":{"rendered":"https:\/\/roveyayinevi.com.tr\/index.php\/urun\/emperyalizmin-golgesinde\/"},"modified":"2026-04-15T03:39:21","modified_gmt":"2026-04-15T00:39:21","slug":"emperyalizmin-golgesinde","status":"publish","type":"product","link":"https:\/\/roveyayinevi.com.tr\/index.php\/urun\/emperyalizmin-golgesinde\/","title":{"rendered":"Emperyalizmin G\u00f6lgesinde"},"content":{"rendered":"<p>Bu kitap, ya\u015fanm\u0131\u015f \u00f6yk\u00fcler, unutulmu\u015f hik\u00e2yeler ve s\u0131rad\u0131\u015f\u0131 biyografileri kaps\u0131yor. Osmanl\u0131 \u0130mparatorlu\u011fu y\u0131k\u0131lm\u0131\u015f, k\u00fclleri \u00fczerinde T\u00fcrkiye Cumhuriyeti kurulmu\u015ftu. Bu kitap, Cumhuriyetin kurulu\u015fundaki reformlar\u0131 ve bir\u00e7ok alanda yap\u0131lan k\u00f6kl\u00fc de\u011fi\u015fiklikleri anlat\u0131yor. Ayr\u0131ca yap\u0131lan de\u011fi\u015fikliklerin, T\u00fcrkiye&#8217;nin \u00e7a\u011fda\u015fla\u015fmas\u0131n\u0131n ve modernle\u015fmesinin mihenk ta\u015flar\u0131 oldu\u011funu belirtiyor! Gazi Mustafa Kemal Atat\u00fcrk&#8217;\u00fcn reformlar\u0131; T\u00fcrkiye&#8217;nin \u00e7a\u011fda\u015f, laik ve demokratik bir devlet olmas\u0131n\u0131 sa\u011flad\u0131! Emperyalizm de Osmanl\u0131n\u0131n son imparatoru Vahdettin ile birlikte bir \u0130ngiliz muhribine bildirilerek u\u011furlad\u0131! 1938&#8217;de Mustafa Kemal Atat\u00fcrk \u00f6ld\u00fc! Say\u0131n \u0130smet \u0130n\u00f6n\u00fc Cumhurba\u015fkan\u0131 oldu! Emperyalizm geri geldi! K\u00f6y Enstit\u00fcleri kapat\u0131ld\u0131! \u0130mam Hatip Okullar\u0131 sahne ald\u0131! Cemaat ve Tarikatlar prim yapt\u0131; Ortado\u011fu\u2019da Emperyalizmin bek\u00e7isi olduk! E\u011fitimde s\u0131n\u0131fta kald\u0131k, Emperyalizmin G\u00f6lgesinde bu g\u00fcnlere geldik! Bug\u00fcn \u201c\u00dcst Akl\u0131n\u201d k\u0131skac\u0131nda kaos i\u00e7inde ya\u015f\u0131yoruz! Sevgili T\u00fcrk Genci, Mustafa Kemal ATAT\u00dcRK sana inanm\u0131\u015ft\u0131! Ben de sana inan\u0131yorum! Sen de kendine inan\u0131rsan ba\u015far\u0131rs\u0131n! <\/p>\n","protected":false},"excerpt":{"rendered":"<p>Bu kitap, ya\u015fanm\u0131\u015f \u00f6yk\u00fcler, unutulmu\u015f hik\u00e2yeler ve s\u0131rad\u0131\u015f\u0131 biyografileri kaps\u0131yor. Osmanl\u0131 \u0130mparatorlu\u011fu y\u0131k\u0131lm\u0131\u015f, k\u00fclleri \u00fczerinde T\u00fcrkiye Cumhuriyeti kurulmu\u015ftu. Bu kitap, Cumhuriyetin kurulu\u015fundaki reformlar\u0131 ve bir\u00e7ok alanda<span class=\"excerpt-hellip\"> [\u2026]<\/span><\/p>\n","protected":false},"featured_media":0,"template":"","meta":{"_monsterinsights_skip_tracking":false,"_monsterinsights_sitenote_active":false,"_monsterinsights_sitenote_note":"","_monsterinsights_sitenote_category":0},"product_brand":[],"product_cat":[12370,12304],"product_tag":[],"class_list":{"0":"post-773069","1":"product","2":"type-product","3":"status-publish","5":"product_cat-arastirma-inceleme","6":"product_cat-tarih","7":"pa_cilt-ciltsiz","8":"pa_tur-kitap","9":"pa_yayinevi-omca-yayinlari","10":"pa_yazar-harunhan-remzi-ozturk","12":"first","13":"instock","14":"sale","15":"shipping-taxable","16":"purchasable","17":"product-type-simple"},"_links":{"self":[{"href":"https:\/\/roveyayinevi.com.tr\/index.php\/wp-json\/wp\/v2\/product\/773069","targetHints":{"allow":["GET"]}}],"collection":[{"href":"https:\/\/roveyayinevi.com.tr\/index.php\/wp-json\/wp\/v2\/product"}],"about":[{"href":"https:\/\/roveyayinevi.com.tr\/index.php\/wp-json\/wp\/v2\/types\/product"}],"wp:attachment":[{"href":"https:\/\/roveyayinevi.com.tr\/index.php\/wp-json\/wp\/v2\/media?parent=773069"}],"wp:term":[{"taxonomy":"product_brand","embeddable":true,"href":"https:\/\/roveyayinevi.com.tr\/index.php\/wp-json\/wp\/v2\/product_brand?post=773069"},{"taxonomy":"product_cat","embeddable":true,"href":"https:\/\/roveyayinevi.com.tr\/index.php\/wp-json\/wp\/v2\/product_cat?post=773069"},{"taxonomy":"product_tag","embeddable":true,"href":"https:\/\/roveyayinevi.com.tr\/index.php\/wp-json\/wp\/v2\/product_tag?post=773069"}],"curies":[{"name":"wp","href":"https:\/\/api.w.org\/{rel}","templated":true}]}}