{"id":773068,"date":"2025-08-28T16:02:44","date_gmt":"2025-08-28T13:02:44","guid":{"rendered":"https:\/\/roveyayinevi.com.tr\/index.php\/urun\/kariyer-yonetimi-kurumsal-temeller-ve-guncel-uygulamalar\/"},"modified":"2026-04-15T03:39:21","modified_gmt":"2026-04-15T00:39:21","slug":"kariyer-yonetimi-kurumsal-temeller-ve-guncel-uygulamalar","status":"publish","type":"product","link":"https:\/\/roveyayinevi.com.tr\/index.php\/urun\/kariyer-yonetimi-kurumsal-temeller-ve-guncel-uygulamalar\/","title":{"rendered":"Kariyer Y\u00f6netimi &#8211; Kurumsal Temeller ve G\u00fcncel Uygulamalar"},"content":{"rendered":"<p>Kariyer, art\u0131k bireysel bir yolculuktan \u00e7ok, kurumsal ve toplumsal bir stratejiye d\u00f6n\u00fc\u015f\u00fcyor. Bu kitap, y\u00fcksek\u00f6\u011fretim kurumlar\u0131n\u0131n kariyer y\u00f6netimindeki rol\u00fcn\u00fc kuramsal temellerle a\u00e7\u0131klarken, g\u00fcncel uygulamalar ve dijitalle\u015fen s\u00fcre\u00e7lerle yeni bir vizyon sunuyor. Kariyer merkezlerinin geli\u015fiminden uluslararas\u0131 iyi uygulamalara, T\u00fcrkiye\u2019deki model \u00f6nerilerine kadar geni\u015f bir \u00e7er\u00e7evede rehberlik ediyor. \u00dcniversite y\u00f6neticileri, kariyer uzmanlar\u0131 ve ara\u015ft\u0131rmac\u0131lar i\u00e7in vazge\u00e7ilmez bir ba\u015fvuru kayna\u011f\u0131. <\/p>\n","protected":false},"excerpt":{"rendered":"<p>Kariyer, art\u0131k bireysel bir yolculuktan \u00e7ok, kurumsal ve toplumsal bir stratejiye d\u00f6n\u00fc\u015f\u00fcyor. Bu kitap, y\u00fcksek\u00f6\u011fretim kurumlar\u0131n\u0131n kariyer y\u00f6netimindeki rol\u00fcn\u00fc kuramsal temellerle a\u00e7\u0131klarken, g\u00fcncel uygulamalar ve dijitalle\u015fen<span class=\"excerpt-hellip\"> [\u2026]<\/span><\/p>\n","protected":false},"featured_media":0,"template":"","meta":{"_monsterinsights_skip_tracking":false,"_monsterinsights_sitenote_active":false,"_monsterinsights_sitenote_note":"","_monsterinsights_sitenote_category":0},"product_brand":[],"product_cat":[13043,14381],"product_tag":[],"class_list":{"0":"post-773068","1":"product","2":"type-product","3":"status-publish","5":"product_cat-ekonomi","6":"product_cat-isletme-muhasebe-maliye","7":"pa_cilt-ciltsiz","8":"pa_tur-kitap","9":"pa_yayinevi-astana-yayinlari","10":"pa_yazar-gonca-lazoglu-gur","12":"first","13":"instock","14":"sale","15":"shipping-taxable","16":"purchasable","17":"product-type-simple"},"_links":{"self":[{"href":"https:\/\/roveyayinevi.com.tr\/index.php\/wp-json\/wp\/v2\/product\/773068","targetHints":{"allow":["GET"]}}],"collection":[{"href":"https:\/\/roveyayinevi.com.tr\/index.php\/wp-json\/wp\/v2\/product"}],"about":[{"href":"https:\/\/roveyayinevi.com.tr\/index.php\/wp-json\/wp\/v2\/types\/product"}],"wp:attachment":[{"href":"https:\/\/roveyayinevi.com.tr\/index.php\/wp-json\/wp\/v2\/media?parent=773068"}],"wp:term":[{"taxonomy":"product_brand","embeddable":true,"href":"https:\/\/roveyayinevi.com.tr\/index.php\/wp-json\/wp\/v2\/product_brand?post=773068"},{"taxonomy":"product_cat","embeddable":true,"href":"https:\/\/roveyayinevi.com.tr\/index.php\/wp-json\/wp\/v2\/product_cat?post=773068"},{"taxonomy":"product_tag","embeddable":true,"href":"https:\/\/roveyayinevi.com.tr\/index.php\/wp-json\/wp\/v2\/product_tag?post=773068"}],"curies":[{"name":"wp","href":"https:\/\/api.w.org\/{rel}","templated":true}]}}