{"id":773063,"date":"2025-08-28T16:02:32","date_gmt":"2025-08-28T13:02:32","guid":{"rendered":"https:\/\/roveyayinevi.com.tr\/index.php\/urun\/kirik-dusler-ve-yeniden-baslayan-hayatlar\/"},"modified":"2026-04-15T03:39:21","modified_gmt":"2026-04-15T00:39:21","slug":"kirik-dusler-ve-yeniden-baslayan-hayatlar","status":"publish","type":"product","link":"https:\/\/roveyayinevi.com.tr\/index.php\/urun\/kirik-dusler-ve-yeniden-baslayan-hayatlar\/","title":{"rendered":"K\u0131r\u0131k D\u00fc\u015fler ve Yeniden Ba\u015flayan Hayatlar"},"content":{"rendered":"<p>K\u0131r\u0131k D\u00fc\u015fler ve Yeniden Ba\u015flayan Hayatlar Baz\u0131 tan\u0131\u015fmalar sessizce gelir\u2026 ama yank\u0131s\u0131 bir \u00f6m\u00fcr susmaz.Bir kahveyle ba\u015flayan tan\u0131\u015fma, bir \u00f6m\u00fcrl\u00fck sorgulamaya d\u00f6n\u00fc\u015febilir mi?Aytu\u011f: Mant\u0131\u011f\u0131n ve ba\u015far\u0131lar\u0131n adam\u0131. Kalabal\u0131klar i\u00e7inde yaln\u0131z, sessizli\u011finde bo\u011fulan bir i\u015f insan\u0131.Gamze: Renkli bir d\u00fcnyan\u0131n kad\u0131n\u0131. Cesur, sezgileriyle hareket eden, duygular\u0131n\u0131 saklamayan bir ruh.\u0130ki z\u0131t karakter, bir yanl\u0131\u015f kahve sipari\u015fiyle kar\u015f\u0131la\u015ft\u0131.Bu kitap; sadece bir a\u015fk\u0131n de\u011fil, i\u00e7sel k\u0131r\u0131lmalar\u0131n, k\u0131skan\u00e7l\u0131klar\u0131n ve yeniden aya\u011fa kalkma \u00e7abas\u0131n\u0131n hik\u00e2yesidir.A\u015fka inanc\u0131 kalmam\u0131\u015f bir adamla, sevilmeyi hak etti\u011fini unutmu\u015f bir kad\u0131n\u0131n; kalbin s\u0131n\u0131rlar\u0131nda nas\u0131l d\u00f6n\u00fc\u015ft\u00fc\u011f\u00fcn\u00fc okuyacaks\u0131n\u0131z.Her sat\u0131r, belki de i\u00e7inizde y\u0131llard\u0131r susan bir sese f\u0131s\u0131ldayacak:\u201cGer\u00e7ek a\u015fk, sadece kavu\u015fmak de\u011fil; bazen vedalarla yeniden ba\u015flamakt\u0131r.\u201dBu kitap seni bulmad\u0131ysa\u2026 sen h\u00e2l\u00e2 kendini ar\u0131yorsun demektir. <\/p>\n","protected":false},"excerpt":{"rendered":"<p>K\u0131r\u0131k D\u00fc\u015fler ve Yeniden Ba\u015flayan Hayatlar Baz\u0131 tan\u0131\u015fmalar sessizce gelir\u2026 ama yank\u0131s\u0131 bir \u00f6m\u00fcr susmaz.Bir kahveyle ba\u015flayan tan\u0131\u015fma, bir \u00f6m\u00fcrl\u00fck sorgulamaya d\u00f6n\u00fc\u015febilir mi?Aytu\u011f: Mant\u0131\u011f\u0131n ve ba\u015far\u0131lar\u0131n<span class=\"excerpt-hellip\"> [\u2026]<\/span><\/p>\n","protected":false},"featured_media":0,"template":"","meta":{"_monsterinsights_skip_tracking":false,"_monsterinsights_sitenote_active":false,"_monsterinsights_sitenote_note":"","_monsterinsights_sitenote_category":0},"product_brand":[],"product_cat":[12291,12711],"product_tag":[],"class_list":{"0":"post-773063","1":"product","2":"type-product","3":"status-publish","5":"product_cat-edebiyat","6":"product_cat-roman-oyku","7":"pa_cilt-ciltsiz","8":"pa_tur-kitap","9":"pa_yayinevi-bambuk-yayinevi","10":"pa_yazar-ali-adem-akdogan","12":"first","13":"instock","14":"sale","15":"shipping-taxable","16":"purchasable","17":"product-type-simple"},"_links":{"self":[{"href":"https:\/\/roveyayinevi.com.tr\/index.php\/wp-json\/wp\/v2\/product\/773063","targetHints":{"allow":["GET"]}}],"collection":[{"href":"https:\/\/roveyayinevi.com.tr\/index.php\/wp-json\/wp\/v2\/product"}],"about":[{"href":"https:\/\/roveyayinevi.com.tr\/index.php\/wp-json\/wp\/v2\/types\/product"}],"wp:attachment":[{"href":"https:\/\/roveyayinevi.com.tr\/index.php\/wp-json\/wp\/v2\/media?parent=773063"}],"wp:term":[{"taxonomy":"product_brand","embeddable":true,"href":"https:\/\/roveyayinevi.com.tr\/index.php\/wp-json\/wp\/v2\/product_brand?post=773063"},{"taxonomy":"product_cat","embeddable":true,"href":"https:\/\/roveyayinevi.com.tr\/index.php\/wp-json\/wp\/v2\/product_cat?post=773063"},{"taxonomy":"product_tag","embeddable":true,"href":"https:\/\/roveyayinevi.com.tr\/index.php\/wp-json\/wp\/v2\/product_tag?post=773063"}],"curies":[{"name":"wp","href":"https:\/\/api.w.org\/{rel}","templated":true}]}}