{"id":773062,"date":"2025-08-28T16:02:28","date_gmt":"2025-08-28T13:02:28","guid":{"rendered":"https:\/\/roveyayinevi.com.tr\/index.php\/urun\/gonul-hanim-2\/"},"modified":"2026-04-15T03:39:21","modified_gmt":"2026-04-15T00:39:21","slug":"gonul-hanim-2","status":"publish","type":"product","link":"https:\/\/roveyayinevi.com.tr\/index.php\/urun\/gonul-hanim-2\/","title":{"rendered":"G\u00f6n\u00fcl Han\u0131m"},"content":{"rendered":"<p>Ahmet Hikmet M\u00fcft\u00fco\u011flu, T\u00fcrk\u00e7\u00fcl\u00fck idealini; fikirleriyle, yaz\u0131lar\u0131yla bayrakla\u015ft\u0131ran ender yazarlar\u0131m\u0131zdan biridir. T\u00fcrk milletinin asaletine, y\u00fcceli\u011fine inanm\u0131\u015f, onun b\u00fcy\u00fck dehas\u0131na ve yarat\u0131c\u0131l\u0131\u011fa g\u00fcven duymu\u015f m\u00fcmtaz bir T\u00fcrk\u00e7\u00fcyd\u00fc. Onun fikr\u00ee anlamda T\u00fcrk\u00e7\u00fcl\u00fc\u011f\u00fc; yaln\u0131zca ge\u00e7mi\u015fin \u015fanl\u0131 sayfalar\u0131n\u0131 aralayarak \u00f6v\u00fcnen bir anlay\u0131\u015ftan \u00e7ok, T\u00fcrkl\u00fc\u011f\u00fcn engin medeniyet ve k\u00fclt\u00fcrel alanda yakselmesini, insan\u0131m\u0131z\u0131 ve ba\u015fka milletleri de sevmesini isteyen, mill\u00ee de\u011ferlerimizi evrensel de\u011ferlerle birlikte savunan ideal bir sentezdi. G\u00f6n\u00fcl Han\u0131m adl\u0131 eser hem edeb\u00ee bak\u0131mdan hem de T\u00fcrk tarihi, co\u011frafyas\u0131 hakk\u0131nda bilgi vermesi bak\u0131m\u0131ndan \u00f6nemli bir eserdir. G\u00f6n\u00fcl Han\u0131m roman\u0131n\u0131 1920\u2019de tamamlayan sanat\u00e7\u0131, eserini Tasvir-i Efk\u00e2r gazetesinde tefrika etmi\u015ftir. G\u00f6n\u00fcl Han\u0131m\u2019da Ahmet Hikmet, T\u00fcrk gen\u00e7lerine dedelerinin geldi\u011fi ana yurdu tan\u0131tm\u0131\u015f ve T\u00fcrklerin orada ne b\u00fcy\u00fck bir devlet ve medeniyet kurduklar\u0131n\u0131 anlatm\u0131\u015ft\u0131r. B\u00fcy\u00fck T\u00fcrk\u00e7\u00fc yazar, kendisini kaybeden T\u00fcrklere \u201cKendini bul!\u201d mesaj\u0131 vermeye \u00e7al\u0131\u015fm\u0131\u015ft\u0131r. Romanda, I. D\u00fcnya Sava\u015f\u0131 s\u0131ras\u0131nda Kafkas Cephesinde Ruslara esir d\u00fc\u015fen bir askerin; Mehmet Tolun\u2019un T\u00fcrkistan\u2019daki esir kamp\u0131nda G\u00f6n\u00fcl adl\u0131 bir Tatar k\u0131z\u0131n\u0131n rehberli\u011finde eski T\u00fcrk \u00fclkelerini dola\u015fmas\u0131n\u0131, \u00fclk\u00fc birli\u011fi yapt\u0131\u011f\u0131 bu k\u0131zla aras\u0131ndaki sevday\u0131 okuruz. G\u00f6n\u00fcl Han\u0131m\u2019da T\u00fcrk dili ara\u015ft\u0131rmalar\u0131na de\u011finilmesi mill\u00ee k\u00fclt\u00fcr\u00fcm\u00fcz a\u00e7\u0131s\u0131ndan anlaml\u0131d\u0131r. Bu alanda eme\u011fi ge\u00e7en Radloff, W. Thomsen, A. Von Le Coq, Vamberi gibi Do\u011fu bilimcilerinden bahsedilmesi son derece \u00f6nemlidir. G\u00f6n\u00fcl Han\u0131m roman\u0131ndaki duygu, d\u00fc\u015f\u00fcnce, g\u00f6r\u00fc\u015f ve eserle ilgili bir kanaat\u0131n olu\u015fmas\u0131 ve anlaml\u0131 bir sonuca var\u0131lmas\u0131 hususu; asl\u0131nda siz de\u011ferli okuyucular\u0131m\u0131z\u0131n be\u011fenisine sunulmas\u0131 isabetli olacakt\u0131r.<\/p>\n","protected":false},"excerpt":{"rendered":"<p>Ahmet Hikmet M\u00fcft\u00fco\u011flu, T\u00fcrk\u00e7\u00fcl\u00fck idealini; fikirleriyle, yaz\u0131lar\u0131yla bayrakla\u015ft\u0131ran ender yazarlar\u0131m\u0131zdan biridir. T\u00fcrk milletinin asaletine, y\u00fcceli\u011fine inanm\u0131\u015f, onun b\u00fcy\u00fck dehas\u0131na ve yarat\u0131c\u0131l\u0131\u011fa g\u00fcven duymu\u015f m\u00fcmtaz bir T\u00fcrk\u00e7\u00fcyd\u00fc.<span class=\"excerpt-hellip\"> [\u2026]<\/span><\/p>\n","protected":false},"featured_media":0,"template":"","meta":{"_monsterinsights_skip_tracking":false,"_monsterinsights_sitenote_active":false,"_monsterinsights_sitenote_note":"","_monsterinsights_sitenote_category":0},"product_brand":[],"product_cat":[12291,12711],"product_tag":[],"class_list":{"0":"post-773062","1":"product","2":"type-product","3":"status-publish","5":"product_cat-edebiyat","6":"product_cat-roman-oyku","7":"pa_cilt-ciltsiz","8":"pa_tur-kitap","9":"pa_yayinevi-kurgan-edebiyat","10":"pa_yazar-ahmet-hikmet-muftuoglu","12":"first","13":"instock","14":"sale","15":"shipping-taxable","16":"purchasable","17":"product-type-simple"},"_links":{"self":[{"href":"https:\/\/roveyayinevi.com.tr\/index.php\/wp-json\/wp\/v2\/product\/773062","targetHints":{"allow":["GET"]}}],"collection":[{"href":"https:\/\/roveyayinevi.com.tr\/index.php\/wp-json\/wp\/v2\/product"}],"about":[{"href":"https:\/\/roveyayinevi.com.tr\/index.php\/wp-json\/wp\/v2\/types\/product"}],"wp:attachment":[{"href":"https:\/\/roveyayinevi.com.tr\/index.php\/wp-json\/wp\/v2\/media?parent=773062"}],"wp:term":[{"taxonomy":"product_brand","embeddable":true,"href":"https:\/\/roveyayinevi.com.tr\/index.php\/wp-json\/wp\/v2\/product_brand?post=773062"},{"taxonomy":"product_cat","embeddable":true,"href":"https:\/\/roveyayinevi.com.tr\/index.php\/wp-json\/wp\/v2\/product_cat?post=773062"},{"taxonomy":"product_tag","embeddable":true,"href":"https:\/\/roveyayinevi.com.tr\/index.php\/wp-json\/wp\/v2\/product_tag?post=773062"}],"curies":[{"name":"wp","href":"https:\/\/api.w.org\/{rel}","templated":true}]}}