{"id":773058,"date":"2025-08-28T16:02:21","date_gmt":"2025-08-28T13:02:21","guid":{"rendered":"https:\/\/roveyayinevi.com.tr\/index.php\/urun\/adli-muhasebe-2\/"},"modified":"2026-04-15T03:39:20","modified_gmt":"2026-04-15T00:39:20","slug":"adli-muhasebe-2","status":"publish","type":"product","link":"https:\/\/roveyayinevi.com.tr\/index.php\/urun\/adli-muhasebe-2\/","title":{"rendered":"Adli Muhasebe"},"content":{"rendered":"<p>\u0130\u00e7indekiler :     B\u0130R\u0130NC\u0130 B\u00d6L\u00dcM ADL\u0130 MUHASEBEN\u0130N KAVRAMSAL \u00c7ER\u00c7EVES\u0130   \u0130K\u0130NC\u0130 B\u00d6L\u00dcM D\u00dcNYA\u2019DA VE T\u00dcRK\u0130YE\u2019DE ADL\u0130 MUHASEBE   \u00dc\u00c7\u00dcNC\u00dc B\u00d6L\u00dcM ADL\u0130 MUHASEBE TEMALI \u00c7ALI\u015eMALARIN B\u0130BL\u0130YOMETR\u0130K ANAL\u0130Z\u0130 <\/p>\n","protected":false},"excerpt":{"rendered":"<p>\u0130\u00e7indekiler : B\u0130R\u0130NC\u0130 B\u00d6L\u00dcM ADL\u0130 MUHASEBEN\u0130N KAVRAMSAL \u00c7ER\u00c7EVES\u0130 \u0130K\u0130NC\u0130 B\u00d6L\u00dcM D\u00dcNYA\u2019DA VE T\u00dcRK\u0130YE\u2019DE ADL\u0130 MUHASEBE \u00dc\u00c7\u00dcNC\u00dc B\u00d6L\u00dcM ADL\u0130 MUHASEBE TEMALI \u00c7ALI\u015eMALARIN B\u0130BL\u0130YOMETR\u0130K ANAL\u0130Z\u0130<\/p>\n","protected":false},"featured_media":0,"template":"","meta":{"_monsterinsights_skip_tracking":false,"_monsterinsights_sitenote_active":false,"_monsterinsights_sitenote_note":"","_monsterinsights_sitenote_category":0},"product_brand":[],"product_cat":[13043,14381],"product_tag":[],"class_list":{"0":"post-773058","1":"product","2":"type-product","3":"status-publish","5":"product_cat-ekonomi","6":"product_cat-isletme-muhasebe-maliye","7":"pa_cilt-ciltsiz","8":"pa_tur-kitap","9":"pa_yayinevi-gazi-kitabevi","10":"pa_yazar-resat-karcioglu-seyhan-ozturk","12":"first","13":"instock","14":"sale","15":"shipping-taxable","16":"purchasable","17":"product-type-simple"},"_links":{"self":[{"href":"https:\/\/roveyayinevi.com.tr\/index.php\/wp-json\/wp\/v2\/product\/773058","targetHints":{"allow":["GET"]}}],"collection":[{"href":"https:\/\/roveyayinevi.com.tr\/index.php\/wp-json\/wp\/v2\/product"}],"about":[{"href":"https:\/\/roveyayinevi.com.tr\/index.php\/wp-json\/wp\/v2\/types\/product"}],"wp:attachment":[{"href":"https:\/\/roveyayinevi.com.tr\/index.php\/wp-json\/wp\/v2\/media?parent=773058"}],"wp:term":[{"taxonomy":"product_brand","embeddable":true,"href":"https:\/\/roveyayinevi.com.tr\/index.php\/wp-json\/wp\/v2\/product_brand?post=773058"},{"taxonomy":"product_cat","embeddable":true,"href":"https:\/\/roveyayinevi.com.tr\/index.php\/wp-json\/wp\/v2\/product_cat?post=773058"},{"taxonomy":"product_tag","embeddable":true,"href":"https:\/\/roveyayinevi.com.tr\/index.php\/wp-json\/wp\/v2\/product_tag?post=773058"}],"curies":[{"name":"wp","href":"https:\/\/api.w.org\/{rel}","templated":true}]}}