{"id":773056,"date":"2025-08-28T16:02:17","date_gmt":"2025-08-28T13:02:17","guid":{"rendered":"https:\/\/roveyayinevi.com.tr\/index.php\/urun\/kara-gunesin-kayip-isigi\/"},"modified":"2026-04-15T03:39:20","modified_gmt":"2026-04-15T00:39:20","slug":"kara-gunesin-kayip-isigi","status":"publish","type":"product","link":"https:\/\/roveyayinevi.com.tr\/index.php\/urun\/kara-gunesin-kayip-isigi\/","title":{"rendered":"Kara G\u00fcne\u015fin Kay\u0131p I\u015f\u0131\u011f\u0131"},"content":{"rendered":"<p>D\u00fcnya buz tutarken, kader \u00e7\u00f6z\u00fcl\u00fcyor\u2026 Tara, Londra\u2019n\u0131n so\u011fuk yaln\u0131zl\u0131\u011f\u0131ndan Antarktika\u2019n\u0131n \u00f6l\u00fcmc\u00fcl sessizli\u011fine ka\u00e7ar. Bir u\u00e7ak kazas\u0131 sonras\u0131, buz \u00e7\u00f6l\u00fcn\u00fcn ortas\u0131nda bir anne kutup ay\u0131s\u0131 ve yavrusuyla hayatta kal\u0131r. Fakat onlar\u0131 izleyen g\u00f6zler, sadece do\u011faya ait de\u011fildir.Binlerce y\u0131l \u00f6nce buzun alt\u0131na g\u00f6m\u00fclen E8 uygarl\u0131\u011f\u0131 uyan\u0131yordu. Ve liderleri, Tara\u2019n\u0131n geli\u015fini bekliyordu\u2026Ama bu \u0131\u015f\u0131lt\u0131l\u0131 d\u00fcnya, tanr\u0131\u00e7a A\u015fera\u2019n\u0131n karanl\u0131k g\u00f6lgesinde titriyordu.Karn\u0131nda b\u00fcy\u00fcyen ikizlerden biri, tanr\u0131\u00e7a A\u015fera\u2019n\u0131n m\u00fchr\u00fcn\u00fc ta\u015f\u0131maktad\u0131r. Bu iz, evrenin kaderini de\u011fi\u015ftirecek bir sava\u015f\u0131 ba\u015flatacakt\u0131r. Zaman s\u0131f\u0131rland\u0131\u011f\u0131nda, Tara bir se\u00e7imle y\u00fczle\u015fir:Karanl\u0131k g\u00fc\u00e7lerin lideri olan bir tanr\u0131\u00e7an\u0131n ordusuna kar\u015f\u0131 sava\u015fmak m\u0131? Yoksa \u00e7ocuklar\u0131n\u0131 kurtarmak i\u00e7in her \u015feyi feda etmek mi? Buzullar\u0131n alt\u0131ndaki s\u0131rlar, kutup ay\u0131lar\u0131n\u0131n sadakati, kadim bilgeler ve kristal tap\u0131naklarla \u00f6r\u00fcl\u00fc bu destanda; bir anne ne kadar ileri gidebilir? Bilimkurgu ile mitolojinin kesi\u015fti\u011fi ve ezoterik bilgilerle \u00f6r\u00fcl\u00fc bu destanda, sorular buz kadar keskin\u2026Ve bir insan, karanl\u0131k ve ayd\u0131nl\u0131k g\u00fc\u00e7leri temsil eden tanr\u0131lar\u0131n sava\u015f\u0131nda insan kalabilir mi? Cevaplar, Antarktika\u2019n\u0131n sessiz \u00e7\u0131\u011fl\u0131\u011f\u0131nda sakl\u0131\u2026 Bilimkurgu ile mitolojinin kesi\u015fti\u011fi ve ezoterik bilgilerle \u00f6r\u00fcl\u00fc bu destanda, sorular buz kadar keskin: Bir insan, tanr\u0131lar\u0131n sava\u015f\u0131nda nas\u0131l insan kal\u0131r? Ve bir anne, evreni kurtarmak i\u00e7in \u00e7ocuklar\u0131n\u0131 feda eder mi? Cevaplar, Antarktika\u2019n\u0131n sessiz \u00e7\u0131\u011fl\u0131\u011f\u0131nda sakl\u0131\u2026 Netflix\u2019deki Atiye dizisine konu olan G\u00f6bekli Tepe ile ilgili kitab\u0131ndan sonra, yazar\u0131m\u0131z yeni s\u0131ra d\u0131\u015f\u0131 roman\u0131yla sizlerle bulu\u015fuyor\u2026 <\/p>\n","protected":false},"excerpt":{"rendered":"<p>D\u00fcnya buz tutarken, kader \u00e7\u00f6z\u00fcl\u00fcyor\u2026 Tara, Londra\u2019n\u0131n so\u011fuk yaln\u0131zl\u0131\u011f\u0131ndan Antarktika\u2019n\u0131n \u00f6l\u00fcmc\u00fcl sessizli\u011fine ka\u00e7ar. Bir u\u00e7ak kazas\u0131 sonras\u0131, buz \u00e7\u00f6l\u00fcn\u00fcn ortas\u0131nda bir anne kutup ay\u0131s\u0131 ve yavrusuyla<span class=\"excerpt-hellip\"> [\u2026]<\/span><\/p>\n","protected":false},"featured_media":0,"template":"","meta":{"_monsterinsights_skip_tracking":false,"_monsterinsights_sitenote_active":false,"_monsterinsights_sitenote_note":"","_monsterinsights_sitenote_category":0},"product_brand":[],"product_cat":[12291,12711],"product_tag":[],"class_list":{"0":"post-773056","1":"product","2":"type-product","3":"status-publish","5":"product_cat-edebiyat","6":"product_cat-roman-oyku","7":"pa_cilt-ciltsiz","8":"pa_tur-kitap","9":"pa_yayinevi-sinir-otesi-yayinlari","10":"pa_yazar-sengul-boybas","12":"first","13":"instock","14":"sale","15":"shipping-taxable","16":"purchasable","17":"product-type-simple"},"_links":{"self":[{"href":"https:\/\/roveyayinevi.com.tr\/index.php\/wp-json\/wp\/v2\/product\/773056","targetHints":{"allow":["GET"]}}],"collection":[{"href":"https:\/\/roveyayinevi.com.tr\/index.php\/wp-json\/wp\/v2\/product"}],"about":[{"href":"https:\/\/roveyayinevi.com.tr\/index.php\/wp-json\/wp\/v2\/types\/product"}],"wp:attachment":[{"href":"https:\/\/roveyayinevi.com.tr\/index.php\/wp-json\/wp\/v2\/media?parent=773056"}],"wp:term":[{"taxonomy":"product_brand","embeddable":true,"href":"https:\/\/roveyayinevi.com.tr\/index.php\/wp-json\/wp\/v2\/product_brand?post=773056"},{"taxonomy":"product_cat","embeddable":true,"href":"https:\/\/roveyayinevi.com.tr\/index.php\/wp-json\/wp\/v2\/product_cat?post=773056"},{"taxonomy":"product_tag","embeddable":true,"href":"https:\/\/roveyayinevi.com.tr\/index.php\/wp-json\/wp\/v2\/product_tag?post=773056"}],"curies":[{"name":"wp","href":"https:\/\/api.w.org\/{rel}","templated":true}]}}