{"id":773053,"date":"2025-08-28T16:02:11","date_gmt":"2025-08-28T13:02:11","guid":{"rendered":"https:\/\/roveyayinevi.com.tr\/index.php\/urun\/metropoliten-yonetim-teori-model-ve-uygulama\/"},"modified":"2026-04-15T03:39:20","modified_gmt":"2026-04-15T00:39:20","slug":"metropoliten-yonetim-teori-model-ve-uygulama","status":"publish","type":"product","link":"https:\/\/roveyayinevi.com.tr\/index.php\/urun\/metropoliten-yonetim-teori-model-ve-uygulama\/","title":{"rendered":"Metropoliten Y\u00f6netim Teori, Model ve Uygulama"},"content":{"rendered":"<p>Refik Yasl\u0131kaya, \u00e7a\u011fda\u015f kentle\u015fme s\u00fcre\u00e7lerinin do\u011furdu\u011fu y\u00f6netsel karma\u015f\u0131kl\u0131klar\u0131 anlamaya ve \u00e7\u00f6z\u00fcmlemeye y\u00f6nelik b\u00fct\u00fcnc\u00fcl bir yakla\u015f\u0131m sunuyor. Kentlerin h\u0131zla b\u00fcy\u00fcmesiyle birlikte metropoliten y\u00f6netim, kamu y\u00f6netimi ve \u015fehir planlama disiplinlerinde \u00f6nemli bir tart\u0131\u015fma alan\u0131 haline geldi. Bu kitap, metropoliten alanlar\u0131n y\u00f6netimine ili\u015fkin temel kuramsal yakla\u015f\u0131mlar\u0131 tart\u0131\u015fmaya a\u00e7makta, farkl\u0131 y\u00f6netim modellerini analitik bir \u00e7er\u00e7evede de\u011ferlendirmekte ve \u00e7e\u015fitli \u00fclke \u00f6rnekleri \u00fczerinden bu modellerin pratikte nas\u0131l i\u015fledi\u011fini g\u00f6zler \u00f6n\u00fcne sermektedir. Kuram, model ve uygulama \u00fc\u00e7l\u00fcs\u00fc etraf\u0131nda kurgulanan eser, hem akademik d\u00fcnyaya katk\u0131 sunmakta hem de karar al\u0131c\u0131lar i\u00e7in yol g\u00f6sterici bir kaynak i\u015flevi g\u00f6rmektedir. Metropoliten \u00f6l\u00e7ekli y\u00f6netim aray\u0131\u015flar\u0131na disiplinler aras\u0131 bir bak\u0131\u015f a\u00e7\u0131s\u0131yla yakla\u015fan bu \u00e7al\u0131\u015fma, kent ve kamu y\u00f6netimi literat\u00fcr\u00fcnde \u00f6nemli bir bo\u015flu\u011fu doldurmay\u0131 ama\u00e7lamaktad\u0131r. <\/p>\n","protected":false},"excerpt":{"rendered":"<p>Refik Yasl\u0131kaya, \u00e7a\u011fda\u015f kentle\u015fme s\u00fcre\u00e7lerinin do\u011furdu\u011fu y\u00f6netsel karma\u015f\u0131kl\u0131klar\u0131 anlamaya ve \u00e7\u00f6z\u00fcmlemeye y\u00f6nelik b\u00fct\u00fcnc\u00fcl bir yakla\u015f\u0131m sunuyor. Kentlerin h\u0131zla b\u00fcy\u00fcmesiyle birlikte metropoliten y\u00f6netim, kamu y\u00f6netimi ve \u015fehir<span class=\"excerpt-hellip\"> [\u2026]<\/span><\/p>\n","protected":false},"featured_media":0,"template":"","meta":{"_monsterinsights_skip_tracking":false,"_monsterinsights_sitenote_active":false,"_monsterinsights_sitenote_note":"","_monsterinsights_sitenote_category":0},"product_brand":[],"product_cat":[13059,12337],"product_tag":[],"class_list":{"0":"post-773053","1":"product","2":"type-product","3":"status-publish","5":"product_cat-diger-politika-siyaset","6":"product_cat-politika-siyaset","7":"pa_cilt-ciltsiz","8":"pa_tur-kitap","9":"pa_yayinevi-liberte-yayinlari","10":"pa_yazar-refik-yaslikaya","12":"first","13":"instock","14":"sale","15":"shipping-taxable","16":"purchasable","17":"product-type-simple"},"_links":{"self":[{"href":"https:\/\/roveyayinevi.com.tr\/index.php\/wp-json\/wp\/v2\/product\/773053","targetHints":{"allow":["GET"]}}],"collection":[{"href":"https:\/\/roveyayinevi.com.tr\/index.php\/wp-json\/wp\/v2\/product"}],"about":[{"href":"https:\/\/roveyayinevi.com.tr\/index.php\/wp-json\/wp\/v2\/types\/product"}],"wp:attachment":[{"href":"https:\/\/roveyayinevi.com.tr\/index.php\/wp-json\/wp\/v2\/media?parent=773053"}],"wp:term":[{"taxonomy":"product_brand","embeddable":true,"href":"https:\/\/roveyayinevi.com.tr\/index.php\/wp-json\/wp\/v2\/product_brand?post=773053"},{"taxonomy":"product_cat","embeddable":true,"href":"https:\/\/roveyayinevi.com.tr\/index.php\/wp-json\/wp\/v2\/product_cat?post=773053"},{"taxonomy":"product_tag","embeddable":true,"href":"https:\/\/roveyayinevi.com.tr\/index.php\/wp-json\/wp\/v2\/product_tag?post=773053"}],"curies":[{"name":"wp","href":"https:\/\/api.w.org\/{rel}","templated":true}]}}