{"id":773052,"date":"2025-08-28T16:02:09","date_gmt":"2025-08-28T13:02:09","guid":{"rendered":"https:\/\/roveyayinevi.com.tr\/index.php\/urun\/a-takimi-astronot-kopek-laikanin-anisina\/"},"modified":"2026-04-15T03:39:20","modified_gmt":"2026-04-15T00:39:20","slug":"a-takimi-astronot-kopek-laikanin-anisina","status":"publish","type":"product","link":"https:\/\/roveyayinevi.com.tr\/index.php\/urun\/a-takimi-astronot-kopek-laikanin-anisina\/","title":{"rendered":"A Tak\u0131m\u0131 \u2013 Astronot K\u00f6pek Laika\u2019n\u0131n An\u0131s\u0131na"},"content":{"rendered":"<p>G\u00fclten Day\u0131o\u011flu\u2019nun iz s\u00fcr\u00fcc\u00fc dokuz kurt k\u00f6pe\u011fi karde\u015fin hik\u00e2yelerini anlatt\u0131\u011f\u0131 A Tak\u0131m\u0131 serisinin yedinci kitab\u0131 Astronot K\u00f6pek Laika\u2019n\u0131n An\u0131s\u0131na yine soluk solu\u011fa okuyaca\u011f\u0131n\u0131z bir macera sunuyor.   Bu kez Samur Kuyruk kelaynak yumurtas\u0131 h\u0131rs\u0131zlar\u0131n\u0131n izini s\u00fcr\u00fcyor, Sar\u0131 Kulak\u2019\u0131n ba\u015f\u0131 birazc\u0131k derde giriyor, kurt k\u00f6peklerinin anne babalar\u0131ysa kay\u0131p alt\u0131nlar\u0131n pe\u015fine d\u00fc\u015f\u00fcyor. Bakal\u0131m Laika ad\u0131ndaki bir ba\u015fka kahraman k\u00f6pek i\u00e7in d\u00fczenlenen anma t\u00f6renine kimler kat\u0131labilecek? <\/p>\n","protected":false},"excerpt":{"rendered":"<p>G\u00fclten Day\u0131o\u011flu\u2019nun iz s\u00fcr\u00fcc\u00fc dokuz kurt k\u00f6pe\u011fi karde\u015fin hik\u00e2yelerini anlatt\u0131\u011f\u0131 A Tak\u0131m\u0131 serisinin yedinci kitab\u0131 Astronot K\u00f6pek Laika\u2019n\u0131n An\u0131s\u0131na yine soluk solu\u011fa okuyaca\u011f\u0131n\u0131z bir macera sunuyor.<span class=\"excerpt-hellip\"> [\u2026]<\/span><\/p>\n","protected":false},"featured_media":0,"template":"","meta":{"_monsterinsights_skip_tracking":false,"_monsterinsights_sitenote_active":false,"_monsterinsights_sitenote_note":"","_monsterinsights_sitenote_category":0},"product_brand":[],"product_cat":[12274,12284],"product_tag":[],"class_list":{"0":"post-773052","1":"product","2":"type-product","3":"status-publish","5":"product_cat-cocuk-ve-genclik-kitaplari","6":"product_cat-hikayeler","7":"pa_cilt-ciltsiz","8":"pa_tur-kitap","9":"pa_yayinevi-yapi-kredi-yayinlari","10":"pa_yazar-gulten-dayioglu","12":"first","13":"instock","14":"sale","15":"shipping-taxable","16":"purchasable","17":"product-type-simple"},"_links":{"self":[{"href":"https:\/\/roveyayinevi.com.tr\/index.php\/wp-json\/wp\/v2\/product\/773052","targetHints":{"allow":["GET"]}}],"collection":[{"href":"https:\/\/roveyayinevi.com.tr\/index.php\/wp-json\/wp\/v2\/product"}],"about":[{"href":"https:\/\/roveyayinevi.com.tr\/index.php\/wp-json\/wp\/v2\/types\/product"}],"wp:attachment":[{"href":"https:\/\/roveyayinevi.com.tr\/index.php\/wp-json\/wp\/v2\/media?parent=773052"}],"wp:term":[{"taxonomy":"product_brand","embeddable":true,"href":"https:\/\/roveyayinevi.com.tr\/index.php\/wp-json\/wp\/v2\/product_brand?post=773052"},{"taxonomy":"product_cat","embeddable":true,"href":"https:\/\/roveyayinevi.com.tr\/index.php\/wp-json\/wp\/v2\/product_cat?post=773052"},{"taxonomy":"product_tag","embeddable":true,"href":"https:\/\/roveyayinevi.com.tr\/index.php\/wp-json\/wp\/v2\/product_tag?post=773052"}],"curies":[{"name":"wp","href":"https:\/\/api.w.org\/{rel}","templated":true}]}}