{"id":773049,"date":"2025-08-28T16:02:02","date_gmt":"2025-08-28T13:02:02","guid":{"rendered":"https:\/\/roveyayinevi.com.tr\/index.php\/urun\/annem-ile-babam-ayriliyor\/"},"modified":"2026-04-15T03:39:20","modified_gmt":"2026-04-15T00:39:20","slug":"annem-ile-babam-ayriliyor","status":"publish","type":"product","link":"https:\/\/roveyayinevi.com.tr\/index.php\/urun\/annem-ile-babam-ayriliyor\/","title":{"rendered":"Annem \u0130le Babam Ayr\u0131l\u0131yor"},"content":{"rendered":"<p>Meltem\u2019in annesi ile babas\u0131 ayr\u0131l\u0131yor. K\u00fc\u00e7\u00fck k\u0131z\u0131n akl\u0131na pek \u00e7ok soru geliyor: Neden b\u00f6yle oldu? Yoksa onun y\u00fcz\u00fcnden mi ayr\u0131l\u0131yorlar? Annesiyle babas\u0131n\u0131 yeniden bir araya getirmek m\u00fcmk\u00fcn m\u00fc? Meltem art\u0131k hep \u00fczg\u00fcn m\u00fc hissedecek?   Meltem ve en yak\u0131n arkada\u015f\u0131 R\u00fczg\u00e2r b\u00fct\u00fcn bu sorulara beraber yan\u0131t ar\u0131yorlar.   Bir \u00e7ocukla ayr\u0131l\u0131k konusunu konu\u015fmak i\u00e7in do\u011fru s\u00f6zc\u00fckleri se\u00e7mek kolay de\u011fildir. Bu kitap \u00e7ocuklar\u0131n kayg\u0131lar\u0131 ve duygular\u0131na y\u00f6nelik do\u011fru s\u00f6zc\u00fckleri kullanmak ve annelerle babalar\u0131n yararlanabilecekleri deneyimleri aktarmak i\u00e7in haz\u0131rland\u0131. <\/p>\n","protected":false},"excerpt":{"rendered":"<p>Meltem\u2019in annesi ile babas\u0131 ayr\u0131l\u0131yor. K\u00fc\u00e7\u00fck k\u0131z\u0131n akl\u0131na pek \u00e7ok soru geliyor: Neden b\u00f6yle oldu? Yoksa onun y\u00fcz\u00fcnden mi ayr\u0131l\u0131yorlar? Annesiyle babas\u0131n\u0131 yeniden bir araya getirmek<span class=\"excerpt-hellip\"> [\u2026]<\/span><\/p>\n","protected":false},"featured_media":0,"template":"","meta":{"_monsterinsights_skip_tracking":false,"_monsterinsights_sitenote_active":false,"_monsterinsights_sitenote_note":"","_monsterinsights_sitenote_category":0},"product_brand":[],"product_cat":[12274,12518],"product_tag":[],"class_list":{"0":"post-773049","1":"product","2":"type-product","3":"status-publish","5":"product_cat-cocuk-ve-genclik-kitaplari","6":"product_cat-okul-oncesi-kitaplar","7":"pa_cilt-ciltsiz","8":"pa_tur-kitap","9":"pa_yayinevi-yapi-kredi-yayinlari","10":"pa_yazar-sophie-furlaud","12":"first","13":"instock","14":"sale","15":"shipping-taxable","16":"purchasable","17":"product-type-simple"},"_links":{"self":[{"href":"https:\/\/roveyayinevi.com.tr\/index.php\/wp-json\/wp\/v2\/product\/773049","targetHints":{"allow":["GET"]}}],"collection":[{"href":"https:\/\/roveyayinevi.com.tr\/index.php\/wp-json\/wp\/v2\/product"}],"about":[{"href":"https:\/\/roveyayinevi.com.tr\/index.php\/wp-json\/wp\/v2\/types\/product"}],"wp:attachment":[{"href":"https:\/\/roveyayinevi.com.tr\/index.php\/wp-json\/wp\/v2\/media?parent=773049"}],"wp:term":[{"taxonomy":"product_brand","embeddable":true,"href":"https:\/\/roveyayinevi.com.tr\/index.php\/wp-json\/wp\/v2\/product_brand?post=773049"},{"taxonomy":"product_cat","embeddable":true,"href":"https:\/\/roveyayinevi.com.tr\/index.php\/wp-json\/wp\/v2\/product_cat?post=773049"},{"taxonomy":"product_tag","embeddable":true,"href":"https:\/\/roveyayinevi.com.tr\/index.php\/wp-json\/wp\/v2\/product_tag?post=773049"}],"curies":[{"name":"wp","href":"https:\/\/api.w.org\/{rel}","templated":true}]}}