{"id":773048,"date":"2025-08-28T16:02:00","date_gmt":"2025-08-28T13:02:00","guid":{"rendered":"https:\/\/roveyayinevi.com.tr\/index.php\/urun\/turgut-uyar-siirinin-olusumu\/"},"modified":"2026-04-15T03:39:20","modified_gmt":"2026-04-15T00:39:20","slug":"turgut-uyar-siirinin-olusumu","status":"publish","type":"product","link":"https:\/\/roveyayinevi.com.tr\/index.php\/urun\/turgut-uyar-siirinin-olusumu\/","title":{"rendered":"Turgut Uyar \u015eiirinin Olu\u015fumu"},"content":{"rendered":"<p>Enis Ak\u0131n, modern \u015fiirimizin tarihindeki ak\u0131mlar\u0131n\/hareketlerin niteli\u011fini ve Turgut Uyar oda\u011f\u0131nda \u0130kinci Yeni \u015fiirinin ortaya \u00e7\u0131k\u0131\u015f\u0131yla ya\u015fanan dalgalanmalar\u0131 inceliyor. \u0130kinci Yeni \u015fairleri aras\u0131nda Uyar\u2019\u0131n rol\u00fcn\u00fc belirlerken onun \u015fiirindeki geli\u015fim \u00e7izgisini vurguluyor. T\u00fcrkiyem\u2019den D\u00fcnyan\u0131n En G\u00fczel Arabistan\u0131\u2019na ge\u00e7i\u015f h\u0131z\u0131n\u0131, bu b\u00fcy\u00fck s\u0131\u00e7ray\u0131\u015f\u0131n dinamiklerini \u015fairin ya\u015fam\u0131na, sanat \u00e7evresine bakarak \u00e7\u00f6z\u00fcml\u00fcyor.   Turgut Uyar\u2019\u0131n hem \u0130kinci Yeni i\u00e7indeki hem \u00f6nceki-sonraki ku\u015faklar bak\u0131m\u0131ndan yeri neresidir, g\u00fcn\u00fcm\u00fcz \u015fiirini hangi y\u00f6nleriyle etkiledi, B. Karasu\u2019ya yak\u0131nl\u0131\u011f\u0131n\u0131 yahut A. \u0130lhan\u2019a uzakl\u0131\u011f\u0131n\u0131 nas\u0131l anlamal\u0131, \u015fiirde neleri denedi, acemiliklerin efendisi ya da ustal\u0131klar\u0131n acemisi olmak ne demekti, toplumsal siyasal geli\u015fmeler kar\u015f\u0131s\u0131nda ne yapt\u0131, ki\u015fili\u011fini neler belirledi, aile hayat\u0131 nas\u0131ld\u0131? T\u00fcm bu sorulara yaz\u0131l\u0131\/s\u00f6zl\u00fc kaynaklarla yan\u0131tlar arayan, bulduklar\u0131n\u0131 tart\u0131\u015fan bir kitap Turgut Uyar \u015eiirinin Olu\u015fumu. <\/p>\n","protected":false},"excerpt":{"rendered":"<p>Enis Ak\u0131n, modern \u015fiirimizin tarihindeki ak\u0131mlar\u0131n\/hareketlerin niteli\u011fini ve Turgut Uyar oda\u011f\u0131nda \u0130kinci Yeni \u015fiirinin ortaya \u00e7\u0131k\u0131\u015f\u0131yla ya\u015fanan dalgalanmalar\u0131 inceliyor. \u0130kinci Yeni \u015fairleri aras\u0131nda Uyar\u2019\u0131n rol\u00fcn\u00fc belirlerken<span class=\"excerpt-hellip\"> [\u2026]<\/span><\/p>\n","protected":false},"featured_media":0,"template":"","meta":{"_monsterinsights_skip_tracking":false,"_monsterinsights_sitenote_active":false,"_monsterinsights_sitenote_note":"","_monsterinsights_sitenote_category":0},"product_brand":[],"product_cat":[13072,12291],"product_tag":[],"class_list":{"0":"post-773048","1":"product","2":"type-product","3":"status-publish","5":"product_cat-arastirma-inceleme-referans","6":"product_cat-edebiyat","7":"pa_cilt-ciltsiz","8":"pa_tur-kitap","9":"pa_yayinevi-yapi-kredi-yayinlari","10":"pa_yazar-enis-akin","12":"first","13":"instock","14":"sale","15":"shipping-taxable","16":"purchasable","17":"product-type-simple"},"_links":{"self":[{"href":"https:\/\/roveyayinevi.com.tr\/index.php\/wp-json\/wp\/v2\/product\/773048","targetHints":{"allow":["GET"]}}],"collection":[{"href":"https:\/\/roveyayinevi.com.tr\/index.php\/wp-json\/wp\/v2\/product"}],"about":[{"href":"https:\/\/roveyayinevi.com.tr\/index.php\/wp-json\/wp\/v2\/types\/product"}],"wp:attachment":[{"href":"https:\/\/roveyayinevi.com.tr\/index.php\/wp-json\/wp\/v2\/media?parent=773048"}],"wp:term":[{"taxonomy":"product_brand","embeddable":true,"href":"https:\/\/roveyayinevi.com.tr\/index.php\/wp-json\/wp\/v2\/product_brand?post=773048"},{"taxonomy":"product_cat","embeddable":true,"href":"https:\/\/roveyayinevi.com.tr\/index.php\/wp-json\/wp\/v2\/product_cat?post=773048"},{"taxonomy":"product_tag","embeddable":true,"href":"https:\/\/roveyayinevi.com.tr\/index.php\/wp-json\/wp\/v2\/product_tag?post=773048"}],"curies":[{"name":"wp","href":"https:\/\/api.w.org\/{rel}","templated":true}]}}