{"id":773047,"date":"2025-08-28T16:01:59","date_gmt":"2025-08-28T13:01:59","guid":{"rendered":"https:\/\/roveyayinevi.com.tr\/index.php\/urun\/crocenin-estetigi\/"},"modified":"2026-04-15T03:39:20","modified_gmt":"2026-04-15T00:39:20","slug":"crocenin-estetigi","status":"publish","type":"product","link":"https:\/\/roveyayinevi.com.tr\/index.php\/urun\/crocenin-estetigi\/","title":{"rendered":"Croce\u2019nin Esteti\u011fi"},"content":{"rendered":"<p>Bedrettin C\u00f6mert\u2019in Benedetto Croce\u2019nin esteti\u011fi \u00fczerine haz\u0131rlad\u0131\u011f\u0131 bu inceleme esteti\u011fin alg\u0131lan\u0131\u015f fikriyle ilgili \u00e7at\u0131\u015fmalar\u0131, yarat\u0131c\u0131 d\u00fc\u015f\u00fcnceye etkilerini ve 20. y\u00fczy\u0131l\u0131n son \u00e7eyre\u011finde Ankara\u2019dan bir sanat tarih\u00e7inin d\u00fcnyas\u0131na b\u0131rakt\u0131\u011f\u0131 izleri g\u00f6steriyor. C\u00f6mert\u2019in eseri Croce\u2019nin Esteti\u011fi \u2013 Benedetto Croce\u2019nin Esteti\u011finde \u0130fade Kavram\u0131 ve \u0130fadenin \u0130letimi Sorunu, Croce\u2019yle sanat d\u00fc\u015f\u00fcncesinin ba\u011flar\u0131n\u0131 inceliyor.   Sanat\u0131n do\u011fas\u0131 \u00fczerine kafa yormu\u015f d\u00fc\u015f\u00fcn\u00fcrlerin hemen hepsi, \u015fimdiye dek \u015fu soruya doyurucu bir yan\u0131t bulmaya \u00e7al\u0131\u015fm\u0131\u015flard\u0131r: Sanat nedir? (\u2026)   Sanat\u0131n birden \u00e7ok tan\u0131m\u0131n\u0131n yap\u0131lmas\u0131, dolay\u0131s\u0131yla tan\u0131mlar aras\u0131ndaki ayr\u0131l\u0131k, d\u00fc\u015f\u00fcnce tarihi a\u00e7\u0131s\u0131ndan bir gereksizlik olarak g\u00f6r\u00fclmemelidir elbette, \u00e7\u00fcnk\u00fc \u201csanat nedir?\u201d sorusuna verilen her yan\u0131t, sanat\u0131n do\u011fas\u0131na ili\u015fkin her tan\u0131m, sanat diyebildi\u011fimiz \u00e7ok karma\u015f\u0131k olgunun de\u011fi\u015fik bir yan\u0131n\u0131 ayd\u0131nl\u0131\u011fa kavu\u015fturmu\u015f; insanlar\u0131 sanat yap\u0131t\u0131ndan daha \u00e7ok, daha derin haz alma konusunda daha bilin\u00e7li k\u0131lm\u0131\u015ft\u0131r. <\/p>\n","protected":false},"excerpt":{"rendered":"<p>Bedrettin C\u00f6mert\u2019in Benedetto Croce\u2019nin esteti\u011fi \u00fczerine haz\u0131rlad\u0131\u011f\u0131 bu inceleme esteti\u011fin alg\u0131lan\u0131\u015f fikriyle ilgili \u00e7at\u0131\u015fmalar\u0131, yarat\u0131c\u0131 d\u00fc\u015f\u00fcnceye etkilerini ve 20. y\u00fczy\u0131l\u0131n son \u00e7eyre\u011finde Ankara\u2019dan bir sanat tarih\u00e7inin<span class=\"excerpt-hellip\"> [\u2026]<\/span><\/p>\n","protected":false},"featured_media":0,"template":"","meta":{"_monsterinsights_skip_tracking":false,"_monsterinsights_sitenote_active":false,"_monsterinsights_sitenote_note":"","_monsterinsights_sitenote_category":0},"product_brand":[],"product_cat":[12408],"product_tag":[],"class_list":{"0":"post-773047","1":"product","2":"type-product","3":"status-publish","5":"product_cat-sanat","6":"pa_cilt-ciltsiz","7":"pa_tur-kitap","8":"pa_yayinevi-yapi-kredi-yayinlari","9":"pa_yazar-bedrettin-comert","11":"first","12":"instock","13":"sale","14":"shipping-taxable","15":"purchasable","16":"product-type-simple"},"_links":{"self":[{"href":"https:\/\/roveyayinevi.com.tr\/index.php\/wp-json\/wp\/v2\/product\/773047","targetHints":{"allow":["GET"]}}],"collection":[{"href":"https:\/\/roveyayinevi.com.tr\/index.php\/wp-json\/wp\/v2\/product"}],"about":[{"href":"https:\/\/roveyayinevi.com.tr\/index.php\/wp-json\/wp\/v2\/types\/product"}],"wp:attachment":[{"href":"https:\/\/roveyayinevi.com.tr\/index.php\/wp-json\/wp\/v2\/media?parent=773047"}],"wp:term":[{"taxonomy":"product_brand","embeddable":true,"href":"https:\/\/roveyayinevi.com.tr\/index.php\/wp-json\/wp\/v2\/product_brand?post=773047"},{"taxonomy":"product_cat","embeddable":true,"href":"https:\/\/roveyayinevi.com.tr\/index.php\/wp-json\/wp\/v2\/product_cat?post=773047"},{"taxonomy":"product_tag","embeddable":true,"href":"https:\/\/roveyayinevi.com.tr\/index.php\/wp-json\/wp\/v2\/product_tag?post=773047"}],"curies":[{"name":"wp","href":"https:\/\/api.w.org\/{rel}","templated":true}]}}