{"id":773045,"date":"2025-08-28T16:01:55","date_gmt":"2025-08-28T13:01:55","guid":{"rendered":"https:\/\/roveyayinevi.com.tr\/index.php\/urun\/cagrisimli-nesne-dunyasi\/"},"modified":"2026-04-15T03:39:20","modified_gmt":"2026-04-15T00:39:20","slug":"cagrisimli-nesne-dunyasi","status":"publish","type":"product","link":"https:\/\/roveyayinevi.com.tr\/index.php\/urun\/cagrisimli-nesne-dunyasi\/","title":{"rendered":"\u00c7a\u011fr\u0131\u015f\u0131ml\u0131 Nesne D\u00fcnyas\u0131"},"content":{"rendered":"<p>Bu kitap bilin\u00e7d\u0131\u015f\u0131n\u0131n tek bir yerde olmad\u0131\u011f\u0131n\u0131 ima etmektedir. Ki\u015finin zihinsel ya\u015fam\u0131n\u0131n \u201cbilin\u00e7d\u0131\u015f\u0131nda belirlendi\u011fi\u201dne dair eski d\u00fc\u015f\u00fcnce indirgemeci ve tutucudur. Bir \u00f6znenin bilin\u00e7d\u0131\u015f\u0131 ya\u015fam\u0131na katk\u0131 yapan pek \u00e7ok i\u00e7sel ve d\u0131\u015fsal fakt\u00f6r\u00fc hesaba katmaz. \u0130fadelerimiz bilin\u00e7d\u0131\u015f\u0131ndan do\u011far ama kayna\u011f\u0131 \u00f6m\u00fcr boyu kar\u015f\u0131la\u015ft\u0131\u011f\u0131m\u0131z binlerce \u00e7evredir.   Christopher Bollas 2024\u2019te yay\u0131mlad\u0131\u011f\u0131m\u0131z Sonsuz Soru\u2019nun tamamlay\u0131c\u0131s\u0131 olarak okunabilecek \u00c7a\u011fr\u0131\u015f\u0131ml\u0131 Nesne D\u00fcnyas\u0131\u2019nda Freud\u2019un r\u00fcya kuram\u0131n\u0131 kendi klinik, kuramsal ve k\u00fclt\u00fcrel g\u00f6r\u00fc\u015fleriyle birle\u015ftirerek psikanalitik y\u00f6ntemin yaln\u0131zca insan ruhsall\u0131\u011f\u0131n\u0131 de\u011fil d\u0131\u015f d\u00fcnyaya ait nesneleri de anlamakta kullan\u0131labilece\u011fini g\u00f6steriyor. <\/p>\n","protected":false},"excerpt":{"rendered":"<p>Bu kitap bilin\u00e7d\u0131\u015f\u0131n\u0131n tek bir yerde olmad\u0131\u011f\u0131n\u0131 ima etmektedir. Ki\u015finin zihinsel ya\u015fam\u0131n\u0131n \u201cbilin\u00e7d\u0131\u015f\u0131nda belirlendi\u011fi\u201dne dair eski d\u00fc\u015f\u00fcnce indirgemeci ve tutucudur. Bir \u00f6znenin bilin\u00e7d\u0131\u015f\u0131 ya\u015fam\u0131na katk\u0131 yapan<span class=\"excerpt-hellip\"> [\u2026]<\/span><\/p>\n","protected":false},"featured_media":0,"template":"","meta":{"_monsterinsights_skip_tracking":false,"_monsterinsights_sitenote_active":false,"_monsterinsights_sitenote_note":"","_monsterinsights_sitenote_category":0},"product_brand":[],"product_cat":[12357],"product_tag":[],"class_list":{"0":"post-773045","1":"product","2":"type-product","3":"status-publish","5":"product_cat-psikoloji","6":"pa_cilt-ciltsiz","7":"pa_tur-kitap","8":"pa_yayinevi-yapi-kredi-yayinlari","9":"pa_yazar-christopher-bollas","11":"first","12":"instock","13":"sale","14":"shipping-taxable","15":"purchasable","16":"product-type-simple"},"_links":{"self":[{"href":"https:\/\/roveyayinevi.com.tr\/index.php\/wp-json\/wp\/v2\/product\/773045","targetHints":{"allow":["GET"]}}],"collection":[{"href":"https:\/\/roveyayinevi.com.tr\/index.php\/wp-json\/wp\/v2\/product"}],"about":[{"href":"https:\/\/roveyayinevi.com.tr\/index.php\/wp-json\/wp\/v2\/types\/product"}],"wp:attachment":[{"href":"https:\/\/roveyayinevi.com.tr\/index.php\/wp-json\/wp\/v2\/media?parent=773045"}],"wp:term":[{"taxonomy":"product_brand","embeddable":true,"href":"https:\/\/roveyayinevi.com.tr\/index.php\/wp-json\/wp\/v2\/product_brand?post=773045"},{"taxonomy":"product_cat","embeddable":true,"href":"https:\/\/roveyayinevi.com.tr\/index.php\/wp-json\/wp\/v2\/product_cat?post=773045"},{"taxonomy":"product_tag","embeddable":true,"href":"https:\/\/roveyayinevi.com.tr\/index.php\/wp-json\/wp\/v2\/product_tag?post=773045"}],"curies":[{"name":"wp","href":"https:\/\/api.w.org\/{rel}","templated":true}]}}