{"id":773043,"date":"2025-08-28T16:01:50","date_gmt":"2025-08-28T13:01:50","guid":{"rendered":"https:\/\/roveyayinevi.com.tr\/index.php\/urun\/guvercin-yavru-kopek-istiyor\/"},"modified":"2026-04-15T03:39:20","modified_gmt":"2026-04-15T00:39:20","slug":"guvercin-yavru-kopek-istiyor","status":"publish","type":"product","link":"https:\/\/roveyayinevi.com.tr\/index.php\/urun\/guvercin-yavru-kopek-istiyor\/","title":{"rendered":"G\u00fcvercin Yavru K\u00f6pek \u0130stiyor!"},"content":{"rendered":"<p>G\u00fcvercin yavru bir k\u00f6pe\u011fi olmas\u0131n\u0131 \u00e7ok ama\u00c7OK istiyor. SENCE bu iyi bir fikir mi?Mo Willems New York Times\u2019\u0131n \u00e7oksatan yazar\u0131 ve \u00e7izeridir. Resimli kitaplar\u0131yla Caldecott Onur \u00d6d\u00fcl\u00fc, Teodor Seuss Geisel Madalyas\u0131 ve Geisel Onur \u00d6d\u00fcl\u00fc alarak \u00f6nemli ba\u015far\u0131lara imza atm\u0131\u015ft\u0131r. Ayr\u0131ca d\u00f6nemin \u00fcnl\u00fc program\u0131 Susam Soka\u011f\u0131\u2019nda yazar ve animator olarak \u00e7al\u0131\u015fm\u0131\u015f ve 6 tane Emmy \u00d6d\u00fcl\u00fc kazanm\u0131\u015ft\u0131r. Willems \u015fu an ailesiyle birlikte Massachusetts\u2019te ya\u015famaktad\u0131r.\u201cG\u00fcvercin, son 10 y\u0131l\u0131n \u00f6nemli \u00e7ocuk kitab\u0131karakterleri listesine giren karakterlerden biri&#8230;\u201d<\/p>\n","protected":false},"excerpt":{"rendered":"<p>G\u00fcvercin yavru bir k\u00f6pe\u011fi olmas\u0131n\u0131 \u00e7ok ama\u00c7OK istiyor. SENCE bu iyi bir fikir mi?Mo Willems New York Times\u2019\u0131n \u00e7oksatan yazar\u0131 ve \u00e7izeridir. Resimli kitaplar\u0131yla Caldecott Onur<span class=\"excerpt-hellip\"> [\u2026]<\/span><\/p>\n","protected":false},"featured_media":0,"template":"","meta":{"_monsterinsights_skip_tracking":false,"_monsterinsights_sitenote_active":false,"_monsterinsights_sitenote_note":"","_monsterinsights_sitenote_category":0},"product_brand":[],"product_cat":[12274,12284],"product_tag":[],"class_list":{"0":"post-773043","1":"product","2":"type-product","3":"status-publish","5":"product_cat-cocuk-ve-genclik-kitaplari","6":"product_cat-hikayeler","7":"pa_cilt-ciltsiz","8":"pa_tur-kitap","9":"pa_yayinevi-ucan-fil-yayinlari","10":"pa_yazar-mo-willems","12":"first","13":"instock","14":"sale","15":"shipping-taxable","16":"purchasable","17":"product-type-simple"},"_links":{"self":[{"href":"https:\/\/roveyayinevi.com.tr\/index.php\/wp-json\/wp\/v2\/product\/773043","targetHints":{"allow":["GET"]}}],"collection":[{"href":"https:\/\/roveyayinevi.com.tr\/index.php\/wp-json\/wp\/v2\/product"}],"about":[{"href":"https:\/\/roveyayinevi.com.tr\/index.php\/wp-json\/wp\/v2\/types\/product"}],"wp:attachment":[{"href":"https:\/\/roveyayinevi.com.tr\/index.php\/wp-json\/wp\/v2\/media?parent=773043"}],"wp:term":[{"taxonomy":"product_brand","embeddable":true,"href":"https:\/\/roveyayinevi.com.tr\/index.php\/wp-json\/wp\/v2\/product_brand?post=773043"},{"taxonomy":"product_cat","embeddable":true,"href":"https:\/\/roveyayinevi.com.tr\/index.php\/wp-json\/wp\/v2\/product_cat?post=773043"},{"taxonomy":"product_tag","embeddable":true,"href":"https:\/\/roveyayinevi.com.tr\/index.php\/wp-json\/wp\/v2\/product_tag?post=773043"}],"curies":[{"name":"wp","href":"https:\/\/api.w.org\/{rel}","templated":true}]}}