{"id":773036,"date":"2025-08-28T16:01:33","date_gmt":"2025-08-28T13:01:33","guid":{"rendered":"https:\/\/roveyayinevi.com.tr\/index.php\/urun\/eger-pesinden-gelirsem-2\/"},"modified":"2026-04-15T03:39:20","modified_gmt":"2026-04-15T00:39:20","slug":"eger-pesinden-gelirsem-2","status":"publish","type":"product","link":"https:\/\/roveyayinevi.com.tr\/index.php\/urun\/eger-pesinden-gelirsem-2\/","title":{"rendered":"E\u011fer Pe\u015finden Gelirsem 2"},"content":{"rendered":"<p>G\u00f6lgelerin ard\u0131nda b\u00fcy\u00fcyen f\u0131s\u0131lt\u0131lar birer \u00e7\u0131\u011fl\u0131\u011fa d\u00f6n\u00fc\u015f\u00fcyor. Her f\u0131s\u0131lt\u0131 bir direni\u015f, her hayk\u0131r\u0131\u015f bir isyan. Sava\u015f \u00e7oktan ba\u015flam\u0131\u015ft\u0131. Yozla\u015fm\u0131\u015f olan sistem \u00e7\u00f6kecek, geriye kalanlar yeni d\u00fczene biat edecekti. Geriye kalanlar ya da geride kalanlar\u2026 Onlar yaln\u0131zca bir h\u0131rs\u0131z \u00e7etesi de\u011fil, \u00f6rg\u00fcte ba\u015fkald\u0131ranlard\u0131. Onlar \u00e7ocuklu\u011funu y\u00fcre\u011finde ta\u015f\u0131yan d\u00f6rt kimsesizdi ve \u015fimdi \u00f6nlerinde iki yol vard\u0131: Ya karanl\u0131k d\u00fczene boyun e\u011fecekler ya da sava\u015farak \u00f6leceklerdi. Zira pe\u015finden gitti\u011fin her yol, seni kendinle sava\u015fmaya zorlard\u0131. Art\u0131k kurallar\u0131 kimsesiz olanlar yazacakt\u0131. Bu sava\u015f, \u00f6zg\u00fcrl\u00fck i\u00e7in de\u011fil, ya\u015famak i\u00e7in de\u011fil, sadece unutulmamak i\u00e7indi. Bu kez att\u0131klar\u0131 her ad\u0131mda k\u00f6t\u00fclerin \u00e7\u0131\u011fl\u0131klar\u0131 bast\u0131r\u0131lacak ya da onlar \u00f6yle sanacakt\u0131. \u00c7\u00fcnk\u00fc karanl\u0131\u011fa gizlenen yalanlar onlar\u0131 gafil avlayacakt\u0131. \u201cY\u0131k\u0131m getiren devrimler, kimli\u011fi belirsiz g\u00f6lgelerin k\u00fcllerinden do\u011far.\u201d Not: Yeti\u015fkin okurlar i\u00e7indir.<\/p>\n","protected":false},"excerpt":{"rendered":"<p>G\u00f6lgelerin ard\u0131nda b\u00fcy\u00fcyen f\u0131s\u0131lt\u0131lar birer \u00e7\u0131\u011fl\u0131\u011fa d\u00f6n\u00fc\u015f\u00fcyor. Her f\u0131s\u0131lt\u0131 bir direni\u015f, her hayk\u0131r\u0131\u015f bir isyan. Sava\u015f \u00e7oktan ba\u015flam\u0131\u015ft\u0131. Yozla\u015fm\u0131\u015f olan sistem \u00e7\u00f6kecek, geriye kalanlar yeni d\u00fczene<span class=\"excerpt-hellip\"> [\u2026]<\/span><\/p>\n","protected":false},"featured_media":0,"template":"","meta":{"_monsterinsights_skip_tracking":false,"_monsterinsights_sitenote_active":false,"_monsterinsights_sitenote_note":"","_monsterinsights_sitenote_category":0},"product_brand":[],"product_cat":[12291,12711],"product_tag":[],"class_list":{"0":"post-773036","1":"product","2":"type-product","3":"status-publish","5":"product_cat-edebiyat","6":"product_cat-roman-oyku","7":"pa_cilt-ciltsiz","8":"pa_tur-kitap","9":"pa_yayinevi-guardian","10":"pa_yazar-emre-gul","12":"first","13":"instock","14":"sale","15":"shipping-taxable","16":"purchasable","17":"product-type-simple"},"_links":{"self":[{"href":"https:\/\/roveyayinevi.com.tr\/index.php\/wp-json\/wp\/v2\/product\/773036","targetHints":{"allow":["GET"]}}],"collection":[{"href":"https:\/\/roveyayinevi.com.tr\/index.php\/wp-json\/wp\/v2\/product"}],"about":[{"href":"https:\/\/roveyayinevi.com.tr\/index.php\/wp-json\/wp\/v2\/types\/product"}],"wp:attachment":[{"href":"https:\/\/roveyayinevi.com.tr\/index.php\/wp-json\/wp\/v2\/media?parent=773036"}],"wp:term":[{"taxonomy":"product_brand","embeddable":true,"href":"https:\/\/roveyayinevi.com.tr\/index.php\/wp-json\/wp\/v2\/product_brand?post=773036"},{"taxonomy":"product_cat","embeddable":true,"href":"https:\/\/roveyayinevi.com.tr\/index.php\/wp-json\/wp\/v2\/product_cat?post=773036"},{"taxonomy":"product_tag","embeddable":true,"href":"https:\/\/roveyayinevi.com.tr\/index.php\/wp-json\/wp\/v2\/product_tag?post=773036"}],"curies":[{"name":"wp","href":"https:\/\/api.w.org\/{rel}","templated":true}]}}