{"id":773035,"date":"2025-08-28T16:01:30","date_gmt":"2025-08-28T13:01:30","guid":{"rendered":"https:\/\/roveyayinevi.com.tr\/index.php\/urun\/45-durak\/"},"modified":"2026-04-15T03:39:20","modified_gmt":"2026-04-15T00:39:20","slug":"45-durak","status":"publish","type":"product","link":"https:\/\/roveyayinevi.com.tr\/index.php\/urun\/45-durak\/","title":{"rendered":"45. Durak"},"content":{"rendered":"<p>&#8211; Poster                 &#8211; Ayra\u00e7                 &#8211; Karakter mektubu   \u201cG\u00fcven, insan\u0131 insana kavu\u015fturan yoldur. \u0130nsanlar\u0131 bir fiil olarak gitti\u011finde de\u011fil, y\u00fcr\u00fcd\u00fc\u011f\u00fcn yolu \u015f\u00fcphe ate\u015fiyle yakt\u0131\u011f\u0131nda kaybedersin.&#8221;   Akasya, ge\u00e7mi\u015fin izlerinden kurtulmak i\u00e7in her y\u0131l haziran ay\u0131nda ba\u015fka bir \u015fehirde farkl\u0131 birisi olarak hayata yeniden ba\u015flar. Ard\u0131nda kalan \u015fehirlerde yaln\u0131zca an\u0131lar\u0131n\u0131 de\u011fil, kendinden par\u00e7alar da b\u0131rak\u0131r.    Bir haziran ak\u015fam\u0131 daha karanl\u0131\u011fa kar\u0131\u015f\u0131rken bu sefer Ankara\u2019ya do\u011fru yol al\u0131r. Bu \u015fehrin yaln\u0131zca bir durak de\u011fil, ge\u00e7mi\u015fiyle y\u00fczle\u015fece\u011fi bir ba\u015flang\u0131\u00e7 olaca\u011f\u0131ndan bihaberdir.   K\u0131rk be\u015finci durakta kar\u015f\u0131la\u015ft\u0131\u011f\u0131 Yekta Emir Ilgaz, kaybetti\u011fi an\u0131lar\u0131n izlerini bir bir g\u00fcn y\u00fcz\u00fcne \u00e7\u0131karacak, Akasya\u2019n\u0131n t\u00fcm do\u011frular\u0131n\u0131 yerle bir edecektir. Ayn\u0131 ac\u0131lardan ge\u00e7mi\u015f ama farkl\u0131 yollarda y\u00fcr\u00fcm\u00fc\u015f bu adam, onu y\u0131llar \u00f6nce b\u0131rakt\u0131\u011f\u0131 karanl\u0131k ge\u00e7mi\u015fin tam ortas\u0131na \u00e7ekecektir.   Peki haziran gelip de ba\u015fka bir \u015fehre gitme vakti geldi\u011finde Akasya, Ankara\u2019y\u0131 ve en \u00e7ok da Yekta\u2019y\u0131 geride b\u0131rakabilecek midir?   \u201cBuz kesmi\u015f ellerin\u2026 Bir g\u00fcn gideceksin diye mi hep kap\u0131da asili ceketin? Sevgilim, birinin gidi\u015flerini sevebilir misin? Ben sevece\u011fim, ad\u0131mlar\u0131n\u0131 izleyece\u011fim.\u201d <\/p>\n","protected":false},"excerpt":{"rendered":"<p>&#8211; Poster &#8211; Ayra\u00e7 &#8211; Karakter mektubu \u201cG\u00fcven, insan\u0131 insana kavu\u015fturan yoldur. \u0130nsanlar\u0131 bir fiil olarak gitti\u011finde de\u011fil, y\u00fcr\u00fcd\u00fc\u011f\u00fcn yolu \u015f\u00fcphe ate\u015fiyle yakt\u0131\u011f\u0131nda kaybedersin.&#8221; Akasya, ge\u00e7mi\u015fin<span class=\"excerpt-hellip\"> [\u2026]<\/span><\/p>\n","protected":false},"featured_media":0,"template":"","meta":{"_monsterinsights_skip_tracking":false,"_monsterinsights_sitenote_active":false,"_monsterinsights_sitenote_note":"","_monsterinsights_sitenote_category":0},"product_brand":[],"product_cat":[12291,12711],"product_tag":[],"class_list":{"0":"post-773035","1":"product","2":"type-product","3":"status-publish","5":"product_cat-edebiyat","6":"product_cat-roman-oyku","7":"pa_cilt-ciltsiz","8":"pa_tur-kitap","9":"pa_yayinevi-indigo-kitap","10":"pa_yazar-busra-nur","12":"first","13":"instock","14":"sale","15":"shipping-taxable","16":"purchasable","17":"product-type-simple"},"_links":{"self":[{"href":"https:\/\/roveyayinevi.com.tr\/index.php\/wp-json\/wp\/v2\/product\/773035","targetHints":{"allow":["GET"]}}],"collection":[{"href":"https:\/\/roveyayinevi.com.tr\/index.php\/wp-json\/wp\/v2\/product"}],"about":[{"href":"https:\/\/roveyayinevi.com.tr\/index.php\/wp-json\/wp\/v2\/types\/product"}],"wp:attachment":[{"href":"https:\/\/roveyayinevi.com.tr\/index.php\/wp-json\/wp\/v2\/media?parent=773035"}],"wp:term":[{"taxonomy":"product_brand","embeddable":true,"href":"https:\/\/roveyayinevi.com.tr\/index.php\/wp-json\/wp\/v2\/product_brand?post=773035"},{"taxonomy":"product_cat","embeddable":true,"href":"https:\/\/roveyayinevi.com.tr\/index.php\/wp-json\/wp\/v2\/product_cat?post=773035"},{"taxonomy":"product_tag","embeddable":true,"href":"https:\/\/roveyayinevi.com.tr\/index.php\/wp-json\/wp\/v2\/product_tag?post=773035"}],"curies":[{"name":"wp","href":"https:\/\/api.w.org\/{rel}","templated":true}]}}