{"id":773033,"date":"2025-08-28T16:01:24","date_gmt":"2025-08-28T13:01:24","guid":{"rendered":"https:\/\/roveyayinevi.com.tr\/index.php\/urun\/beygul\/"},"modified":"2026-04-15T03:39:20","modified_gmt":"2026-04-15T00:39:20","slug":"beygul","status":"publish","type":"product","link":"https:\/\/roveyayinevi.com.tr\/index.php\/urun\/beygul\/","title":{"rendered":"Beyg\u00fcl"},"content":{"rendered":"<p>\u201cHerhangi bir sabah\u0131n ayaz\u0131nda, ger\u00e7e\u011fimi bulaca\u011f\u0131m g\u00fcn\u00fcn \u00fcmidiyle, bekliyorum.\u201d Beyg\u00fcl: Bey Da\u011flar\u0131 ve G\u00fcll\u00fck Da\u011f\u0131\u2019na bakan bir kasabada, ismini da\u011flardan alan bir \u00e7ocuk. Aile, mahalle, okul, arkada\u015flar; t\u00fcm bunlar onun i\u00e7in s\u0131radan hayat\u0131n, s\u0131radan insanlar\u0131n k\u00f6t\u00fcl\u00fcklerini g\u00f6zlemleyebilece\u011fi, \u00f6\u011frenebilece\u011fi ortamlard\u0131r sadece. Daha kendi tam adland\u0131ramam\u0131\u015fken bile varolu\u015fu, cinsel y\u00f6nelimi nedeniyle ac\u0131mas\u0131zca savrulabilece\u011finin fark\u0131ndad\u0131r ve etraf\u0131nda bir z\u0131rh \u00f6rmek, kendini korumak i\u00e7in bildi\u011fi tek yoldur. Menek\u015fe G\u00fclben bu ilk roman\u0131nda Beyg\u00fcl\u2019\u00fcn gitti\u011fi yeni \u015fehirlerde, yeni \u00fclkelerdeki yaln\u0131zl\u0131\u011f\u0131na, korkular\u0131na, cesaretine ortak olmaya \u00e7a\u011f\u0131r\u0131yor okuru ve \u00fcrk\u00fct\u00fcc\u00fc, zor bir soru b\u0131rak\u0131yor geride: Ya\u015fanmam\u0131\u015f yak\u0131nl\u0131klara duyulan \u00f6zlemle \u00e7\u0131k\u0131lan yollar, \u015fifaya m\u0131 yoksa hayal k\u0131r\u0131kl\u0131klar\u0131na m\u0131 a\u00e7\u0131l\u0131r?   Ev olmak iyi bir masalc\u0131ya sahip olmak demekti, her y\u0131k\u0131mda yeni bir masal \u00fcreten bir ev hakikati s\u00fcrekli ve devaml\u0131 olarak geciktirirdi, b\u00f6ylece hakikat s\u00fcrekli ve devaml\u0131 yeniden yarat\u0131lan bir masal olarak kal\u0131rd\u0131. Sadece ba\u015f\u0131n\u0131 sokacak bir evi olanlar ise y\u0131k\u0131k bir evde ya\u015famak zorunda b\u0131rak\u0131lanlard\u0131, masalc\u0131lar\u0131 yoktu ya da \u00e7oktan \u00f6lm\u00fc\u015ft\u00fc, o evdekilerin \u00f6mr\u00fc evin \u00f6mr\u00fc kadard\u0131, ev \u00f6l\u00fcnce i\u00e7indekileri de beraberinde \u00f6ld\u00fcr\u00fcrd\u00fc.<\/p>\n","protected":false},"excerpt":{"rendered":"<p>\u201cHerhangi bir sabah\u0131n ayaz\u0131nda, ger\u00e7e\u011fimi bulaca\u011f\u0131m g\u00fcn\u00fcn \u00fcmidiyle, bekliyorum.\u201d Beyg\u00fcl: Bey Da\u011flar\u0131 ve G\u00fcll\u00fck Da\u011f\u0131\u2019na bakan bir kasabada, ismini da\u011flardan alan bir \u00e7ocuk. Aile, mahalle, okul,<span class=\"excerpt-hellip\"> [\u2026]<\/span><\/p>\n","protected":false},"featured_media":0,"template":"","meta":{"_monsterinsights_skip_tracking":false,"_monsterinsights_sitenote_active":false,"_monsterinsights_sitenote_note":"","_monsterinsights_sitenote_category":0},"product_brand":[],"product_cat":[12291,18202],"product_tag":[],"class_list":{"0":"post-773033","1":"product","2":"type-product","3":"status-publish","5":"product_cat-edebiyat","6":"product_cat-hikaye","7":"pa_cilt-ciltsiz","8":"pa_tur-kitap","9":"pa_yayinevi-everest-yayinlari","10":"pa_yazar-menekse-gulben","12":"first","13":"instock","14":"sale","15":"shipping-taxable","16":"purchasable","17":"product-type-simple"},"_links":{"self":[{"href":"https:\/\/roveyayinevi.com.tr\/index.php\/wp-json\/wp\/v2\/product\/773033","targetHints":{"allow":["GET"]}}],"collection":[{"href":"https:\/\/roveyayinevi.com.tr\/index.php\/wp-json\/wp\/v2\/product"}],"about":[{"href":"https:\/\/roveyayinevi.com.tr\/index.php\/wp-json\/wp\/v2\/types\/product"}],"wp:attachment":[{"href":"https:\/\/roveyayinevi.com.tr\/index.php\/wp-json\/wp\/v2\/media?parent=773033"}],"wp:term":[{"taxonomy":"product_brand","embeddable":true,"href":"https:\/\/roveyayinevi.com.tr\/index.php\/wp-json\/wp\/v2\/product_brand?post=773033"},{"taxonomy":"product_cat","embeddable":true,"href":"https:\/\/roveyayinevi.com.tr\/index.php\/wp-json\/wp\/v2\/product_cat?post=773033"},{"taxonomy":"product_tag","embeddable":true,"href":"https:\/\/roveyayinevi.com.tr\/index.php\/wp-json\/wp\/v2\/product_tag?post=773033"}],"curies":[{"name":"wp","href":"https:\/\/api.w.org\/{rel}","templated":true}]}}