{"id":773032,"date":"2025-08-28T16:01:22","date_gmt":"2025-08-28T13:01:22","guid":{"rendered":"https:\/\/roveyayinevi.com.tr\/index.php\/urun\/miraculous-ugur-bocegi-ile-kara-kedi-1\/"},"modified":"2026-04-15T03:39:20","modified_gmt":"2026-04-15T00:39:20","slug":"miraculous-ugur-bocegi-ile-kara-kedi-1","status":"publish","type":"product","link":"https:\/\/roveyayinevi.com.tr\/index.php\/urun\/miraculous-ugur-bocegi-ile-kara-kedi-1\/","title":{"rendered":"Miraculous: U\u011fur B\u00f6ce\u011fi ile Kara Kedi 1"},"content":{"rendered":"<p>MAR\u0130NETTE, PAR\u0130S\u2019TE YA\u015eAYAN SIRADAN B\u0130R L\u0130SE \u00d6\u011eRENC\u0130S\u0130D\u0130R. G\u00dcNL\u00dcK HAYATTA SAKARIN TEK\u0130D\u0130R AMA \u201cKWAM\u0130\u201dS\u0130N\u0130N SAH\u0130P OLDU\u011eU TUHAF G\u00dc\u00c7 \u0130LE S\u00dcPER KAHRAMAN \u201cU\u011eUR B\u00d6CE\u011e\u0130\u201dNE D\u00d6N\u00dc\u015e\u00dcR!!   PAR\u0130S HALKINI KONTROL ED\u0130P ONLARA K\u00d6T\u00dcL\u00dcK YAPTIRAN HAWKMOTH\u2019A KAR\u015eI ORTA\u011eI \u201cKARA KED\u0130\u201d \u0130LE BERABER HAVALI VE SEV\u0130ML\u0130 B\u0130R \u015eEK\u0130LDE SAVA\u015eIR! <\/p>\n","protected":false},"excerpt":{"rendered":"<p>MAR\u0130NETTE, PAR\u0130S\u2019TE YA\u015eAYAN SIRADAN B\u0130R L\u0130SE \u00d6\u011eRENC\u0130S\u0130D\u0130R. G\u00dcNL\u00dcK HAYATTA SAKARIN TEK\u0130D\u0130R AMA \u201cKWAM\u0130\u201dS\u0130N\u0130N SAH\u0130P OLDU\u011eU TUHAF G\u00dc\u00c7 \u0130LE S\u00dcPER KAHRAMAN \u201cU\u011eUR B\u00d6CE\u011e\u0130\u201dNE D\u00d6N\u00dc\u015e\u00dcR!! PAR\u0130S HALKINI KONTROL<span class=\"excerpt-hellip\"> [\u2026]<\/span><\/p>\n","protected":false},"featured_media":0,"template":"","meta":{"_monsterinsights_skip_tracking":false,"_monsterinsights_sitenote_active":false,"_monsterinsights_sitenote_note":"","_monsterinsights_sitenote_category":0},"product_brand":[],"product_cat":[12416,12291],"product_tag":[],"class_list":{"0":"post-773032","1":"product","2":"type-product","3":"status-publish","5":"product_cat-cizgi-roman","6":"product_cat-edebiyat","7":"pa_cilt-ciltsiz","8":"pa_tur-kitap","9":"pa_yayinevi-athica-yayinlari","10":"pa_yazar-zag","12":"first","13":"instock","14":"sale","15":"shipping-taxable","16":"purchasable","17":"product-type-simple"},"_links":{"self":[{"href":"https:\/\/roveyayinevi.com.tr\/index.php\/wp-json\/wp\/v2\/product\/773032","targetHints":{"allow":["GET"]}}],"collection":[{"href":"https:\/\/roveyayinevi.com.tr\/index.php\/wp-json\/wp\/v2\/product"}],"about":[{"href":"https:\/\/roveyayinevi.com.tr\/index.php\/wp-json\/wp\/v2\/types\/product"}],"wp:attachment":[{"href":"https:\/\/roveyayinevi.com.tr\/index.php\/wp-json\/wp\/v2\/media?parent=773032"}],"wp:term":[{"taxonomy":"product_brand","embeddable":true,"href":"https:\/\/roveyayinevi.com.tr\/index.php\/wp-json\/wp\/v2\/product_brand?post=773032"},{"taxonomy":"product_cat","embeddable":true,"href":"https:\/\/roveyayinevi.com.tr\/index.php\/wp-json\/wp\/v2\/product_cat?post=773032"},{"taxonomy":"product_tag","embeddable":true,"href":"https:\/\/roveyayinevi.com.tr\/index.php\/wp-json\/wp\/v2\/product_tag?post=773032"}],"curies":[{"name":"wp","href":"https:\/\/api.w.org\/{rel}","templated":true}]}}