{"id":773031,"date":"2025-08-28T16:01:19","date_gmt":"2025-08-28T13:01:19","guid":{"rendered":"https:\/\/roveyayinevi.com.tr\/index.php\/urun\/miraculous-ugur-bocegi-ile-kara-kedi-2\/"},"modified":"2026-04-15T03:39:20","modified_gmt":"2026-04-15T00:39:20","slug":"miraculous-ugur-bocegi-ile-kara-kedi-2","status":"publish","type":"product","link":"https:\/\/roveyayinevi.com.tr\/index.php\/urun\/miraculous-ugur-bocegi-ile-kara-kedi-2\/","title":{"rendered":"Miraculous: U\u011fur B\u00f6ce\u011fi ile Kara Kedi 2"},"content":{"rendered":"<p>MAR\u0130NETTE VE ADR\u0130EN, U\u011eUR B\u00d6CE\u011e\u0130 VE KARA KED\u0130\u2019YE D\u00d6N\u00dc\u015eEREK PAR\u0130S SOKAKLARINDA HAWKMOTH TARAFINDAN AKUMALANAN SINIF ARKADA\u015eLARINI KURTARIR! HAWKMOTH\u2019UN AMACI \u0130SE \u0130NSANLARI AKUMALAYIP S\u00dcPER KAHRAMANLARIMIZIN \u201cMUC\u0130ZE\u201dLER\u0130N\u0130 EL\u0130NE GE\u00c7\u0130RMEKT\u0130R. HAWKMOTH, O\u011eLU ADR\u0130EN\u2019IN KARA KED\u0130 OLAB\u0130LECE\u011e\u0130NDEN \u015e\u00dcPHELENMEYE BA\u015eLAMI\u015eTIR! <\/p>\n","protected":false},"excerpt":{"rendered":"<p>MAR\u0130NETTE VE ADR\u0130EN, U\u011eUR B\u00d6CE\u011e\u0130 VE KARA KED\u0130\u2019YE D\u00d6N\u00dc\u015eEREK PAR\u0130S SOKAKLARINDA HAWKMOTH TARAFINDAN AKUMALANAN SINIF ARKADA\u015eLARINI KURTARIR! HAWKMOTH\u2019UN AMACI \u0130SE \u0130NSANLARI AKUMALAYIP S\u00dcPER KAHRAMANLARIMIZIN \u201cMUC\u0130ZE\u201dLER\u0130N\u0130 EL\u0130NE<span class=\"excerpt-hellip\"> [\u2026]<\/span><\/p>\n","protected":false},"featured_media":0,"template":"","meta":{"_monsterinsights_skip_tracking":false,"_monsterinsights_sitenote_active":false,"_monsterinsights_sitenote_note":"","_monsterinsights_sitenote_category":0},"product_brand":[],"product_cat":[12416,12291],"product_tag":[],"class_list":{"0":"post-773031","1":"product","2":"type-product","3":"status-publish","5":"product_cat-cizgi-roman","6":"product_cat-edebiyat","7":"pa_cilt-ciltsiz","8":"pa_tur-kitap","9":"pa_yayinevi-athica-yayinlari","10":"pa_yazar-zag","12":"first","13":"instock","14":"sale","15":"shipping-taxable","16":"purchasable","17":"product-type-simple"},"_links":{"self":[{"href":"https:\/\/roveyayinevi.com.tr\/index.php\/wp-json\/wp\/v2\/product\/773031","targetHints":{"allow":["GET"]}}],"collection":[{"href":"https:\/\/roveyayinevi.com.tr\/index.php\/wp-json\/wp\/v2\/product"}],"about":[{"href":"https:\/\/roveyayinevi.com.tr\/index.php\/wp-json\/wp\/v2\/types\/product"}],"wp:attachment":[{"href":"https:\/\/roveyayinevi.com.tr\/index.php\/wp-json\/wp\/v2\/media?parent=773031"}],"wp:term":[{"taxonomy":"product_brand","embeddable":true,"href":"https:\/\/roveyayinevi.com.tr\/index.php\/wp-json\/wp\/v2\/product_brand?post=773031"},{"taxonomy":"product_cat","embeddable":true,"href":"https:\/\/roveyayinevi.com.tr\/index.php\/wp-json\/wp\/v2\/product_cat?post=773031"},{"taxonomy":"product_tag","embeddable":true,"href":"https:\/\/roveyayinevi.com.tr\/index.php\/wp-json\/wp\/v2\/product_tag?post=773031"}],"curies":[{"name":"wp","href":"https:\/\/api.w.org\/{rel}","templated":true}]}}