{"id":773030,"date":"2025-08-28T16:01:16","date_gmt":"2025-08-28T13:01:16","guid":{"rendered":"https:\/\/roveyayinevi.com.tr\/index.php\/urun\/miraculous-ugur-bocegi-ile-kara-kedi-3\/"},"modified":"2026-04-15T03:39:20","modified_gmt":"2026-04-15T00:39:20","slug":"miraculous-ugur-bocegi-ile-kara-kedi-3","status":"publish","type":"product","link":"https:\/\/roveyayinevi.com.tr\/index.php\/urun\/miraculous-ugur-bocegi-ile-kara-kedi-3\/","title":{"rendered":"Miraculous: U\u011fur B\u00f6ce\u011fi ile Kara Kedi 3"},"content":{"rendered":"<p>PAR\u0130S SOKAKLARINI KORUYAN U\u011eUR B\u00d6CE\u011e\u0130 VE KARA KED\u0130, ASLINDA SIRADAN L\u0130SE \u00d6\u011eRENC\u0130LER\u0130D\u0130R.   SAKAR MAR\u0130NETTE, SINIF ARKADA\u015eI CHLOE \u0130LE D\u0130D\u0130\u015e\u0130R. ADR\u0130EN \u0130SE BABASININ KATI Y\u00d6NTEMLER\u0130NDEN DOLAYI OKULA B\u0130LE G\u0130DEMEZ.   PEK\u0130 KAHRAMANLARIMIZ G\u00dc\u00c7LER\u0130N\u0130 NASIL ELDE ETT\u0130? BU H\u0130K\u00c2YEDE \u0130K\u0130 L\u0130SEL\u0130N\u0130N DE\u011e\u0130\u015eEN KADERLER\u0130NE VE KAHRAMANLIKLARINA \u015eAH\u0130T OLUN! <\/p>\n","protected":false},"excerpt":{"rendered":"<p>PAR\u0130S SOKAKLARINI KORUYAN U\u011eUR B\u00d6CE\u011e\u0130 VE KARA KED\u0130, ASLINDA SIRADAN L\u0130SE \u00d6\u011eRENC\u0130LER\u0130D\u0130R. SAKAR MAR\u0130NETTE, SINIF ARKADA\u015eI CHLOE \u0130LE D\u0130D\u0130\u015e\u0130R. ADR\u0130EN \u0130SE BABASININ KATI Y\u00d6NTEMLER\u0130NDEN DOLAYI OKULA<span class=\"excerpt-hellip\"> [\u2026]<\/span><\/p>\n","protected":false},"featured_media":0,"template":"","meta":{"_monsterinsights_skip_tracking":false,"_monsterinsights_sitenote_active":false,"_monsterinsights_sitenote_note":"","_monsterinsights_sitenote_category":0},"product_brand":[],"product_cat":[12416,12291],"product_tag":[],"class_list":{"0":"post-773030","1":"product","2":"type-product","3":"status-publish","5":"product_cat-cizgi-roman","6":"product_cat-edebiyat","7":"pa_cilt-ciltsiz","8":"pa_tur-kitap","9":"pa_yayinevi-athica-yayinlari","10":"pa_yazar-zag","12":"first","13":"instock","14":"sale","15":"shipping-taxable","16":"purchasable","17":"product-type-simple"},"_links":{"self":[{"href":"https:\/\/roveyayinevi.com.tr\/index.php\/wp-json\/wp\/v2\/product\/773030","targetHints":{"allow":["GET"]}}],"collection":[{"href":"https:\/\/roveyayinevi.com.tr\/index.php\/wp-json\/wp\/v2\/product"}],"about":[{"href":"https:\/\/roveyayinevi.com.tr\/index.php\/wp-json\/wp\/v2\/types\/product"}],"wp:attachment":[{"href":"https:\/\/roveyayinevi.com.tr\/index.php\/wp-json\/wp\/v2\/media?parent=773030"}],"wp:term":[{"taxonomy":"product_brand","embeddable":true,"href":"https:\/\/roveyayinevi.com.tr\/index.php\/wp-json\/wp\/v2\/product_brand?post=773030"},{"taxonomy":"product_cat","embeddable":true,"href":"https:\/\/roveyayinevi.com.tr\/index.php\/wp-json\/wp\/v2\/product_cat?post=773030"},{"taxonomy":"product_tag","embeddable":true,"href":"https:\/\/roveyayinevi.com.tr\/index.php\/wp-json\/wp\/v2\/product_tag?post=773030"}],"curies":[{"name":"wp","href":"https:\/\/api.w.org\/{rel}","templated":true}]}}