{"id":773029,"date":"2025-08-28T16:01:07","date_gmt":"2025-08-28T13:01:07","guid":{"rendered":"https:\/\/roveyayinevi.com.tr\/index.php\/urun\/kocami-tarafima-nasil-cekerim-1\/"},"modified":"2026-04-15T03:39:20","modified_gmt":"2026-04-15T00:39:20","slug":"kocami-tarafima-nasil-cekerim-1","status":"publish","type":"product","link":"https:\/\/roveyayinevi.com.tr\/index.php\/urun\/kocami-tarafima-nasil-cekerim-1\/","title":{"rendered":"Kocam\u0131 Taraf\u0131ma Nas\u0131l \u00c7ekerim 1"},"content":{"rendered":"<p>BU D\u00dcNYADAK\u0130 LANET BABAM,   BENDEN S\u0130YAS\u0130 B\u0130R EVL\u0130L\u0130K YAPMAMI \u0130STED\u0130   FAKAT ESAS SORUN, EVLENECE\u011e\u0130M K\u0130\u015e\u0130N\u0130N   \u0130LER\u0130DE BEN\u0130 \u00d6LD\u00dcRECEK OLMASI!   \u015eU AN \u0130\u00c7\u0130N \u00d6NCEL\u0130\u011e\u0130M,   HAYATTA KALMANIN B\u0130R YOLUNU BULAB\u0130LMEK!   ACABA KOCASINA \u00c2\u015eIK, A\u0130LES\u0130NE KAR\u015eI DA   ZARARSIZ VE UYSAL B\u0130R\u0130 G\u0130B\u0130 DAVRANSAM   HAYATTA KALMAYI BA\u015eARAB\u0130L\u0130R M\u0130Y\u0130M?   \u201cSANA \u00c2\u015eIK OLDUM!\u201d   L\u00dcTFEN BEN\u0130 \u00d6LD\u00dcRME! <\/p>\n","protected":false},"excerpt":{"rendered":"<p>BU D\u00dcNYADAK\u0130 LANET BABAM, BENDEN S\u0130YAS\u0130 B\u0130R EVL\u0130L\u0130K YAPMAMI \u0130STED\u0130 FAKAT ESAS SORUN, EVLENECE\u011e\u0130M K\u0130\u015e\u0130N\u0130N \u0130LER\u0130DE BEN\u0130 \u00d6LD\u00dcRECEK OLMASI! \u015eU AN \u0130\u00c7\u0130N \u00d6NCEL\u0130\u011e\u0130M, HAYATTA KALMANIN B\u0130R<span class=\"excerpt-hellip\"> [\u2026]<\/span><\/p>\n","protected":false},"featured_media":0,"template":"","meta":{"_monsterinsights_skip_tracking":false,"_monsterinsights_sitenote_active":false,"_monsterinsights_sitenote_note":"","_monsterinsights_sitenote_category":0},"product_brand":[],"product_cat":[12416,12291],"product_tag":[],"class_list":{"0":"post-773029","1":"product","2":"type-product","3":"status-publish","5":"product_cat-cizgi-roman","6":"product_cat-edebiyat","7":"pa_cilt-ciltsiz","8":"pa_tur-kitap","9":"pa_yayinevi-athica-yayinlari","10":"pa_yazar-spice-kitty","12":"first","13":"instock","14":"sale","15":"shipping-taxable","16":"purchasable","17":"product-type-simple"},"_links":{"self":[{"href":"https:\/\/roveyayinevi.com.tr\/index.php\/wp-json\/wp\/v2\/product\/773029","targetHints":{"allow":["GET"]}}],"collection":[{"href":"https:\/\/roveyayinevi.com.tr\/index.php\/wp-json\/wp\/v2\/product"}],"about":[{"href":"https:\/\/roveyayinevi.com.tr\/index.php\/wp-json\/wp\/v2\/types\/product"}],"wp:attachment":[{"href":"https:\/\/roveyayinevi.com.tr\/index.php\/wp-json\/wp\/v2\/media?parent=773029"}],"wp:term":[{"taxonomy":"product_brand","embeddable":true,"href":"https:\/\/roveyayinevi.com.tr\/index.php\/wp-json\/wp\/v2\/product_brand?post=773029"},{"taxonomy":"product_cat","embeddable":true,"href":"https:\/\/roveyayinevi.com.tr\/index.php\/wp-json\/wp\/v2\/product_cat?post=773029"},{"taxonomy":"product_tag","embeddable":true,"href":"https:\/\/roveyayinevi.com.tr\/index.php\/wp-json\/wp\/v2\/product_tag?post=773029"}],"curies":[{"name":"wp","href":"https:\/\/api.w.org\/{rel}","templated":true}]}}