{"id":773028,"date":"2025-08-28T16:01:06","date_gmt":"2025-08-28T13:01:06","guid":{"rendered":"https:\/\/roveyayinevi.com.tr\/index.php\/urun\/bugunun-tasavvufu-2\/"},"modified":"2026-04-15T03:39:20","modified_gmt":"2026-04-15T00:39:20","slug":"bugunun-tasavvufu-2","status":"publish","type":"product","link":"https:\/\/roveyayinevi.com.tr\/index.php\/urun\/bugunun-tasavvufu-2\/","title":{"rendered":"Bug\u00fcn\u00fcn Tasavvufu"},"content":{"rendered":"<p>Hakikat\u2019in Anahtar\u0131 \u0130\u00e7indedir   Tasavvuf, diri bir gelenektir. Her daim tazedir. Her devirde temsilcileri taraf\u0131ndan o devre uygun olarak aktar\u0131l\u0131r. Bu nedenle de insanlar \u00fczerinde ger\u00e7ek d\u00f6n\u00fc\u015f\u00fcmler yarat\u0131r. Ancak zaman de\u011fi\u015ftik\u00e7e, ya\u015fam ve insan da de\u011fi\u015fir. Bununla birlikte zorluklar, engeller ve s\u0131k\u0131nt\u0131lar da de\u011fi\u015fir. Birliktelikler, ev ya\u015fam\u0131, i\u015f ya\u015fam\u0131, sosyal ya\u015fam, hayat\u0131n ritmi ve zihnin yap\u0131s\u0131 da de\u011fi\u015fir. Ve t\u0131pk\u0131 bir \u00e7ocu\u011fun yeti\u015fkinli\u011fe ge\u00e7erken ebeveynleriyle ili\u015fkisinin de\u011fi\u015fti\u011fi gibi, insanlar\u0131n O\u2019nunla ili\u015fkisi de de\u011fi\u015fir. Geriye ger\u00e7ekle\u015fmesi zorunlu bir de\u011fi\u015fim daha kal\u0131r. De\u011fi\u015fen ya\u015fama, de\u011fi\u015fen insana ve onun de\u011fi\u015fen s\u0131k\u0131nt\u0131lar\u0131na cevap verecek ilac\u0131n de\u011fi\u015fimi. Elbette \u00f6z\u00fc sabit tutularak&#8230;   Bug\u00fcn\u00fcn Tasavvufu; a\u011f\u0131r tasavvuf kitaplar\u0131yla hafif romanlar aras\u0131nda kalan ve onu bulundu\u011fu yerden al\u0131p dengeli bir \u015fekilde kar\u015f\u0131ya ge\u00e7irecek k\u00f6pr\u00fcn\u00fcn aray\u0131\u015f\u0131nda olanlar\u0131n talebiyle yaz\u0131lm\u0131\u015ft\u0131r. Hakikat Okyanusu\u2019na \u00f6nce k\u0131y\u0131dan bakmak, sonra sahillerinde dola\u015fmak, kendini haz\u0131r hissetti\u011finde a\u011f\u0131r a\u011f\u0131r i\u00e7ine girmek ve diledi\u011fi zaman da derinle\u015fmek isteyen bug\u00fcn\u00fcn insan\u0131 i\u00e7in; bug\u00fcn\u00fcn ya\u0219ant\u0131s\u0131, bug\u00fcn\u00fcn \u00f6rnekleri ve bug\u00fcn\u00fcn \u00e7\u00f6z\u00fcmleri \u00fczerinden yal\u0131n bir dil kullan\u0131larak kaleme al\u0131nm\u0131\u015ft\u0131r. Bu alanda daha \u00f6nce de\u011finilmemi\u015f detaylar\u0131 i\u00e7eren ve \u201cTasavvufa Giri\u015f\u201d temas\u0131yla sunulan ilk bas\u0131m\u0131n\u0131n \u00fczerinden ge\u00e7en yedi sene boyunca okurlar\u0131ndan gelen yo\u011fun talep \u00fczerine, \u201cTasavvufta Derinle\u015fme\u201d ba\u015fl\u0131klar\u0131n\u0131n da i\u00e7ine kat\u0131ld\u0131\u011f\u0131 b\u00fcy\u00fck bir geni\u015fletmeyle yeniden d\u00fczenlenerek son halini alm\u0131\u015f ve serinin di\u011fer kitaplar\u0131 i\u00e7in de anahtar kitap haline gelmi\u015ftir&#8230;   \u0130nsan\u0131n en b\u00fcy\u00fck maceras\u0131 \u201ckendini bilme maceras\u0131\u201dd\u0131r. Ve bu maceraya girenin ya\u015fam\u0131, bir daha asla eskisi gibi olmayacakt\u0131r&#8230; <\/p>\n","protected":false},"excerpt":{"rendered":"<p>Hakikat\u2019in Anahtar\u0131 \u0130\u00e7indedir Tasavvuf, diri bir gelenektir. Her daim tazedir. Her devirde temsilcileri taraf\u0131ndan o devre uygun olarak aktar\u0131l\u0131r. Bu nedenle de insanlar \u00fczerinde ger\u00e7ek d\u00f6n\u00fc\u015f\u00fcmler<span class=\"excerpt-hellip\"> [\u2026]<\/span><\/p>\n","protected":false},"featured_media":0,"template":"","meta":{"_monsterinsights_skip_tracking":false,"_monsterinsights_sitenote_active":false,"_monsterinsights_sitenote_note":"","_monsterinsights_sitenote_category":0},"product_brand":[],"product_cat":[12718,12719,15238],"product_tag":[],"class_list":{"0":"post-773028","1":"product","2":"type-product","3":"status-publish","5":"product_cat-din","6":"product_cat-islam","7":"product_cat-tasavvuf","8":"pa_cilt-ciltsiz","9":"pa_tur-kitap","10":"pa_yayinevi-destek-yayinlari","11":"pa_yazar-cagri-dorter","13":"first","14":"instock","15":"sale","16":"shipping-taxable","17":"purchasable","18":"product-type-simple"},"_links":{"self":[{"href":"https:\/\/roveyayinevi.com.tr\/index.php\/wp-json\/wp\/v2\/product\/773028","targetHints":{"allow":["GET"]}}],"collection":[{"href":"https:\/\/roveyayinevi.com.tr\/index.php\/wp-json\/wp\/v2\/product"}],"about":[{"href":"https:\/\/roveyayinevi.com.tr\/index.php\/wp-json\/wp\/v2\/types\/product"}],"wp:attachment":[{"href":"https:\/\/roveyayinevi.com.tr\/index.php\/wp-json\/wp\/v2\/media?parent=773028"}],"wp:term":[{"taxonomy":"product_brand","embeddable":true,"href":"https:\/\/roveyayinevi.com.tr\/index.php\/wp-json\/wp\/v2\/product_brand?post=773028"},{"taxonomy":"product_cat","embeddable":true,"href":"https:\/\/roveyayinevi.com.tr\/index.php\/wp-json\/wp\/v2\/product_cat?post=773028"},{"taxonomy":"product_tag","embeddable":true,"href":"https:\/\/roveyayinevi.com.tr\/index.php\/wp-json\/wp\/v2\/product_tag?post=773028"}],"curies":[{"name":"wp","href":"https:\/\/api.w.org\/{rel}","templated":true}]}}