{"id":773027,"date":"2025-08-28T16:01:04","date_gmt":"2025-08-28T13:01:04","guid":{"rendered":"https:\/\/roveyayinevi.com.tr\/index.php\/urun\/dusun-ve-zengin-ol-3\/"},"modified":"2026-04-03T03:31:15","modified_gmt":"2026-04-03T00:31:15","slug":"dusun-ve-zengin-ol-3","status":"publish","type":"product","link":"https:\/\/roveyayinevi.com.tr\/index.php\/urun\/dusun-ve-zengin-ol-3\/","title":{"rendered":"D\u00fc\u015f\u00fcn ve Zengin Ol"},"content":{"rendered":"<p>Zihnin s\u0131n\u0131rlar\u0131 yoktur; hem yoksulluk hem de servet, d\u00fc\u015f\u00fcncenin \u00fcr\u00fcn\u00fcd\u00fcr. -Napoleon Hill   ZENG\u0130NL\u0130\u011e\u0130 HAYAL ETMEKLE KALMAYIN, ONU NASIL YARATACA\u011eINIZI \u00d6\u011eREN\u0130N.   Bir d\u00fc\u015f\u00fcnceyle ba\u015flar her \u015fey. S\u0131radan bir fikrin, hayat\u0131n\u0131z\u0131 sonsuza dek de\u011fi\u015ftirecek bir servete d\u00f6n\u00fc\u015febilece\u011fini hi\u00e7 d\u00fc\u015f\u00fcnd\u00fcn\u00fcz m\u00fc?   Napoleon Hill, bu k\u00fclt eserde yaln\u0131zca \u201czengin olman\u0131n\u201d yollar\u0131n\u0131 anlatm\u0131yor; sizi zihninizin g\u00fcc\u00fcn\u00fc fark etmeye, hayallerinizi kararl\u0131 bir plana d\u00f6n\u00fc\u015ft\u00fcrmeye ve ba\u015far\u0131 bilinciyle yepyeni bir hayat in\u015fa etmeye \u00e7a\u011f\u0131r\u0131yor. Andrew Carnegie\u2019nin ona f\u0131s\u0131ldad\u0131\u011f\u0131 \u201cs\u0131r\u201d 20 y\u0131l\u0131 a\u015fan bir ara\u015ft\u0131rman\u0131n ve y\u00fczlerce milyonerin hik\u00e2yesiyle harmanlan\u0131yor. Bu kitap size neyi yapman\u0131z gerekti\u011fini de\u011fil, onu nas\u0131l yapaca\u011f\u0131n\u0131z\u0131 g\u00f6steriyor. Edison\u2019dan Ford\u2019a, Schwab\u2019dan Roosevelt\u2019e kadar pek \u00e7ok ismin ba\u015far\u0131ya ula\u015f\u0131rken izledi\u011fi yol haritas\u0131n\u0131 ad\u0131m ad\u0131m a\u00e7\u0131kl\u0131yor.   Her b\u00f6l\u00fcmde sizi daha derin bir fark\u0131ndal\u0131\u011fa s\u00fcr\u00fckleyecek olan bu eser, yaln\u0131zca zenginlik de\u011fil; tutku, inan\u00e7, azim ve d\u00f6n\u00fc\u015f\u00fcm isteyen herkes i\u00e7in bir rehber niteli\u011finde.   Zenginlik sadece banka hesab\u0131ndaki rakamlar de\u011fil; sizin i\u00e7inde bulundu\u011funuz ruh halidir. Ve bu kitab\u0131 elinize ald\u0131ysan\u0131z, o ruh haline ula\u015fmaya haz\u0131rs\u0131n\u0131z demektir. <\/p>\n","protected":false},"excerpt":{"rendered":"<p>Zihnin s\u0131n\u0131rlar\u0131 yoktur; hem yoksulluk hem de servet, d\u00fc\u015f\u00fcncenin \u00fcr\u00fcn\u00fcd\u00fcr. -Napoleon Hill ZENG\u0130NL\u0130\u011e\u0130 HAYAL ETMEKLE KALMAYIN, ONU NASIL YARATACA\u011eINIZI \u00d6\u011eREN\u0130N. Bir d\u00fc\u015f\u00fcnceyle ba\u015flar her \u015fey. S\u0131radan<span class=\"excerpt-hellip\"> [\u2026]<\/span><\/p>\n","protected":false},"featured_media":0,"template":"","meta":{"_monsterinsights_skip_tracking":false,"_monsterinsights_sitenote_active":false,"_monsterinsights_sitenote_note":"","_monsterinsights_sitenote_category":0},"product_brand":[],"product_cat":[12364,12376],"product_tag":[],"class_list":{"0":"post-773027","1":"product","2":"type-product","3":"status-publish","5":"product_cat-genel-konular","6":"product_cat-kisisel-gelisim","7":"pa_cilt-ciltsiz","8":"pa_tur-kitap","9":"pa_yayinevi-destek-yayinlari","10":"pa_yazar-napoleon-hill","12":"first","13":"instock","14":"sale","15":"shipping-taxable","16":"purchasable","17":"product-type-simple"},"_links":{"self":[{"href":"https:\/\/roveyayinevi.com.tr\/index.php\/wp-json\/wp\/v2\/product\/773027","targetHints":{"allow":["GET"]}}],"collection":[{"href":"https:\/\/roveyayinevi.com.tr\/index.php\/wp-json\/wp\/v2\/product"}],"about":[{"href":"https:\/\/roveyayinevi.com.tr\/index.php\/wp-json\/wp\/v2\/types\/product"}],"wp:attachment":[{"href":"https:\/\/roveyayinevi.com.tr\/index.php\/wp-json\/wp\/v2\/media?parent=773027"}],"wp:term":[{"taxonomy":"product_brand","embeddable":true,"href":"https:\/\/roveyayinevi.com.tr\/index.php\/wp-json\/wp\/v2\/product_brand?post=773027"},{"taxonomy":"product_cat","embeddable":true,"href":"https:\/\/roveyayinevi.com.tr\/index.php\/wp-json\/wp\/v2\/product_cat?post=773027"},{"taxonomy":"product_tag","embeddable":true,"href":"https:\/\/roveyayinevi.com.tr\/index.php\/wp-json\/wp\/v2\/product_tag?post=773027"}],"curies":[{"name":"wp","href":"https:\/\/api.w.org\/{rel}","templated":true}]}}