{"id":773026,"date":"2025-08-28T16:01:03","date_gmt":"2025-08-28T13:01:03","guid":{"rendered":"https:\/\/roveyayinevi.com.tr\/index.php\/urun\/medusa-2\/"},"modified":"2026-04-15T03:39:20","modified_gmt":"2026-04-15T00:39:20","slug":"medusa-2","status":"publish","type":"product","link":"https:\/\/roveyayinevi.com.tr\/index.php\/urun\/medusa-2\/","title":{"rendered":"Medusa"},"content":{"rendered":"<p>\u201cTA\u015e KESEN BAKI\u015e, SUSTURULAN D\u0130\u015e\u0130L\u0130N \u0130\u00c7\u0130M\u0130ZDEK\u0130 \u00c7I\u011eLI\u011eIDIR.\u201d   Kad\u0131nlarda ve erkeklerde bast\u0131r\u0131lm\u0131\u015f duygular\u0131n, ink\u00e2r edilen sezgilerin, cezaland\u0131r\u0131lan duyarl\u0131l\u0131klar\u0131n simgesi olan Medusa; sinema, opera, g\u00f6rsel sanatlar ve psikoloji metinlerinde kendini tekrar tekrar g\u00f6steriyor. Onunla her kar\u015f\u0131la\u015fma, kendi i\u00e7sel karanl\u0131\u011f\u0131m\u0131zla, travmalar\u0131m\u0131zla ve g\u00f6lgemizle bir y\u00fczle\u015fme f\u0131rsat\u0131 sunuyor.   Bu eser, Medusa mitini \u00e7ok katmanl\u0131 bir okumaya tabi tutarak onu tarih, sanat, arkeoloji ve psikomitoloji ba\u011flam\u0131nda derinlemesine inceliyor. Sadece bir canavar de\u011fil, eski bir tanr\u0131\u00e7an\u0131n g\u00f6lgede b\u0131rak\u0131lm\u0131\u015f y\u00fcz\u00fc olarak Medusa, okuru mitlerle \u00f6r\u00fcl\u00fc bir i\u00e7sel yolculu\u011fa davet ediyor. <\/p>\n","protected":false},"excerpt":{"rendered":"<p>\u201cTA\u015e KESEN BAKI\u015e, SUSTURULAN D\u0130\u015e\u0130L\u0130N \u0130\u00c7\u0130M\u0130ZDEK\u0130 \u00c7I\u011eLI\u011eIDIR.\u201d Kad\u0131nlarda ve erkeklerde bast\u0131r\u0131lm\u0131\u015f duygular\u0131n, ink\u00e2r edilen sezgilerin, cezaland\u0131r\u0131lan duyarl\u0131l\u0131klar\u0131n simgesi olan Medusa; sinema, opera, g\u00f6rsel sanatlar ve psikoloji<span class=\"excerpt-hellip\"> [\u2026]<\/span><\/p>\n","protected":false},"featured_media":0,"template":"","meta":{"_monsterinsights_skip_tracking":false,"_monsterinsights_sitenote_active":false,"_monsterinsights_sitenote_note":"","_monsterinsights_sitenote_category":0},"product_brand":[],"product_cat":[12718,12858],"product_tag":[],"class_list":{"0":"post-773026","1":"product","2":"type-product","3":"status-publish","5":"product_cat-din","6":"product_cat-mitolojiler","7":"pa_cilt-ciltsiz","8":"pa_tur-kitap","9":"pa_yayinevi-destek-yayinlari","10":"pa_yazar-ozlem-ertan","12":"first","13":"instock","14":"sale","15":"shipping-taxable","16":"purchasable","17":"product-type-simple"},"_links":{"self":[{"href":"https:\/\/roveyayinevi.com.tr\/index.php\/wp-json\/wp\/v2\/product\/773026","targetHints":{"allow":["GET"]}}],"collection":[{"href":"https:\/\/roveyayinevi.com.tr\/index.php\/wp-json\/wp\/v2\/product"}],"about":[{"href":"https:\/\/roveyayinevi.com.tr\/index.php\/wp-json\/wp\/v2\/types\/product"}],"wp:attachment":[{"href":"https:\/\/roveyayinevi.com.tr\/index.php\/wp-json\/wp\/v2\/media?parent=773026"}],"wp:term":[{"taxonomy":"product_brand","embeddable":true,"href":"https:\/\/roveyayinevi.com.tr\/index.php\/wp-json\/wp\/v2\/product_brand?post=773026"},{"taxonomy":"product_cat","embeddable":true,"href":"https:\/\/roveyayinevi.com.tr\/index.php\/wp-json\/wp\/v2\/product_cat?post=773026"},{"taxonomy":"product_tag","embeddable":true,"href":"https:\/\/roveyayinevi.com.tr\/index.php\/wp-json\/wp\/v2\/product_tag?post=773026"}],"curies":[{"name":"wp","href":"https:\/\/api.w.org\/{rel}","templated":true}]}}