{"id":773025,"date":"2025-08-28T16:01:02","date_gmt":"2025-08-28T13:01:02","guid":{"rendered":"https:\/\/roveyayinevi.com.tr\/index.php\/urun\/dinlerin-catismasi\/"},"modified":"2026-04-15T03:39:20","modified_gmt":"2026-04-15T00:39:20","slug":"dinlerin-catismasi","status":"publish","type":"product","link":"https:\/\/roveyayinevi.com.tr\/index.php\/urun\/dinlerin-catismasi\/","title":{"rendered":"Dinlerin \u00c7at\u0131\u015fmas\u0131"},"content":{"rendered":"<p>H\u0131ristiyanl\u0131k ve \u0130sl\u00e2miyet, her iki din de bug\u00fcne dek evrensel olma iddias\u0131n\u0131 ta\u015f\u0131m\u0131\u015f, g\u00fc\u00e7l\u00fc bir iradeye yaslanan mesajlar\u0131 insanl\u0131\u011fa y\u00f6nelik bir \u00e7a\u011fr\u0131y\u0131 dile getirmi\u015ftir. Bu dinin mensuplar\u0131 d\u00fcnyan\u0131n b\u00fcy\u00fck bir k\u0131sm\u0131na inan\u00e7lar\u0131n\u0131 yaym\u0131\u015f; s\u00fcre\u00e7 i\u00e7inde kendi kutsallar\u0131n\u0131, simgelerini ve kahramanlar\u0131n\u0131 \u00fcretmi\u015flerdir. Ancak t\u00fcm mesele her iki taraf\u0131n kar\u015f\u0131 kar\u015f\u0131ya geldi\u011fi ve birbirlerini sapk\u0131nl\u0131k ve k\u00fcf\u00fcr ile itham etti\u011fi noktadan itibaren ba\u015flar. \u201cKim i\u00e7in\u201d ve \u201cne i\u00e7in?\u201d sorular\u0131 ile ger\u00e7ek bir y\u00fczle\u015fmeye girildi\u011finde, dinlerin saf ve kutsal \u00f6zleri derin bir yara alm\u0131\u015f, tarihin ger\u00e7eklikleri daha bask\u0131n bir hale gelmi\u015ftir. B\u00f6ylelikle bar\u0131\u015f ve esenlik vaatleri h\u0131zla unutulmu\u015f, neticede ac\u0131mas\u0131z bir tablo ortaya \u00e7\u0131km\u0131\u015ft\u0131r. Bu karanl\u0131k resimde din ad\u0131na verilen sava\u015flar\u0131n biri bitmeden di\u011feri ba\u015flam\u0131\u015ft\u0131r. Sevgi ac\u0131mas\u0131zl\u0131\u011f\u0131 gizlemi\u015f, al\u00e7akg\u00f6n\u00fcll\u00fcl\u00fck b\u00fcy\u00fck bir kibri do\u011furmu\u015f ve nihayetinde kutsall\u0131k ad\u0131na \u201cd\u00fcnya mal\u0131\u201d i\u00e7in amans\u0131z bir m\u00fccadeleye giri\u015filmi\u015ftir. Katliamlar, tecav\u00fczler, harap olan \u015fehirler, s\u00fcrg\u00fcnler ve g\u00f6\u00e7ler birbirlerini kovalam\u0131\u015f; \u201cbu d\u00fcnya\u201d ile \u201c\u00f6teki d\u00fcnya\u201d ayn\u0131 y\u00f6nde ilerlememi\u015flerdir.   Jean-Paul Roux, dinlerin do\u011fu\u015fundan itibaren kronolojik bir s\u0131ray\u0131 takip eder. Farkl\u0131 ba\u015fl\u0131klar alt\u0131nda incelenebilecek End\u00fcl\u00fcs, Bizans, Ha\u00e7l\u0131 Seferleri, Avrupa ve T\u00fcrk tarihini, H\u0131ristiyanl\u0131k ve \u0130sl\u00e2m tarihindeki belli ba\u015fl\u0131 olaylar\u0131 bu sefer dinlerin sava\u015f ve m\u00fccadelesi ba\u015fl\u0131\u011f\u0131 alt\u0131nda okur. Roux tarihin a\u011f\u0131rl\u0131kl\u0131 olarak dinlerin \u00e7at\u0131\u015fmas\u0131ndan olu\u015ftu\u011fu tezini g\u00fc\u00e7lendirir. <\/p>\n","protected":false},"excerpt":{"rendered":"<p>H\u0131ristiyanl\u0131k ve \u0130sl\u00e2miyet, her iki din de bug\u00fcne dek evrensel olma iddias\u0131n\u0131 ta\u015f\u0131m\u0131\u015f, g\u00fc\u00e7l\u00fc bir iradeye yaslanan mesajlar\u0131 insanl\u0131\u011fa y\u00f6nelik bir \u00e7a\u011fr\u0131y\u0131 dile getirmi\u015ftir. Bu dinin<span class=\"excerpt-hellip\"> [\u2026]<\/span><\/p>\n","protected":false},"featured_media":0,"template":"","meta":{"_monsterinsights_skip_tracking":false,"_monsterinsights_sitenote_active":false,"_monsterinsights_sitenote_note":"","_monsterinsights_sitenote_category":0},"product_brand":[],"product_cat":[12304],"product_tag":[],"class_list":{"0":"post-773025","1":"product","2":"type-product","3":"status-publish","5":"product_cat-tarih","6":"pa_cilt-ciltsiz","7":"pa_tur-kitap","8":"pa_yayinevi-dogu-bati-yayinlari","9":"pa_yazar-jean-paul-roux","11":"first","12":"instock","13":"sale","14":"shipping-taxable","15":"purchasable","16":"product-type-simple"},"_links":{"self":[{"href":"https:\/\/roveyayinevi.com.tr\/index.php\/wp-json\/wp\/v2\/product\/773025","targetHints":{"allow":["GET"]}}],"collection":[{"href":"https:\/\/roveyayinevi.com.tr\/index.php\/wp-json\/wp\/v2\/product"}],"about":[{"href":"https:\/\/roveyayinevi.com.tr\/index.php\/wp-json\/wp\/v2\/types\/product"}],"wp:attachment":[{"href":"https:\/\/roveyayinevi.com.tr\/index.php\/wp-json\/wp\/v2\/media?parent=773025"}],"wp:term":[{"taxonomy":"product_brand","embeddable":true,"href":"https:\/\/roveyayinevi.com.tr\/index.php\/wp-json\/wp\/v2\/product_brand?post=773025"},{"taxonomy":"product_cat","embeddable":true,"href":"https:\/\/roveyayinevi.com.tr\/index.php\/wp-json\/wp\/v2\/product_cat?post=773025"},{"taxonomy":"product_tag","embeddable":true,"href":"https:\/\/roveyayinevi.com.tr\/index.php\/wp-json\/wp\/v2\/product_tag?post=773025"}],"curies":[{"name":"wp","href":"https:\/\/api.w.org\/{rel}","templated":true}]}}