{"id":773023,"date":"2025-08-28T16:00:58","date_gmt":"2025-08-28T13:00:58","guid":{"rendered":"https:\/\/roveyayinevi.com.tr\/index.php\/urun\/emperyalizm\/"},"modified":"2026-04-15T03:39:19","modified_gmt":"2026-04-15T00:39:19","slug":"emperyalizm","status":"publish","type":"product","link":"https:\/\/roveyayinevi.com.tr\/index.php\/urun\/emperyalizm\/","title":{"rendered":"Emperyalizm"},"content":{"rendered":"<p>Kanonik Metinler serisinin ikinci kitab\u0131 olan Emperyalizm, Japon anar\u015fist ve sosyalist hareketlerinin \u00f6nc\u00fclerinden K\u014dtoku Sh\u016bsui\u2019nin erken d\u00f6nem emperyalizm ele\u015ftirisini sunuyor. 1901\u2019de kaleme al\u0131nan bu eser, emperyalizmi yaln\u0131zca ekonomik belirleyiciliklerle a\u00e7\u0131klayan yakla\u015f\u0131mlardan ayr\u0131larak, vatanseverlik ve militarizmin bu s\u00fcrecin temel dinamikleri oldu\u011funu savunur. Japonya\u2019n\u0131n erken d\u00f6nem emperyalizmini Avrupa merkezli teorilerden ba\u011f\u0131ms\u0131z bir perspektifle ele alan K\u014dtoku, ulus-devletin emperyalizmi nas\u0131l me\u015frula\u015ft\u0131rd\u0131\u011f\u0131n\u0131 ve halk\u0131 i\u00e7erideki e\u015fitsizliklerden nas\u0131l uzakla\u015ft\u0131rd\u0131\u011f\u0131n\u0131 yetkin bir bi\u00e7imde ortaya koyar. Hem Marksist ekonomi teorilerine hem Schumpeter\u2019in emperyalizmi ge\u00e7mi\u015fin bir kal\u0131nt\u0131s\u0131 olarak g\u00f6ren g\u00f6r\u00fc\u015f\u00fcne ele\u015ftirel bir mesafeyle yakla\u015fan, hem de Lenin\u2019in ekonomik belirlenimci analizlerine kar\u015f\u0131 \u00e7\u0131kan K\u014dtoku, emperyalizmi ulus-devletin bir patolojisi, vatanseverli\u011fin neden oldu\u011fu ve militarizmle \u015fiddetlenen bir veba olarak ele al\u0131r. Emperyalizm, g\u00fcn\u00fcm\u00fczde hala g\u00fcncelli\u011fini koruyan bir tart\u0131\u015fmay\u0131 derinle\u015ftiriyor. <\/p>\n","protected":false},"excerpt":{"rendered":"<p>Kanonik Metinler serisinin ikinci kitab\u0131 olan Emperyalizm, Japon anar\u015fist ve sosyalist hareketlerinin \u00f6nc\u00fclerinden K\u014dtoku Sh\u016bsui\u2019nin erken d\u00f6nem emperyalizm ele\u015ftirisini sunuyor. 1901\u2019de kaleme al\u0131nan bu eser, emperyalizmi<span class=\"excerpt-hellip\"> [\u2026]<\/span><\/p>\n","protected":false},"featured_media":0,"template":"","meta":{"_monsterinsights_skip_tracking":false,"_monsterinsights_sitenote_active":false,"_monsterinsights_sitenote_note":"","_monsterinsights_sitenote_category":0},"product_brand":[],"product_cat":[12337,14706],"product_tag":[],"class_list":{"0":"post-773023","1":"product","2":"type-product","3":"status-publish","5":"product_cat-politika-siyaset","6":"product_cat-siyaset-bilimi","7":"pa_cilt-ciltsiz","8":"pa_tur-kitap","9":"pa_yayinevi-nika-yayinevi","10":"pa_yazar-shusui-kotoku","12":"first","13":"instock","14":"sale","15":"shipping-taxable","16":"purchasable","17":"product-type-simple"},"_links":{"self":[{"href":"https:\/\/roveyayinevi.com.tr\/index.php\/wp-json\/wp\/v2\/product\/773023","targetHints":{"allow":["GET"]}}],"collection":[{"href":"https:\/\/roveyayinevi.com.tr\/index.php\/wp-json\/wp\/v2\/product"}],"about":[{"href":"https:\/\/roveyayinevi.com.tr\/index.php\/wp-json\/wp\/v2\/types\/product"}],"wp:attachment":[{"href":"https:\/\/roveyayinevi.com.tr\/index.php\/wp-json\/wp\/v2\/media?parent=773023"}],"wp:term":[{"taxonomy":"product_brand","embeddable":true,"href":"https:\/\/roveyayinevi.com.tr\/index.php\/wp-json\/wp\/v2\/product_brand?post=773023"},{"taxonomy":"product_cat","embeddable":true,"href":"https:\/\/roveyayinevi.com.tr\/index.php\/wp-json\/wp\/v2\/product_cat?post=773023"},{"taxonomy":"product_tag","embeddable":true,"href":"https:\/\/roveyayinevi.com.tr\/index.php\/wp-json\/wp\/v2\/product_tag?post=773023"}],"curies":[{"name":"wp","href":"https:\/\/api.w.org\/{rel}","templated":true}]}}