{"id":773022,"date":"2025-08-28T16:00:57","date_gmt":"2025-08-28T13:00:57","guid":{"rendered":"https:\/\/roveyayinevi.com.tr\/index.php\/urun\/ankara-istanbul-londra-mustafa-kemal-ve-ingilizlerin-dogu-siyaseti\/"},"modified":"2026-04-13T03:35:25","modified_gmt":"2026-04-13T00:35:25","slug":"ankara-istanbul-londra-mustafa-kemal-ve-ingilizlerin-dogu-siyaseti","status":"publish","type":"product","link":"https:\/\/roveyayinevi.com.tr\/index.php\/urun\/ankara-istanbul-londra-mustafa-kemal-ve-ingilizlerin-dogu-siyaseti\/","title":{"rendered":"Ankara-\u0130stanbul-Londra Mustafa Kemal ve \u0130ngilizlerin Do\u011fu Siyaseti"},"content":{"rendered":"<p>Kurtulu\u015f Sava\u015f\u0131; y\u00fcksek \u015feref ve sayg\u0131nl\u0131k mertebesinde olan T\u00fcrk milletinin yeniden dirili\u015f m\u00fccadelesidir. Frans\u0131z as\u0131ll\u0131 Amerikal\u0131 gazeteci Berthe Gaulis, Kurtulu\u015f Sava\u015f\u0131 s\u00fcrecinde emperyalistlere kar\u015f\u0131 verilen az\u0131l\u0131 m\u00fccadeleyi g\u00f6zlemlemi\u015ftir. Kendisi gazeteci s\u0131fat\u0131na sahip olup verilen m\u00fccadeleyi Fransa kamuoyuna a\u00e7\u0131klama gayesini belirtse de ger\u00e7ek, \u0130ngilizlere kar\u015f\u0131 Fransa\u2019n\u0131n varl\u0131\u011f\u0131n\u0131n g\u00fc\u00e7 kazanmas\u0131 i\u00e7in istihbarati bir faaliyet de icra ediyor olu\u015fudur. Kutsal isyan\u0131n \u00fc\u00e7\u00fcnc\u00fc bir g\u00f6zden okunmas\u0131na f\u0131rsat vermesi itibariyle tuttu\u011fu an\u0131lar olduk\u00e7a de\u011ferlidir. B\u00fcy\u00fck sayg\u0131 duydu\u011fu T\u00fcrk milleti ve Kemalist devrimcilerin verdi\u011fi dirayetli m\u00fccadeleye besledi\u011fi hayranl\u0131k, kitab\u0131n ekserisine hakimdir. &#8211;       Milli M\u00fccadele\u2019ye \u0130ngiltere-Fransa \u00e7at\u0131\u015fmas\u0131 nas\u0131l yans\u0131d\u0131? &#8211;       Atat\u00fcrk ve yolda\u015flar\u0131n\u0131n anlat\u0131m\u0131yla T\u00fcrk ihtilali &#8211;       Kurtulu\u015f Sava\u015f\u0131\u2019n\u0131n Bat\u0131 bas\u0131n\u0131na yans\u0131mas\u0131 nas\u0131ld\u0131? &#8211;       Berthe Gaulis\u2019nin Arabistanl\u0131 Lawrence ile g\u00f6r\u00fc\u015fmesinin ayr\u0131nt\u0131lar\u0131 &#8211;       \u0130ttihat\u00e7\u0131larla Atat\u00fcrk\u2019\u00fcn \u00e7at\u0131\u015fmas\u0131n\u0131n perde arkas\u0131 &#8211;       Do\u011fu sorunun ve \u0130ngiltere-Fransa pazarl\u0131\u011f\u0131 <\/p>\n","protected":false},"excerpt":{"rendered":"<p>Kurtulu\u015f Sava\u015f\u0131; y\u00fcksek \u015feref ve sayg\u0131nl\u0131k mertebesinde olan T\u00fcrk milletinin yeniden dirili\u015f m\u00fccadelesidir. Frans\u0131z as\u0131ll\u0131 Amerikal\u0131 gazeteci Berthe Gaulis, Kurtulu\u015f Sava\u015f\u0131 s\u00fcrecinde emperyalistlere kar\u015f\u0131 verilen az\u0131l\u0131<span class=\"excerpt-hellip\"> [\u2026]<\/span><\/p>\n","protected":false},"featured_media":0,"template":"","meta":{"_monsterinsights_skip_tracking":false,"_monsterinsights_sitenote_active":false,"_monsterinsights_sitenote_note":"","_monsterinsights_sitenote_category":0},"product_brand":[],"product_cat":[12337],"product_tag":[],"class_list":{"0":"post-773022","1":"product","2":"type-product","3":"status-publish","5":"product_cat-politika-siyaset","6":"pa_cilt-ciltsiz","7":"pa_tur-kitap","8":"pa_yayinevi-pankus-yayinlari","9":"pa_yazar-berthe-georges-gaulis","11":"first","12":"instock","13":"sale","14":"shipping-taxable","15":"purchasable","16":"product-type-simple"},"_links":{"self":[{"href":"https:\/\/roveyayinevi.com.tr\/index.php\/wp-json\/wp\/v2\/product\/773022","targetHints":{"allow":["GET"]}}],"collection":[{"href":"https:\/\/roveyayinevi.com.tr\/index.php\/wp-json\/wp\/v2\/product"}],"about":[{"href":"https:\/\/roveyayinevi.com.tr\/index.php\/wp-json\/wp\/v2\/types\/product"}],"wp:attachment":[{"href":"https:\/\/roveyayinevi.com.tr\/index.php\/wp-json\/wp\/v2\/media?parent=773022"}],"wp:term":[{"taxonomy":"product_brand","embeddable":true,"href":"https:\/\/roveyayinevi.com.tr\/index.php\/wp-json\/wp\/v2\/product_brand?post=773022"},{"taxonomy":"product_cat","embeddable":true,"href":"https:\/\/roveyayinevi.com.tr\/index.php\/wp-json\/wp\/v2\/product_cat?post=773022"},{"taxonomy":"product_tag","embeddable":true,"href":"https:\/\/roveyayinevi.com.tr\/index.php\/wp-json\/wp\/v2\/product_tag?post=773022"}],"curies":[{"name":"wp","href":"https:\/\/api.w.org\/{rel}","templated":true}]}}