{"id":773021,"date":"2025-08-28T16:00:55","date_gmt":"2025-08-28T13:00:55","guid":{"rendered":"https:\/\/roveyayinevi.com.tr\/index.php\/urun\/zihin-mimari\/"},"modified":"2026-04-15T03:39:19","modified_gmt":"2026-04-15T00:39:19","slug":"zihin-mimari","status":"publish","type":"product","link":"https:\/\/roveyayinevi.com.tr\/index.php\/urun\/zihin-mimari\/","title":{"rendered":"Zihin Mimar\u0131"},"content":{"rendered":"<p>Sadece ne d\u00fc\u015f\u00fcnd\u00fc\u011f\u00fcn\u00fcz\u00fc de\u011fil, nas\u0131l d\u00fc\u015f\u00fcnd\u00fc\u011f\u00fcn\u00fcz\u00fc de de\u011fi\u015ftirin.   \u201cNe d\u00fc\u015f\u00fcn\u00fcyorsan, osun\u201d fikri Marcus Aurelius\u2019tan Buda\u2019ya kadar pek \u00e7ok filozofu me\u015fgul etti. G\u00fcn\u00fcm\u00fczdeyse bu kadim \u00f6\u011freti, bili\u015fsel davran\u0131\u015f\u00e7\u0131 terapi ve onun teknikleri arac\u0131l\u0131\u011f\u0131yla hayat buluyor. Dr. Maisel ise bili\u015fsel de\u011fi\u015fimi bir ad\u0131m \u00f6teye ta\u015f\u0131yarak zihninizi bir odaya benzetiyor ve insan bilincinin o alanda nas\u0131l deneyimlendi\u011fini a\u00e7\u0131kl\u0131yor.   G\u00f6rselle\u015ftirme egzersizleriyle dolu Zihin Mimar\u0131, zihninizi yeniden tasarlaman\u0131z\u0131 ve d\u00fc\u015f\u00fcncelerinizi d\u00f6n\u00fc\u015ft\u00fcrmenizi sa\u011flayan bir rehber.   Bu kitap, daha iyi bir ge\u00e7mi\u015f isteyerek, mevcut ko\u015fullar\u0131n\u0131z\u0131 su\u00e7layarak ya da k\u00f6ru\u0308 k\u00f6ru\u0308ne daha iyi bir gelecek umarak hayat\u0131n\u0131z\u0131 bo\u015fa harcamay\u0131 b\u0131rakman\u0131za yard\u0131mc\u0131 olacak.   \u201cMaisel\u2019in dinamik \u00fcslubu ve y\u00f6ntemini titizlikle a\u00e7\u0131klamas\u0131, zihinsel engelleri a\u015fmak ve duygusal dengelerini g\u00fc\u00e7lendirmek isteyen okurlar i\u00e7in yol g\u00f6sterici olacak.\u201d \u2013Publisher\u2019s Weekly <\/p>\n","protected":false},"excerpt":{"rendered":"<p>Sadece ne d\u00fc\u015f\u00fcnd\u00fc\u011f\u00fcn\u00fcz\u00fc de\u011fil, nas\u0131l d\u00fc\u015f\u00fcnd\u00fc\u011f\u00fcn\u00fcz\u00fc de de\u011fi\u015ftirin. \u201cNe d\u00fc\u015f\u00fcn\u00fcyorsan, osun\u201d fikri Marcus Aurelius\u2019tan Buda\u2019ya kadar pek \u00e7ok filozofu me\u015fgul etti. G\u00fcn\u00fcm\u00fczdeyse bu kadim \u00f6\u011freti, bili\u015fsel<span class=\"excerpt-hellip\"> [\u2026]<\/span><\/p>\n","protected":false},"featured_media":0,"template":"","meta":{"_monsterinsights_skip_tracking":false,"_monsterinsights_sitenote_active":false,"_monsterinsights_sitenote_note":"","_monsterinsights_sitenote_category":0},"product_brand":[],"product_cat":[12364,12376],"product_tag":[],"class_list":{"0":"post-773021","1":"product","2":"type-product","3":"status-publish","5":"product_cat-genel-konular","6":"product_cat-kisisel-gelisim","7":"pa_cilt-ciltsiz","8":"pa_tur-kitap","9":"pa_yayinevi-nova-kitap","10":"pa_yazar-eric-maisel","12":"first","13":"instock","14":"sale","15":"shipping-taxable","16":"purchasable","17":"product-type-simple"},"_links":{"self":[{"href":"https:\/\/roveyayinevi.com.tr\/index.php\/wp-json\/wp\/v2\/product\/773021","targetHints":{"allow":["GET"]}}],"collection":[{"href":"https:\/\/roveyayinevi.com.tr\/index.php\/wp-json\/wp\/v2\/product"}],"about":[{"href":"https:\/\/roveyayinevi.com.tr\/index.php\/wp-json\/wp\/v2\/types\/product"}],"wp:attachment":[{"href":"https:\/\/roveyayinevi.com.tr\/index.php\/wp-json\/wp\/v2\/media?parent=773021"}],"wp:term":[{"taxonomy":"product_brand","embeddable":true,"href":"https:\/\/roveyayinevi.com.tr\/index.php\/wp-json\/wp\/v2\/product_brand?post=773021"},{"taxonomy":"product_cat","embeddable":true,"href":"https:\/\/roveyayinevi.com.tr\/index.php\/wp-json\/wp\/v2\/product_cat?post=773021"},{"taxonomy":"product_tag","embeddable":true,"href":"https:\/\/roveyayinevi.com.tr\/index.php\/wp-json\/wp\/v2\/product_tag?post=773021"}],"curies":[{"name":"wp","href":"https:\/\/api.w.org\/{rel}","templated":true}]}}