{"id":773020,"date":"2025-08-28T16:00:53","date_gmt":"2025-08-28T13:00:53","guid":{"rendered":"https:\/\/roveyayinevi.com.tr\/index.php\/urun\/hayali-hayatlar\/"},"modified":"2026-04-15T03:39:19","modified_gmt":"2026-04-15T00:39:19","slug":"hayali-hayatlar","status":"publish","type":"product","link":"https:\/\/roveyayinevi.com.tr\/index.php\/urun\/hayali-hayatlar\/","title":{"rendered":"Hayali Hayatlar"},"content":{"rendered":"<p>\u201c[O] merak uyand\u0131ran bir y\u00f6ntem icat etti. Kahramanlar ger\u00e7ektir; olaylar ise hayal u\u0308ru\u0308nu\u0308 ve \u00e7o\u011fu zaman fantastik olabilir. Bu eserin kendine \u00f6zgu\u0308 tad\u0131, i\u015fte bu gidip gelmede yatar.\u201d \u2013JORGE LUIS BORGES   On dokuzuncu yu\u0308zy\u0131l sonu Frans\u0131z edebiyat\u0131n\u0131n en \u00f6zgu\u0308n isimlerinden Marcel Schwob, Hayali Hayatlar adl\u0131 eseriyle biyografi ile kurmaca aras\u0131ndaki s\u0131n\u0131rlar\u0131 ustal\u0131kla siler. Schwob\u2019un dilindeki zarafet, tarihsel ki\u015filikleri yeniden yaratma becerisi ve simgesel anlat\u0131m\u0131 bu kitab\u0131 yaln\u0131zca yazar\u0131n de\u011fil, modern k\u0131sa \u00f6yku\u0308 tarihinin de \u00f6nemli yap\u0131ta\u015flar\u0131ndan biri h\u00e2line getirir. Jorge Luis Borges\u2019ten Andr\u00e9 Breton\u2019a kadar bir\u00e7ok \u00f6nemli yazar\u0131n etkilendi\u011fi bu eser, Schwob\u2019un edebiyat du\u0308nyas\u0131ndaki k\u0131sa ama etkileyici yolculu\u011funun doruk noktas\u0131d\u0131r. Yazar\u0131n hem filolojik bilgisini hem de estetik duyarl\u0131l\u0131\u011f\u0131n\u0131 bir araya getiren bu yap\u0131t, onun bibliyografyas\u0131nda edebi hayal gu\u0308cu\u0308nu\u0308n en yo\u011fun ve rafine h\u00e2lini sunar.   Hayali Hayatlar, tarihin kenar\u0131nda kalm\u0131\u015f ya da zamanla efsanele\u015fmi\u015f yirmi iki karakterin ya\u015fam \u00f6yku\u0308su\u0308nu\u0308 \u00f6zgu\u0308n bir kurguyla anlat\u0131r. Her anlat\u0131, tarihsel ger\u00e7eklikten \u00e7ok bireyin yazg\u0131s\u0131na, tutkular\u0131na ve varolu\u015f bi\u00e7imine odaklan\u0131r. Antik\u00e7a\u011f filozoflar\u0131ndan su\u00e7lulara kadar geni\u015f bir yelpazede, bireyin du\u0308nyadaki yerini, anlam aray\u0131\u015f\u0131n\u0131 ve \u00e7o\u011fu zaman trajik sonunu i\u015fler. Bu y\u00f6nu\u0308yle kitap, yaln\u0131zca tarih merakl\u0131lar\u0131na de\u011fil, insan do\u011fas\u0131n\u0131n s\u0131n\u0131rlar\u0131n\u0131 sorgulayan her okura hitap eder. Schwob\u2019un sembollerle yu\u0308klu\u0308 dili ve derin psikolojik tasvirleri sayesinde bu \u00f6yku\u0308ler, zamans\u0131z birer i\u00e7sel yolculu\u011fa d\u00f6nu\u0308\u015fu\u0308r. <\/p>\n","protected":false},"excerpt":{"rendered":"<p>\u201c[O] merak uyand\u0131ran bir y\u00f6ntem icat etti. Kahramanlar ger\u00e7ektir; olaylar ise hayal u\u0308ru\u0308nu\u0308 ve \u00e7o\u011fu zaman fantastik olabilir. Bu eserin kendine \u00f6zgu\u0308 tad\u0131, i\u015fte bu gidip<span class=\"excerpt-hellip\"> [\u2026]<\/span><\/p>\n","protected":false},"featured_media":0,"template":"","meta":{"_monsterinsights_skip_tracking":false,"_monsterinsights_sitenote_active":false,"_monsterinsights_sitenote_note":"","_monsterinsights_sitenote_category":0},"product_brand":[],"product_cat":[12291,12711],"product_tag":[],"class_list":{"0":"post-773020","1":"product","2":"type-product","3":"status-publish","5":"product_cat-edebiyat","6":"product_cat-roman-oyku","7":"pa_cilt-ciltsiz","8":"pa_tur-kitap","9":"pa_yayinevi-ithaki-yayinlari","10":"pa_yazar-marcel-schwob","12":"first","13":"instock","14":"sale","15":"shipping-taxable","16":"purchasable","17":"product-type-simple"},"_links":{"self":[{"href":"https:\/\/roveyayinevi.com.tr\/index.php\/wp-json\/wp\/v2\/product\/773020","targetHints":{"allow":["GET"]}}],"collection":[{"href":"https:\/\/roveyayinevi.com.tr\/index.php\/wp-json\/wp\/v2\/product"}],"about":[{"href":"https:\/\/roveyayinevi.com.tr\/index.php\/wp-json\/wp\/v2\/types\/product"}],"wp:attachment":[{"href":"https:\/\/roveyayinevi.com.tr\/index.php\/wp-json\/wp\/v2\/media?parent=773020"}],"wp:term":[{"taxonomy":"product_brand","embeddable":true,"href":"https:\/\/roveyayinevi.com.tr\/index.php\/wp-json\/wp\/v2\/product_brand?post=773020"},{"taxonomy":"product_cat","embeddable":true,"href":"https:\/\/roveyayinevi.com.tr\/index.php\/wp-json\/wp\/v2\/product_cat?post=773020"},{"taxonomy":"product_tag","embeddable":true,"href":"https:\/\/roveyayinevi.com.tr\/index.php\/wp-json\/wp\/v2\/product_tag?post=773020"}],"curies":[{"name":"wp","href":"https:\/\/api.w.org\/{rel}","templated":true}]}}