{"id":773019,"date":"2025-08-28T16:00:50","date_gmt":"2025-08-28T13:00:50","guid":{"rendered":"https:\/\/roveyayinevi.com.tr\/index.php\/urun\/dorohedoro-3-cilt\/"},"modified":"2026-04-15T03:39:19","modified_gmt":"2026-04-15T00:39:19","slug":"dorohedoro-3-cilt","status":"publish","type":"product","link":"https:\/\/roveyayinevi.com.tr\/index.php\/urun\/dorohedoro-3-cilt\/","title":{"rendered":"Dorohedoro 3. Cilt"},"content":{"rendered":"<p>En, benzersiz bu\u0308yu\u0308 yeteneklerine sahip yeni bir ortak ararken, ekibiyse zay\u0131f bu\u0308yu\u0308cu\u0308lerin kulland\u0131\u011f\u0131 ve bu sayede gu\u0308\u00e7lerini art\u0131rd\u0131\u011f\u0131 \u201csiyah toz\u201d denen maddenin da\u011f\u0131t\u0131m\u0131n\u0131 kontrol eden yeralt\u0131 \u00f6rgu\u0308tu\u0308yle kar\u015f\u0131 kar\u015f\u0131ya gelir. O s\u0131rada Kaiman ve Nikaido ise bu\u0308yu\u0308cu\u0308 anatomisi u\u0308zerine uzmanla\u015fm\u0131\u015f gizemli bir doktorun garip malik\u00e2nesinde bu\u0308yu\u0308cu\u0308lerin boyutuna a\u00e7\u0131lan bilinen tek portal\u0131 ortaya \u00e7\u0131karacaklard\u0131r. <\/p>\n","protected":false},"excerpt":{"rendered":"<p>En, benzersiz bu\u0308yu\u0308 yeteneklerine sahip yeni bir ortak ararken, ekibiyse zay\u0131f bu\u0308yu\u0308cu\u0308lerin kulland\u0131\u011f\u0131 ve bu sayede gu\u0308\u00e7lerini art\u0131rd\u0131\u011f\u0131 \u201csiyah toz\u201d denen maddenin da\u011f\u0131t\u0131m\u0131n\u0131 kontrol eden yeralt\u0131<span class=\"excerpt-hellip\"> [\u2026]<\/span><\/p>\n","protected":false},"featured_media":0,"template":"","meta":{"_monsterinsights_skip_tracking":false,"_monsterinsights_sitenote_active":false,"_monsterinsights_sitenote_note":"","_monsterinsights_sitenote_category":0},"product_brand":[],"product_cat":[12416,12291],"product_tag":[],"class_list":{"0":"post-773019","1":"product","2":"type-product","3":"status-publish","5":"product_cat-cizgi-roman","6":"product_cat-edebiyat","7":"pa_cilt-ciltsiz","8":"pa_tur-kitap","9":"pa_yayinevi-ithaki-yayinlari","10":"pa_yazar-q-hayasida","12":"first","13":"instock","14":"sale","15":"shipping-taxable","16":"purchasable","17":"product-type-simple"},"_links":{"self":[{"href":"https:\/\/roveyayinevi.com.tr\/index.php\/wp-json\/wp\/v2\/product\/773019","targetHints":{"allow":["GET"]}}],"collection":[{"href":"https:\/\/roveyayinevi.com.tr\/index.php\/wp-json\/wp\/v2\/product"}],"about":[{"href":"https:\/\/roveyayinevi.com.tr\/index.php\/wp-json\/wp\/v2\/types\/product"}],"wp:attachment":[{"href":"https:\/\/roveyayinevi.com.tr\/index.php\/wp-json\/wp\/v2\/media?parent=773019"}],"wp:term":[{"taxonomy":"product_brand","embeddable":true,"href":"https:\/\/roveyayinevi.com.tr\/index.php\/wp-json\/wp\/v2\/product_brand?post=773019"},{"taxonomy":"product_cat","embeddable":true,"href":"https:\/\/roveyayinevi.com.tr\/index.php\/wp-json\/wp\/v2\/product_cat?post=773019"},{"taxonomy":"product_tag","embeddable":true,"href":"https:\/\/roveyayinevi.com.tr\/index.php\/wp-json\/wp\/v2\/product_tag?post=773019"}],"curies":[{"name":"wp","href":"https:\/\/api.w.org\/{rel}","templated":true}]}}