{"id":773018,"date":"2025-08-28T16:00:48","date_gmt":"2025-08-28T13:00:48","guid":{"rendered":"https:\/\/roveyayinevi.com.tr\/index.php\/urun\/annemle-tirmanis\/"},"modified":"2026-04-15T03:39:19","modified_gmt":"2026-04-15T00:39:19","slug":"annemle-tirmanis","status":"publish","type":"product","link":"https:\/\/roveyayinevi.com.tr\/index.php\/urun\/annemle-tirmanis\/","title":{"rendered":"Annemle T\u0131rman\u0131\u015f"},"content":{"rendered":"<p>\u0130nsanlar neden da\u011flar\u0131n ve kayalar\u0131n zirvesine t\u0131rmanmak ister? Annemle T\u0131rman\u0131\u015f, kendini ve do\u011fay\u0131 tan\u0131mak \u00fczerine bir hikaye. Kitab\u0131n i\u00e7inde Latmos Da\u011f\u0131 ve brokoliye benzeyen a\u011fa\u00e7lar okurlar\u0131 bekliyor .<\/p>\n","protected":false},"excerpt":{"rendered":"<p>\u0130nsanlar neden da\u011flar\u0131n ve kayalar\u0131n zirvesine t\u0131rmanmak ister? Annemle T\u0131rman\u0131\u015f, kendini ve do\u011fay\u0131 tan\u0131mak \u00fczerine bir hikaye. Kitab\u0131n i\u00e7inde Latmos Da\u011f\u0131 ve brokoliye benzeyen a\u011fa\u00e7lar okurlar\u0131<span class=\"excerpt-hellip\"> [\u2026]<\/span><\/p>\n","protected":false},"featured_media":0,"template":"","meta":{"_monsterinsights_skip_tracking":false,"_monsterinsights_sitenote_active":false,"_monsterinsights_sitenote_note":"","_monsterinsights_sitenote_category":0},"product_brand":[],"product_cat":[12274,12284],"product_tag":[],"class_list":{"0":"post-773018","1":"product","2":"type-product","3":"status-publish","5":"product_cat-cocuk-ve-genclik-kitaplari","6":"product_cat-hikayeler","7":"pa_cilt-ciltsiz","8":"pa_tur-kitap","9":"pa_yayinevi-kirmizi-kedi-yayinevi","10":"pa_yazar-dilsah-unlu","12":"first","13":"instock","14":"sale","15":"shipping-taxable","16":"purchasable","17":"product-type-simple"},"_links":{"self":[{"href":"https:\/\/roveyayinevi.com.tr\/index.php\/wp-json\/wp\/v2\/product\/773018","targetHints":{"allow":["GET"]}}],"collection":[{"href":"https:\/\/roveyayinevi.com.tr\/index.php\/wp-json\/wp\/v2\/product"}],"about":[{"href":"https:\/\/roveyayinevi.com.tr\/index.php\/wp-json\/wp\/v2\/types\/product"}],"wp:attachment":[{"href":"https:\/\/roveyayinevi.com.tr\/index.php\/wp-json\/wp\/v2\/media?parent=773018"}],"wp:term":[{"taxonomy":"product_brand","embeddable":true,"href":"https:\/\/roveyayinevi.com.tr\/index.php\/wp-json\/wp\/v2\/product_brand?post=773018"},{"taxonomy":"product_cat","embeddable":true,"href":"https:\/\/roveyayinevi.com.tr\/index.php\/wp-json\/wp\/v2\/product_cat?post=773018"},{"taxonomy":"product_tag","embeddable":true,"href":"https:\/\/roveyayinevi.com.tr\/index.php\/wp-json\/wp\/v2\/product_tag?post=773018"}],"curies":[{"name":"wp","href":"https:\/\/api.w.org\/{rel}","templated":true}]}}