{"id":773017,"date":"2025-08-28T16:00:45","date_gmt":"2025-08-28T13:00:45","guid":{"rendered":"https:\/\/roveyayinevi.com.tr\/index.php\/urun\/amcam-ahmed-emin-yasamindan-kesitler\/"},"modified":"2026-04-15T03:39:19","modified_gmt":"2026-04-15T00:39:19","slug":"amcam-ahmed-emin-yasamindan-kesitler","status":"publish","type":"product","link":"https:\/\/roveyayinevi.com.tr\/index.php\/urun\/amcam-ahmed-emin-yasamindan-kesitler\/","title":{"rendered":"Amcam Ahmed Emin- Ya\u015fam\u0131ndan Kesitler"},"content":{"rendered":"<p>Ahmed Emin Yalman (1888-1972), seksen d\u00f6rt y\u0131ll\u0131k ya\u015fam\u0131 s\u00fcresince, bu topraklarda imparatorluktan cumhuriyete ge\u00e7i\u015f a\u015famalar\u0131nda ya\u015fanan k\u00f6kl\u00fc de\u011fi\u015fikliklere, verilen kritik kararlara kimi zaman tan\u0131kl\u0131k kimi zaman fiilen e\u015flik etti. Gazeteci s\u0131fat\u0131yla pek \u00e7ok ilke imza att\u0131, d\u00fcnyay\u0131 dola\u015ft\u0131, kitaplar yazd\u0131, \u00e7eviriler yapt\u0131. Bu kitapta ye\u011feni Ali Yalman, an\u0131lar\u0131ndaki Ahmed Emin\u2019i kitaplara yans\u0131mayan yanlar\u0131yla okurla yeniden tan\u0131\u015ft\u0131r\u0131yor.  \u201cAhmed Emin Yalman bas\u0131n sekt\u00f6r\u00fcn\u00fcn \u00f6nc\u00fc ve \u00f6rnek duayeni, yetkin bir yazard\u0131. Ya\u015fam \u00f6yk\u00fcs\u00fc bir epik roman\u0131 and\u0131r\u0131rd\u0131; ye\u011feni Ali Yalman, Amcam Ahmed Emin \u2013 Ya\u015fam\u0131ndan Kesitler kitab\u0131nda onun onurlu ya\u015fam \u00f6yk\u00fcs\u00fcne elzem katk\u0131larda bulunmu\u015f.\u201d     Sel\u00e7uk Altun <\/p>\n","protected":false},"excerpt":{"rendered":"<p>Ahmed Emin Yalman (1888-1972), seksen d\u00f6rt y\u0131ll\u0131k ya\u015fam\u0131 s\u00fcresince, bu topraklarda imparatorluktan cumhuriyete ge\u00e7i\u015f a\u015famalar\u0131nda ya\u015fanan k\u00f6kl\u00fc de\u011fi\u015fikliklere, verilen kritik kararlara kimi zaman tan\u0131kl\u0131k kimi zaman<span class=\"excerpt-hellip\"> [\u2026]<\/span><\/p>\n","protected":false},"featured_media":0,"template":"","meta":{"_monsterinsights_skip_tracking":false,"_monsterinsights_sitenote_active":false,"_monsterinsights_sitenote_note":"","_monsterinsights_sitenote_category":0},"product_brand":[],"product_cat":[13701,12291],"product_tag":[],"class_list":{"0":"post-773017","1":"product","2":"type-product","3":"status-publish","5":"product_cat-ani-mektup-gunluk","6":"product_cat-edebiyat","7":"pa_cilt-ciltsiz","8":"pa_tur-kitap","9":"pa_yayinevi-kirmizi-kedi-yayinevi","10":"pa_yazar-ali-yalman","12":"first","13":"instock","14":"sale","15":"shipping-taxable","16":"purchasable","17":"product-type-simple"},"_links":{"self":[{"href":"https:\/\/roveyayinevi.com.tr\/index.php\/wp-json\/wp\/v2\/product\/773017","targetHints":{"allow":["GET"]}}],"collection":[{"href":"https:\/\/roveyayinevi.com.tr\/index.php\/wp-json\/wp\/v2\/product"}],"about":[{"href":"https:\/\/roveyayinevi.com.tr\/index.php\/wp-json\/wp\/v2\/types\/product"}],"wp:attachment":[{"href":"https:\/\/roveyayinevi.com.tr\/index.php\/wp-json\/wp\/v2\/media?parent=773017"}],"wp:term":[{"taxonomy":"product_brand","embeddable":true,"href":"https:\/\/roveyayinevi.com.tr\/index.php\/wp-json\/wp\/v2\/product_brand?post=773017"},{"taxonomy":"product_cat","embeddable":true,"href":"https:\/\/roveyayinevi.com.tr\/index.php\/wp-json\/wp\/v2\/product_cat?post=773017"},{"taxonomy":"product_tag","embeddable":true,"href":"https:\/\/roveyayinevi.com.tr\/index.php\/wp-json\/wp\/v2\/product_tag?post=773017"}],"curies":[{"name":"wp","href":"https:\/\/api.w.org\/{rel}","templated":true}]}}