{"id":773016,"date":"2025-08-28T16:00:43","date_gmt":"2025-08-28T13:00:43","guid":{"rendered":"https:\/\/roveyayinevi.com.tr\/index.php\/urun\/eger-pesinden-gelirsem-1-hediyeli-kutu-ciltli\/"},"modified":"2026-04-15T03:39:19","modified_gmt":"2026-04-15T00:39:19","slug":"eger-pesinden-gelirsem-1-hediyeli-kutu-ciltli","status":"publish","type":"product","link":"https:\/\/roveyayinevi.com.tr\/index.php\/urun\/eger-pesinden-gelirsem-1-hediyeli-kutu-ciltli\/","title":{"rendered":"E\u011fer Pe\u015finden Gelirsem 1 \u2013 (Hediyeli Kutu &#8211; Ciltli)"},"content":{"rendered":"<p>\u0130\u00e7indekiler: E\u011fer Pe\u015finden Gelirsem 1 \u2013 (Ciltli) \u015eeffaf Ayra\u00e7 \u00d6zel Kesim Ayra\u00e7 Defter Poster<\/p>\n","protected":false},"excerpt":{"rendered":"<p>\u0130\u00e7indekiler: E\u011fer Pe\u015finden Gelirsem 1 \u2013 (Ciltli) \u015eeffaf Ayra\u00e7 \u00d6zel Kesim Ayra\u00e7 Defter Poster<\/p>\n","protected":false},"featured_media":0,"template":"","meta":{"_monsterinsights_skip_tracking":false,"_monsterinsights_sitenote_active":false,"_monsterinsights_sitenote_note":"","_monsterinsights_sitenote_category":0},"product_brand":[],"product_cat":[12291,12711],"product_tag":[],"class_list":{"0":"post-773016","1":"product","2":"type-product","3":"status-publish","5":"product_cat-edebiyat","6":"product_cat-roman-oyku","7":"pa_cilt-ciltli","8":"pa_tur-kitap","9":"pa_yayinevi-guardian","10":"pa_yazar-emre-gul","12":"first","13":"instock","14":"sale","15":"shipping-taxable","16":"purchasable","17":"product-type-simple"},"_links":{"self":[{"href":"https:\/\/roveyayinevi.com.tr\/index.php\/wp-json\/wp\/v2\/product\/773016","targetHints":{"allow":["GET"]}}],"collection":[{"href":"https:\/\/roveyayinevi.com.tr\/index.php\/wp-json\/wp\/v2\/product"}],"about":[{"href":"https:\/\/roveyayinevi.com.tr\/index.php\/wp-json\/wp\/v2\/types\/product"}],"wp:attachment":[{"href":"https:\/\/roveyayinevi.com.tr\/index.php\/wp-json\/wp\/v2\/media?parent=773016"}],"wp:term":[{"taxonomy":"product_brand","embeddable":true,"href":"https:\/\/roveyayinevi.com.tr\/index.php\/wp-json\/wp\/v2\/product_brand?post=773016"},{"taxonomy":"product_cat","embeddable":true,"href":"https:\/\/roveyayinevi.com.tr\/index.php\/wp-json\/wp\/v2\/product_cat?post=773016"},{"taxonomy":"product_tag","embeddable":true,"href":"https:\/\/roveyayinevi.com.tr\/index.php\/wp-json\/wp\/v2\/product_tag?post=773016"}],"curies":[{"name":"wp","href":"https:\/\/api.w.org\/{rel}","templated":true}]}}