{"id":773015,"date":"2025-08-28T16:00:40","date_gmt":"2025-08-28T13:00:40","guid":{"rendered":"https:\/\/roveyayinevi.com.tr\/index.php\/urun\/eger-pesinden-gelirsem-1\/"},"modified":"2026-04-13T03:35:24","modified_gmt":"2026-04-13T00:35:24","slug":"eger-pesinden-gelirsem-1","status":"publish","type":"product","link":"https:\/\/roveyayinevi.com.tr\/index.php\/urun\/eger-pesinden-gelirsem-1\/","title":{"rendered":"E\u011fer Pe\u015finden Gelirsem 1"},"content":{"rendered":"<p>\u201cE\u011fer pe\u015fimden gelirsen geri d\u00f6nemezsin, demi\u015ftin bana. O g\u00fcn seni dinlemeliydim.\u201d Kimsesizli\u011fe do\u011fan Armin Y\u00fccel, ge\u00e7mi\u015finden ka\u00e7arken en b\u00fcy\u00fck hayali u\u011fruna y\u0131llarca para biriktirir fakat erkek arkada\u015f\u0131 taraf\u0131ndan doland\u0131r\u0131l\u0131p her \u015feyini kaybeder. Hayat\u0131na son vermek istedi\u011fi gece kar\u015f\u0131s\u0131na \u00e7\u0131kan yabanc\u0131, onu \u00f6l\u00fcm\u00fcn k\u0131y\u0131s\u0131ndan \u00e7ekip kurtar\u0131r. Bir h\u0131rs\u0131z \u00e7etesi lideri olan Saruhan Kalayc\u0131, kaybetti\u011fi her \u015feyin intikam\u0131n\u0131 almaya yeminliyken Armin\u2019in s\u0131rlar\u0131, bir sava\u015f ba\u015flatmak \u00fczeredir. Zira baz\u0131 s\u0131rlar, kanl\u0131 bir sava\u015f\u0131n mutlak kaderini yazar. Bu sava\u015fta at\u0131lan her ad\u0131m insan\u0131 \u00f6zg\u00fcrl\u00fc\u011fe, her s\u00f6z ihanete ve tek bir his \u00f6l\u00fcme s\u00fcr\u00fckler. Ve bazen\u2026 Pe\u015finden gitti\u011fin ki\u015fi, en b\u00fcy\u00fck y\u0131k\u0131m\u0131n olur. Kar\u015f\u0131lar\u0131nda sessizce \u015fehirleri zehirleyen bir su\u00e7 imparatorlu\u011fu vard\u0131. Kimsesizlerin cellad\u0131. \u015eah\u2026 Mat. Bu hik\u00e2yede ne kurallar var ne de g\u00fcven. \u0130kinci \u015fanslara yer yok. Sadece sava\u015f ve kan. Not: Yeti\u015fkin okurlar i\u00e7indir.<\/p>\n","protected":false},"excerpt":{"rendered":"<p>\u201cE\u011fer pe\u015fimden gelirsen geri d\u00f6nemezsin, demi\u015ftin bana. O g\u00fcn seni dinlemeliydim.\u201d Kimsesizli\u011fe do\u011fan Armin Y\u00fccel, ge\u00e7mi\u015finden ka\u00e7arken en b\u00fcy\u00fck hayali u\u011fruna y\u0131llarca para biriktirir fakat erkek<span class=\"excerpt-hellip\"> [\u2026]<\/span><\/p>\n","protected":false},"featured_media":0,"template":"","meta":{"_monsterinsights_skip_tracking":false,"_monsterinsights_sitenote_active":false,"_monsterinsights_sitenote_note":"","_monsterinsights_sitenote_category":0},"product_brand":[],"product_cat":[12291,12711],"product_tag":[],"class_list":{"0":"post-773015","1":"product","2":"type-product","3":"status-publish","5":"product_cat-edebiyat","6":"product_cat-roman-oyku","7":"pa_cilt-ciltsiz","8":"pa_tur-kitap","9":"pa_yayinevi-guardian","10":"pa_yazar-emre-gul","12":"first","13":"instock","14":"sale","15":"shipping-taxable","16":"purchasable","17":"product-type-simple"},"_links":{"self":[{"href":"https:\/\/roveyayinevi.com.tr\/index.php\/wp-json\/wp\/v2\/product\/773015","targetHints":{"allow":["GET"]}}],"collection":[{"href":"https:\/\/roveyayinevi.com.tr\/index.php\/wp-json\/wp\/v2\/product"}],"about":[{"href":"https:\/\/roveyayinevi.com.tr\/index.php\/wp-json\/wp\/v2\/types\/product"}],"wp:attachment":[{"href":"https:\/\/roveyayinevi.com.tr\/index.php\/wp-json\/wp\/v2\/media?parent=773015"}],"wp:term":[{"taxonomy":"product_brand","embeddable":true,"href":"https:\/\/roveyayinevi.com.tr\/index.php\/wp-json\/wp\/v2\/product_brand?post=773015"},{"taxonomy":"product_cat","embeddable":true,"href":"https:\/\/roveyayinevi.com.tr\/index.php\/wp-json\/wp\/v2\/product_cat?post=773015"},{"taxonomy":"product_tag","embeddable":true,"href":"https:\/\/roveyayinevi.com.tr\/index.php\/wp-json\/wp\/v2\/product_tag?post=773015"}],"curies":[{"name":"wp","href":"https:\/\/api.w.org\/{rel}","templated":true}]}}