{"id":773009,"date":"2025-08-28T16:00:26","date_gmt":"2025-08-28T13:00:26","guid":{"rendered":"https:\/\/roveyayinevi.com.tr\/index.php\/urun\/gerisi-sessizlik\/"},"modified":"2026-04-15T03:39:19","modified_gmt":"2026-04-15T00:39:19","slug":"gerisi-sessizlik","status":"publish","type":"product","link":"https:\/\/roveyayinevi.com.tr\/index.php\/urun\/gerisi-sessizlik\/","title":{"rendered":"Gerisi Sessizlik"},"content":{"rendered":"<p>Ne kadar derine inebilir, Karanl\u0131\u011fa ne kadar katlanabilirsin? Onay, ilgi, \u00f6vg\u00fc olmadan ka\u00e7 ad\u0131m atabilirsin? Hepsini ve her \u015feyi hat\u0131rlamaya cesaret edebildi\u011fim kadar hassas oldu\u011fumu kabul etti\u011fimde, yukar\u0131daki sorulara cevab\u0131m \u201csonuna ve sonsuza dek\u201d olacakt\u0131r.  Paris\u2019te bir ak\u015famdan \u0130talya\u2019da bir temmuz \u00f6\u011fleden sonras\u0131na, Maya Angelou\u2019dan Gabrielle Chanel\u2019e, Patricia Highsmith\u2019den  Paolo Sorrentino\u2019ya&#8230;  Efe Aydar hayat\u0131n hem en s\u0131radan hem de en ola\u011fan\u00fcst\u00fc anlar\u0131n\u0131 anlat\u0131rken ba\u015far\u0131 hik\u00e2yelerinin parlat\u0131lm\u0131\u015f vitrinini k\u0131r\u0131p, ba\u015far\u0131s\u0131zl\u0131klar\u0131n, yaln\u0131zl\u0131klar\u0131n, k\u0131r\u0131lganl\u0131klar\u0131n ve k\u00fc\u00e7\u00fck mucizelerin pe\u015fine d\u00fc\u015f\u00fcyor. Gerisi Sessizlik, kendine \u00f6zg\u00fc ritmi ve sars\u0131c\u0131 bak\u0131\u015f a\u00e7\u0131s\u0131yla; edebiyatla, m\u00fczikle, sanatla ve ya\u015fam\u0131n i\u00e7lid\u0131\u015fl\u0131 tuhafl\u0131klar\u0131yla \u00f6r\u00fcl\u00fc, ayk\u0131r\u0131 bir anlat\u0131 sunuyor. <\/p>\n","protected":false},"excerpt":{"rendered":"<p>Ne kadar derine inebilir, Karanl\u0131\u011fa ne kadar katlanabilirsin? Onay, ilgi, \u00f6vg\u00fc olmadan ka\u00e7 ad\u0131m atabilirsin? Hepsini ve her \u015feyi hat\u0131rlamaya cesaret edebildi\u011fim kadar hassas oldu\u011fumu kabul<span class=\"excerpt-hellip\"> [\u2026]<\/span><\/p>\n","protected":false},"featured_media":0,"template":"","meta":{"_monsterinsights_skip_tracking":false,"_monsterinsights_sitenote_active":false,"_monsterinsights_sitenote_note":"","_monsterinsights_sitenote_category":0},"product_brand":[],"product_cat":[12777,12291],"product_tag":[],"class_list":{"0":"post-773009","1":"product","2":"type-product","3":"status-publish","5":"product_cat-deneme","6":"product_cat-edebiyat","7":"pa_cilt-ciltsiz","8":"pa_tur-kitap","9":"pa_yayinevi-dogan-solibri-yayinlari","10":"pa_yazar-efe-aydar","12":"first","13":"instock","14":"sale","15":"shipping-taxable","16":"purchasable","17":"product-type-simple"},"_links":{"self":[{"href":"https:\/\/roveyayinevi.com.tr\/index.php\/wp-json\/wp\/v2\/product\/773009","targetHints":{"allow":["GET"]}}],"collection":[{"href":"https:\/\/roveyayinevi.com.tr\/index.php\/wp-json\/wp\/v2\/product"}],"about":[{"href":"https:\/\/roveyayinevi.com.tr\/index.php\/wp-json\/wp\/v2\/types\/product"}],"wp:attachment":[{"href":"https:\/\/roveyayinevi.com.tr\/index.php\/wp-json\/wp\/v2\/media?parent=773009"}],"wp:term":[{"taxonomy":"product_brand","embeddable":true,"href":"https:\/\/roveyayinevi.com.tr\/index.php\/wp-json\/wp\/v2\/product_brand?post=773009"},{"taxonomy":"product_cat","embeddable":true,"href":"https:\/\/roveyayinevi.com.tr\/index.php\/wp-json\/wp\/v2\/product_cat?post=773009"},{"taxonomy":"product_tag","embeddable":true,"href":"https:\/\/roveyayinevi.com.tr\/index.php\/wp-json\/wp\/v2\/product_tag?post=773009"}],"curies":[{"name":"wp","href":"https:\/\/api.w.org\/{rel}","templated":true}]}}