{"id":773006,"date":"2025-08-28T16:00:21","date_gmt":"2025-08-28T13:00:21","guid":{"rendered":"https:\/\/roveyayinevi.com.tr\/index.php\/urun\/moriarty-the-patriot-vatansever-moriarty-3\/"},"modified":"2026-04-15T03:39:19","modified_gmt":"2026-04-15T00:39:19","slug":"moriarty-the-patriot-vatansever-moriarty-3","status":"publish","type":"product","link":"https:\/\/roveyayinevi.com.tr\/index.php\/urun\/moriarty-the-patriot-vatansever-moriarty-3\/","title":{"rendered":"Moriarty the Patriot -Vatansever Moriarty 3"},"content":{"rendered":"<p>Sherlock, Londra Metropolitan Polis te\u015fkilat\u0131 taraf\u0131ndan Kont Drebber\u2019\u0131 \u00f6ld\u00fcrmekle su\u00e7lan\u0131r, fakat cinayeti i\u015fleyen o de\u011fildir. Bunun \u00fczerine cinayetin arkas\u0131ndaki ki\u015fiyi ortaya \u00e7\u0131karmak i\u00e7in olay\u0131 ara\u015ft\u0131rmaya koyulur. B\u00fcy\u00fck Britanya \u0130mparatorlu\u011fu\u2019nun karanl\u0131k y\u00fcz\u00fcne \u0131\u015f\u0131k tutacak zeki dedektifin ortaya \u00e7\u0131k\u0131\u015f\u0131yla William\u2019\u0131n \u201cplan\u0131\u201d yeni bir boyut kazan\u0131r. <\/p>\n","protected":false},"excerpt":{"rendered":"<p>Sherlock, Londra Metropolitan Polis te\u015fkilat\u0131 taraf\u0131ndan Kont Drebber\u2019\u0131 \u00f6ld\u00fcrmekle su\u00e7lan\u0131r, fakat cinayeti i\u015fleyen o de\u011fildir. Bunun \u00fczerine cinayetin arkas\u0131ndaki ki\u015fiyi ortaya \u00e7\u0131karmak i\u00e7in olay\u0131 ara\u015ft\u0131rmaya koyulur.<span class=\"excerpt-hellip\"> [\u2026]<\/span><\/p>\n","protected":false},"featured_media":0,"template":"","meta":{"_monsterinsights_skip_tracking":false,"_monsterinsights_sitenote_active":false,"_monsterinsights_sitenote_note":"","_monsterinsights_sitenote_category":0},"product_brand":[],"product_cat":[12416,12291],"product_tag":[],"class_list":{"0":"post-773006","1":"product","2":"type-product","3":"status-publish","5":"product_cat-cizgi-roman","6":"product_cat-edebiyat","7":"pa_cilt-ciltsiz","8":"pa_tur-kitap","9":"pa_yayinevi-kurukafa","10":"pa_yazar-ryosuke-takeuchi","12":"first","13":"instock","14":"sale","15":"shipping-taxable","16":"purchasable","17":"product-type-simple"},"_links":{"self":[{"href":"https:\/\/roveyayinevi.com.tr\/index.php\/wp-json\/wp\/v2\/product\/773006","targetHints":{"allow":["GET"]}}],"collection":[{"href":"https:\/\/roveyayinevi.com.tr\/index.php\/wp-json\/wp\/v2\/product"}],"about":[{"href":"https:\/\/roveyayinevi.com.tr\/index.php\/wp-json\/wp\/v2\/types\/product"}],"wp:attachment":[{"href":"https:\/\/roveyayinevi.com.tr\/index.php\/wp-json\/wp\/v2\/media?parent=773006"}],"wp:term":[{"taxonomy":"product_brand","embeddable":true,"href":"https:\/\/roveyayinevi.com.tr\/index.php\/wp-json\/wp\/v2\/product_brand?post=773006"},{"taxonomy":"product_cat","embeddable":true,"href":"https:\/\/roveyayinevi.com.tr\/index.php\/wp-json\/wp\/v2\/product_cat?post=773006"},{"taxonomy":"product_tag","embeddable":true,"href":"https:\/\/roveyayinevi.com.tr\/index.php\/wp-json\/wp\/v2\/product_tag?post=773006"}],"curies":[{"name":"wp","href":"https:\/\/api.w.org\/{rel}","templated":true}]}}