{"id":773005,"date":"2025-08-28T16:00:20","date_gmt":"2025-08-28T13:00:20","guid":{"rendered":"https:\/\/roveyayinevi.com.tr\/index.php\/urun\/adan-zye-nutrasotikler-2\/"},"modified":"2026-04-15T03:39:19","modified_gmt":"2026-04-15T00:39:19","slug":"adan-zye-nutrasotikler-2","status":"publish","type":"product","link":"https:\/\/roveyayinevi.com.tr\/index.php\/urun\/adan-zye-nutrasotikler-2\/","title":{"rendered":"A\u2019dan Z\u2019ye Nutras\u00f6tikler 2"},"content":{"rendered":"<p>G\u0131dalar\u0131n zamanla insan organizmas\u0131nda t\u0131bbi etkiler g\u00f6sterebilece\u011fi y\u00f6n\u00fcndeki yakla\u015f\u0131m\u0131, Hipokrat\u2019\u0131n \u201cBesinler ilac\u0131n\u0131z, ilac\u0131n\u0131z besininiz olsun\u201d s\u00f6zlerinde de g\u00f6rmek m\u00fcmk\u00fcnd\u00fcr. Bununla birlikte, i\u00e7inde bulundu\u011fumuz bu zamanda \u00e7evresel kirlenmenin artmas\u0131, tar\u0131msal \u00fcretimde kullan\u0131lan zararl\u0131 tar\u0131m ila\u00e7lar\u0131 gibi \u00e7e\u015fitli nedenlerle, sa\u011fl\u0131kl\u0131 besine ula\u015f\u0131m g\u00fc\u00e7le\u015fiyor ve ihtiyac\u0131m\u0131z olan baz\u0131 faydal\u0131 maddeleri sadece beslenerek sa\u011flayam\u0131yoruz. Di\u011fer yandan, v\u00fccudumuzdaki fizyolojik i\u015flevleri geli\u015ftirecek, bizi daha zinde ve sa\u011fl\u0131kl\u0131 tutacak, hastal\u0131k riskini azaltabilecek g\u0131da ve benzeri \u00fcr\u00fcnlerin aray\u0131\u015f\u0131nday\u0131z ama bu konuda b\u00fcy\u00fck bir bilgi kirlili\u011finin oldu\u011fu da unutulmamal\u0131d\u0131r. Fonksiyonel g\u0131dalara m\u0131 y\u00f6nelece\u011fiz yoksa g\u0131da takviyelerini mi kullanaca\u011f\u0131z ya da nutras\u00f6tiklerden mi yararlanmal\u0131y\u0131z; bunlar\u0131 nas\u0131l se\u00e7ece\u011fiz gibi sorular\u0131n yan\u0131tlar\u0131n\u0131n asl\u0131nda bilinmedi\u011fini fark ettik. Toplum taraf\u0131ndan do\u011fru tan\u0131m\u0131yla bilinmeyen nutras\u00f6tikler, fonksiyonel g\u0131dalar ve g\u0131da takviyelerinden farkl\u0131 olarak g\u0131dalardaki biyoaktif bile\u015fiklerin toz, tablet, kaps\u00fcl, sol\u00fcsyon gibi farkl\u0131 dozaj formlar\u0131 haline getirilmesiyle haz\u0131rlanan, biyolojik etkileri kan\u0131tlanm\u0131\u015f, hastal\u0131klara kar\u015f\u0131 koruma ve tedavi deste\u011fi sa\u011flayan \u00fcr\u00fcnlerdir. Bu kitapla, izole edilmi\u015f bile\u015fenlerden i\u015flenmi\u015f g\u0131dalara, fonksiyonel g\u0131dalardan bitkisel \u00fcr\u00fcnlere ve g\u0131da takviyelerine kadar bir\u00e7ok \u00fcr\u00fcn\u00fc ifade etmek i\u00e7in yanl\u0131\u015f bir \u015fekilde kullan\u0131lan nutras\u00f6tik terimini, \u201cg\u0131dalarda bulunan etkili maddelerin saf olarak elde edilip ila\u00e7 formunda sunulmas\u0131\u201d olarak tan\u0131mlayarak bu \u00fcr\u00fcnler konusunda hekimler ve eczac\u0131lar ba\u015fta olmak \u00fczere t\u00fcm sa\u011fl\u0131k \u00e7al\u0131\u015fanlar\u0131na ve topluma, toplum sa\u011fl\u0131\u011f\u0131na, bilimsel literat\u00fcrlere dayal\u0131 bilgilerin sade bir dille aktar\u0131ld\u0131\u011f\u0131 kolay anla\u015f\u0131l\u0131r bir rehber haz\u0131rlamak suretiyle katk\u0131 sunmak istedik. \u0130ki cilt olarak haz\u0131rlanan kitab\u0131m\u0131zda g\u00fcncel 84 nutras\u00f6tik ile ilgili bilimsel temellere dayal\u0131 bilgiler, yap\u0131lar\u0131 ve genel \u00f6zelliklerinin yan\u0131nda g\u0131dalarda bulunma oranlar\u0131, kaynaklar\u0131 ve elde edili\u015f y\u00f6ntemleri, etkileri ve kullan\u0131l\u0131\u015flar\u0131, doz ve uygulama \u015fekli, doz a\u015f\u0131m\u0131, klinik \u00e7al\u0131\u015fmalar, g\u00fcvenlilik ve toksisite, yan etkileri, bitkilerle ve ila\u00e7larla etkile\u015fimleri, uyar\u0131lar ve saklama alt ba\u015fl\u0131klar\u0131 alt\u0131nda okuyucular\u0131m\u0131z\u0131n bilgisine sunulmu\u015ftur. Rehber olmas\u0131 dile\u011fi ile&#8230;<\/p>\n","protected":false},"excerpt":{"rendered":"<p>G\u0131dalar\u0131n zamanla insan organizmas\u0131nda t\u0131bbi etkiler g\u00f6sterebilece\u011fi y\u00f6n\u00fcndeki yakla\u015f\u0131m\u0131, Hipokrat\u2019\u0131n \u201cBesinler ilac\u0131n\u0131z, ilac\u0131n\u0131z besininiz olsun\u201d s\u00f6zlerinde de g\u00f6rmek m\u00fcmk\u00fcnd\u00fcr. Bununla birlikte, i\u00e7inde bulundu\u011fumuz bu zamanda \u00e7evresel<span class=\"excerpt-hellip\"> [\u2026]<\/span><\/p>\n","protected":false},"featured_media":0,"template":"","meta":{"_monsterinsights_skip_tracking":false,"_monsterinsights_sitenote_active":false,"_monsterinsights_sitenote_note":"","_monsterinsights_sitenote_category":0},"product_brand":[],"product_cat":[13397,13365],"product_tag":[],"class_list":{"0":"post-773005","1":"product","2":"type-product","3":"status-publish","5":"product_cat-alternatif-tip-sifali-bitkiler","6":"product_cat-saglik","7":"pa_cilt-ciltsiz","8":"pa_tur-kitap","9":"pa_yayinevi-hayykitap","10":"pa_yazar-kolektif","12":"first","13":"instock","14":"sale","15":"shipping-taxable","16":"purchasable","17":"product-type-simple"},"_links":{"self":[{"href":"https:\/\/roveyayinevi.com.tr\/index.php\/wp-json\/wp\/v2\/product\/773005","targetHints":{"allow":["GET"]}}],"collection":[{"href":"https:\/\/roveyayinevi.com.tr\/index.php\/wp-json\/wp\/v2\/product"}],"about":[{"href":"https:\/\/roveyayinevi.com.tr\/index.php\/wp-json\/wp\/v2\/types\/product"}],"wp:attachment":[{"href":"https:\/\/roveyayinevi.com.tr\/index.php\/wp-json\/wp\/v2\/media?parent=773005"}],"wp:term":[{"taxonomy":"product_brand","embeddable":true,"href":"https:\/\/roveyayinevi.com.tr\/index.php\/wp-json\/wp\/v2\/product_brand?post=773005"},{"taxonomy":"product_cat","embeddable":true,"href":"https:\/\/roveyayinevi.com.tr\/index.php\/wp-json\/wp\/v2\/product_cat?post=773005"},{"taxonomy":"product_tag","embeddable":true,"href":"https:\/\/roveyayinevi.com.tr\/index.php\/wp-json\/wp\/v2\/product_tag?post=773005"}],"curies":[{"name":"wp","href":"https:\/\/api.w.org\/{rel}","templated":true}]}}