{"id":773004,"date":"2025-08-28T16:00:18","date_gmt":"2025-08-28T13:00:18","guid":{"rendered":"https:\/\/roveyayinevi.com.tr\/index.php\/urun\/col-ittifaki-yuzbasi-shakespear-ve-ibn-i-suud\/"},"modified":"2026-04-15T03:39:19","modified_gmt":"2026-04-15T00:39:19","slug":"col-ittifaki-yuzbasi-shakespear-ve-ibn-i-suud","status":"publish","type":"product","link":"https:\/\/roveyayinevi.com.tr\/index.php\/urun\/col-ittifaki-yuzbasi-shakespear-ve-ibn-i-suud\/","title":{"rendered":"\u00c7\u00f6l \u0130ttifak\u0131: Y\u00fczba\u015f\u0131 Shakespear Ve \u0130bn-\u0130 Suud"},"content":{"rendered":"<p>\u00c7\u00f6l \u0130ttifak\u0131: Y\u00fczba\u015f\u0131 Shakespear ve \u0130bn-i Suud Kuveyt\u2019teki siyasi temsilci Y\u00fczba\u015f\u0131 W. H. I. Shakespear, sahadaki adam olarak, Ortado\u011fu\u2019yu (spesifik olarak K\u00f6rfez b\u00f6lgesi ve Arap Yar\u0131madas\u0131n\u0131) yak\u0131ndan ve dolays\u0131z inceleyerek, \u0130ngiltere\u2019nin b\u00f6lgeye y\u00f6nelik stratejik ve\/veya politik kararlar almas\u0131nda ve al\u0131nan kararlar\u0131n uygulanmas\u0131nda etkili olmu\u015ftur. Bu noktada Y\u00fczba\u015f\u0131 Shakespear, rekabet ve meydan okumalar\u0131n artt\u0131\u011f\u0131 b\u00f6lgesel d\u00fczende bilgi, beceri, tecr\u00fcbe ve ki\u015fisel dostluklar\u0131n\u0131 kullanarak, \u0130ngiltere\u2019nin emperyalist\/s\u00f6m\u00fcrge \u00e7\u0131karlar\u0131n\u0131 korumaya \u00e7al\u0131\u015fm\u0131\u015f ve bu do\u011frultuda aktif faaliyetler y\u00fcr\u00fctm\u00fc\u015ft\u00fcr. Dr. Samet Y\u00fcce, kitab\u0131nda birincil kaynaklara dayanarak Y\u00fczba\u015f\u0131 Shakespear\u2019in b\u00f6lgesel faaliyetlerini ve kabile liderleriyle ili\u015fkilerini derinlemesine incelemi\u015f; \u00f6zellikle \u0130ngiltere\u2019nin Shakespear arac\u0131l\u0131\u011f\u0131yla Abd\u00fclaziz b. Suud ile kurdu\u011fu ittifak ili\u015fkisini analiz etmi\u015ftir. Bu ba\u011flamda kitap, \u0130ngiltere-Osmanl\u0131 Devleti ili\u015fkilerini, Y\u00fczba\u015f\u0131 Shakespear\u2019in b\u00f6lgedeki yerel liderlere deste\u011fini, \u0130bn-i Suud\u2019un yerel liderlerle\/rakipleriyle m\u00fccadelesini ve b\u00f6lgedeki siyasi de\u011fi\u015fimin k\u00f6k unsurlar\u0131n\u0131 teorik bir perspektiften a\u00e7\u0131klamaktad\u0131r     \u0130\u00e7indekiler :     B\u0130R\u0130NC\u0130 B\u00d6L\u00dcM: ULUSLARARASI \u0130L\u0130\u015eK\u0130LER VE TEOR\u0130K YAKLA\u015eIM       \u0130K\u0130NC\u0130 B\u00d6L\u00dcM: SAHADAK\u0130 ADAM: Y\u00dcZBA\u015eI W. H. I. SHAKESPEAR   \u00dc\u00c7\u00dcNC\u00dc B\u00d6L\u00dcM:  \u0130NG\u0130LTERE\u2019N\u0130N K\u00d6RFEZ B\u00d6LGES\u0130 VE ARAP YARIMADASI POL\u0130T\u0130KASI VE Y\u00dcZBA\u015eI SHAKESPEAR\u2019\u0130N FAAL\u0130YETLER\u0130   D\u00d6RD\u00dcNC\u00dc B\u00d6L\u00dcM: \u0130BN-\u0130 SUUD\u2019UN Y\u00dcKSEL\u0130\u015e\u0130   BE\u015e\u0130NC\u0130 B\u00d6L\u00dcM: B\u0130R\u0130NC\u0130 D\u00dcNYA SAVA\u015eI \u00d6NCES\u0130 VE SONRASINDA \u0130NG\u0130LTERE\u2019N\u0130N ORTADO\u011eU STRATEJ\u0130LER\u0130 VE Y\u00dcZBA\u015eI SHAKESPEAR\u2019\u0130N \u00d6L\u00dcM\u00dc <\/p>\n","protected":false},"excerpt":{"rendered":"<p>\u00c7\u00f6l \u0130ttifak\u0131: Y\u00fczba\u015f\u0131 Shakespear ve \u0130bn-i Suud Kuveyt\u2019teki siyasi temsilci Y\u00fczba\u015f\u0131 W. H. I. Shakespear, sahadaki adam olarak, Ortado\u011fu\u2019yu (spesifik olarak K\u00f6rfez b\u00f6lgesi ve Arap Yar\u0131madas\u0131n\u0131)<span class=\"excerpt-hellip\"> [\u2026]<\/span><\/p>\n","protected":false},"featured_media":0,"template":"","meta":{"_monsterinsights_skip_tracking":false,"_monsterinsights_sitenote_active":false,"_monsterinsights_sitenote_note":"","_monsterinsights_sitenote_category":0},"product_brand":[],"product_cat":[13005,40995],"product_tag":[],"class_list":{"0":"post-773004","1":"product","2":"type-product","3":"status-publish","5":"product_cat-bilim-muhendislik","6":"product_cat-sosyal-bilimler","7":"pa_cilt-ciltsiz","8":"pa_tur-kitap","9":"pa_yayinevi-gazi-kitabevi","10":"pa_yazar-samet-yuce","12":"first","13":"instock","14":"sale","15":"shipping-taxable","16":"purchasable","17":"product-type-simple"},"_links":{"self":[{"href":"https:\/\/roveyayinevi.com.tr\/index.php\/wp-json\/wp\/v2\/product\/773004","targetHints":{"allow":["GET"]}}],"collection":[{"href":"https:\/\/roveyayinevi.com.tr\/index.php\/wp-json\/wp\/v2\/product"}],"about":[{"href":"https:\/\/roveyayinevi.com.tr\/index.php\/wp-json\/wp\/v2\/types\/product"}],"wp:attachment":[{"href":"https:\/\/roveyayinevi.com.tr\/index.php\/wp-json\/wp\/v2\/media?parent=773004"}],"wp:term":[{"taxonomy":"product_brand","embeddable":true,"href":"https:\/\/roveyayinevi.com.tr\/index.php\/wp-json\/wp\/v2\/product_brand?post=773004"},{"taxonomy":"product_cat","embeddable":true,"href":"https:\/\/roveyayinevi.com.tr\/index.php\/wp-json\/wp\/v2\/product_cat?post=773004"},{"taxonomy":"product_tag","embeddable":true,"href":"https:\/\/roveyayinevi.com.tr\/index.php\/wp-json\/wp\/v2\/product_tag?post=773004"}],"curies":[{"name":"wp","href":"https:\/\/api.w.org\/{rel}","templated":true}]}}